{"id":96537,"date":"2021-02-21T22:07:28","date_gmt":"2021-02-21T22:07:28","guid":{"rendered":"https:\/\/www.autonvaraosahaku.fi\/?product=ridex-3926a0146-ilmamassamittari"},"modified":"2021-02-21T22:07:32","modified_gmt":"2021-02-21T22:07:32","slug":"ridex-3926a0146-ilmamassamittari","status":"publish","type":"product","link":"https:\/\/www.autonvaraosahaku.fi\/?product=ridex-3926a0146-ilmamassamittari","title":{"rendered":"RIDEX 3926A0146 Ilmamassamittari"},"content":{"rendered":"<p>Kotelomalli: Kopalla; J\u00e4nnite (V): 12; Napojen m\u00e4\u00e4r\u00e4: 5; Ulostulon l\u00e4pimitta [mm]: 70; Sis\u00e4\u00e4ntulol\u00e4pimitta [mm]: 70; Moottorinumero: A 17 DTR; OPEL: CORSA D,ZAFIRA B A05,ASTRA H Caravan L35,ASTRA H L48,ASTRA H GTC L08,ZAFIRA B Van,ASTRA H Stufenheck L69,ASTRA H Kasten L70,ASTRA CLASSIC Caravan,ASTRA CLASSIC L48,ASTRA CLASSIC Stufenheck; VAUXHALL: CORSA Mk III D L_8,ZAFIRA Mk II B M75,ASTRA Mk V H CC,ASTRA Mk V H Estate,ASTRAVAN Mk V H; 836651, 93188724, 93188724; Ilmam\u00e4\u00e4r\u00e4mittari,MAF Anturi<\/p>\n","protected":false},"excerpt":{"rendered":"<p>RIDEX Ilmamassamittari 3926A0146 Ilmam\u00e4\u00e4r\u00e4mittari,MAF Anturi OPEL,VAUXHALL,CORSA D,ZAFIRA B A05,ASTRA H Caravan L35,ASTRA H L48,ASTRA H GTC L08<\/p>\n","protected":false},"featured_media":0,"template":"","meta":{"site-sidebar-layout":"default","site-content-layout":"default","ast-global-header-display":"","ast-main-header-display":"","ast-hfb-above-header-display":"","ast-hfb-below-header-display":"","ast-hfb-mobile-header-display":"","site-post-title":"","ast-breadcrumbs-content":"","ast-featured-img":"","footer-sml-layout":"","theme-transparent-header-meta":"","adv-header-id-meta":"","stick-header-meta":"","header-above-stick-meta":"","header-main-stick-meta":"","header-below-stick-meta":""},"pwb-brand":[157],"product_cat":[270],"product_tag":[],"class_list":{"0":"post-96537","1":"product","2":"type-product","3":"status-publish","5":"pwb-brand-ridex","6":"product_cat-ilmamassamittari","7":"desktop-align-left","8":"tablet-align-left","9":"mobile-align-left","11":"first","12":"instock","13":"product-type-external"},"brands":[{"id":157,"name":"RIDEX","slug":"ridex"}],"_links":{"self":[{"href":"https:\/\/www.autonvaraosahaku.fi\/index.php?rest_route=\/wp\/v2\/product\/96537","targetHints":{"allow":["GET"]}}],"collection":[{"href":"https:\/\/www.autonvaraosahaku.fi\/index.php?rest_route=\/wp\/v2\/product"}],"about":[{"href":"https:\/\/www.autonvaraosahaku.fi\/index.php?rest_route=\/wp\/v2\/types\/product"}],"wp:attachment":[{"href":"https:\/\/www.autonvaraosahaku.fi\/index.php?rest_route=%2Fwp%2Fv2%2Fmedia&parent=96537"}],"wp:term":[{"taxonomy":"pwb-brand","embeddable":true,"href":"https:\/\/www.autonvaraosahaku.fi\/index.php?rest_route=%2Fwp%2Fv2%2Fpwb-brand&post=96537"},{"taxonomy":"product_cat","embeddable":true,"href":"https:\/\/www.autonvaraosahaku.fi\/index.php?rest_route=%2Fwp%2Fv2%2Fproduct_cat&post=96537"},{"taxonomy":"product_tag","embeddable":true,"href":"https:\/\/www.autonvaraosahaku.fi\/index.php?rest_route=%2Fwp%2Fv2%2Fproduct_tag&post=96537"}],"curies":[{"name":"wp","href":"https:\/\/api.w.org\/{rel}","templated":true}]}}