{"id":96564,"date":"2021-02-21T22:07:37","date_gmt":"2021-02-21T22:07:37","guid":{"rendered":"https:\/\/www.autonvaraosahaku.fi\/?product=ulo-1043001-takavalot"},"modified":"2021-02-21T22:07:43","modified_gmt":"2021-02-21T22:07:43","slug":"ulo-1043001-takavalot","status":"publish","type":"product","link":"https:\/\/www.autonvaraosahaku.fi\/?product=ulo-1043001-takavalot","title":{"rendered":"ULO 1043001 Takavalot"},"content":{"rendered":"<p>Vuosimallista: 2006, 2006; Vuosimalliin: 2010; Uusittuun malliin (facelift): ; Asennuspuoli: Vasen; Vasen \/ oikea liikenne: Oikean-\/vasemmanpuolinen ohjaus; Osa: Uloin osa; Lyhdyn muoto: LED, Hehkulankatekniikka; Valotoiminto: Takavalolla (LED); Lasin v\u00e4ri, vilkkulyhty: Lasinkirkas; Lis\u00e4tarvike\/lis\u00e4tieto: Lampun kannalla; Rekister\u00f6ity tyyppi: E-hyv\u00e4ksytty; Laatu: OEM, ORIGINAL; Paino [kg]: 0,565; BMW: X3 E83; 63217162209; Takavalo<\/p>\n","protected":false},"excerpt":{"rendered":"<p>ULO Takavalot 1043001 Takavalo BMW,X3 E83<\/p>\n","protected":false},"featured_media":0,"template":"","meta":{"site-sidebar-layout":"default","site-content-layout":"default","ast-global-header-display":"","ast-main-header-display":"","ast-hfb-above-header-display":"","ast-hfb-below-header-display":"","ast-hfb-mobile-header-display":"","site-post-title":"","ast-breadcrumbs-content":"","ast-featured-img":"","footer-sml-layout":"","theme-transparent-header-meta":"","adv-header-id-meta":"","stick-header-meta":"","header-above-stick-meta":"","header-main-stick-meta":"","header-below-stick-meta":""},"pwb-brand":[316],"product_cat":[159],"product_tag":[],"class_list":{"0":"post-96564","1":"product","2":"type-product","3":"status-publish","5":"pwb-brand-ulo","6":"product_cat-takavalot","7":"desktop-align-left","8":"tablet-align-left","9":"mobile-align-left","11":"first","12":"instock","13":"product-type-external"},"brands":[{"id":316,"name":"ULO","slug":"ulo"}],"_links":{"self":[{"href":"https:\/\/www.autonvaraosahaku.fi\/index.php?rest_route=\/wp\/v2\/product\/96564","targetHints":{"allow":["GET"]}}],"collection":[{"href":"https:\/\/www.autonvaraosahaku.fi\/index.php?rest_route=\/wp\/v2\/product"}],"about":[{"href":"https:\/\/www.autonvaraosahaku.fi\/index.php?rest_route=\/wp\/v2\/types\/product"}],"wp:attachment":[{"href":"https:\/\/www.autonvaraosahaku.fi\/index.php?rest_route=%2Fwp%2Fv2%2Fmedia&parent=96564"}],"wp:term":[{"taxonomy":"pwb-brand","embeddable":true,"href":"https:\/\/www.autonvaraosahaku.fi\/index.php?rest_route=%2Fwp%2Fv2%2Fpwb-brand&post=96564"},{"taxonomy":"product_cat","embeddable":true,"href":"https:\/\/www.autonvaraosahaku.fi\/index.php?rest_route=%2Fwp%2Fv2%2Fproduct_cat&post=96564"},{"taxonomy":"product_tag","embeddable":true,"href":"https:\/\/www.autonvaraosahaku.fi\/index.php?rest_route=%2Fwp%2Fv2%2Fproduct_tag&post=96564"}],"curies":[{"name":"wp","href":"https:\/\/api.w.org\/{rel}","templated":true}]}}