{"id":96567,"date":"2021-02-21T22:07:37","date_gmt":"2021-02-21T22:07:37","guid":{"rendered":"https:\/\/www.autonvaraosahaku.fi\/?product=ridex-3938e0004-anturit-sensorit"},"modified":"2021-02-21T22:07:44","modified_gmt":"2021-02-21T22:07:44","slug":"ridex-3938e0004-anturit-sensorit","status":"publish","type":"product","link":"https:\/\/www.autonvaraosahaku.fi\/?product=ridex-3938e0004-anturit-sensorit","title":{"rendered":"RIDEX 3938E0004 Anturit (sensorit)"},"content":{"rendered":"<p>Muoto: Suora; Napojen m\u00e4\u00e4r\u00e4: 2; Kokonaispituus (mm): 860; Pakoputkisto: von Katalysator nach Vorschalld\u00e4mpfer; KIA: SPORTAGE JE_, KM_; HYUNDAI: i30 FD,TUCSON JM,SANTA F\u00c9 I SM,TRAJET FO,SONATA V NF,ELANTRA XD,ELANTRA Stufenheck XD; 3922127280, 3922127280<\/p>\n","protected":false},"excerpt":{"rendered":"<p>RIDEX Tunnistin Pakokaasul\u00e4mp\u00f6tila 3938E0004  KIA,HYUNDAI,SPORTAGE JE_, KM_,i30 FD,TUCSON JM,SANTA F\u00c9 I SM,TRAJET FO,SONATA V NF,ELANTRA XD<\/p>\n","protected":false},"featured_media":0,"template":"","meta":{"site-sidebar-layout":"default","site-content-layout":"default","ast-global-header-display":"","ast-main-header-display":"","ast-hfb-above-header-display":"","ast-hfb-below-header-display":"","ast-hfb-mobile-header-display":"","site-post-title":"","ast-breadcrumbs-content":"","ast-featured-img":"","footer-sml-layout":"","theme-transparent-header-meta":"","adv-header-id-meta":"","stick-header-meta":"","header-above-stick-meta":"","header-main-stick-meta":"","header-below-stick-meta":""},"pwb-brand":[157],"product_cat":[98],"product_tag":[],"class_list":{"0":"post-96567","1":"product","2":"type-product","3":"status-publish","5":"pwb-brand-ridex","6":"product_cat-anturit-sensorit","7":"desktop-align-left","8":"tablet-align-left","9":"mobile-align-left","11":"first","12":"instock","13":"product-type-external"},"brands":[{"id":157,"name":"RIDEX","slug":"ridex"}],"_links":{"self":[{"href":"https:\/\/www.autonvaraosahaku.fi\/index.php?rest_route=\/wp\/v2\/product\/96567","targetHints":{"allow":["GET"]}}],"collection":[{"href":"https:\/\/www.autonvaraosahaku.fi\/index.php?rest_route=\/wp\/v2\/product"}],"about":[{"href":"https:\/\/www.autonvaraosahaku.fi\/index.php?rest_route=\/wp\/v2\/types\/product"}],"wp:attachment":[{"href":"https:\/\/www.autonvaraosahaku.fi\/index.php?rest_route=%2Fwp%2Fv2%2Fmedia&parent=96567"}],"wp:term":[{"taxonomy":"pwb-brand","embeddable":true,"href":"https:\/\/www.autonvaraosahaku.fi\/index.php?rest_route=%2Fwp%2Fv2%2Fpwb-brand&post=96567"},{"taxonomy":"product_cat","embeddable":true,"href":"https:\/\/www.autonvaraosahaku.fi\/index.php?rest_route=%2Fwp%2Fv2%2Fproduct_cat&post=96567"},{"taxonomy":"product_tag","embeddable":true,"href":"https:\/\/www.autonvaraosahaku.fi\/index.php?rest_route=%2Fwp%2Fv2%2Fproduct_tag&post=96567"}],"curies":[{"name":"wp","href":"https:\/\/api.w.org\/{rel}","templated":true}]}}