{"id":96575,"date":"2021-02-21T22:07:45","date_gmt":"2021-02-21T22:07:45","guid":{"rendered":"https:\/\/www.autonvaraosahaku.fi\/?product=magneti-marelli-350203061700-raitisilmasuodatin"},"modified":"2021-02-21T22:07:48","modified_gmt":"2021-02-21T22:07:48","slug":"magneti-marelli-350203061700-raitisilmasuodatin","status":"publish","type":"product","link":"https:\/\/www.autonvaraosahaku.fi\/?product=magneti-marelli-350203061700-raitisilmasuodatin","title":{"rendered":"MAGNETI MARELLI 350203061700 Raitisilmasuodatin"},"content":{"rendered":"<p>Korkeus (mm): 36; Pituus (mm): 288; Leveys (mm): 175; Suodatintyyppi: Suodatinpanos, Hiukkassuodatin; Valmistusvuosi alkaen: 01\/2001; RENAULT: GRAND SC\u00c9NIC II JM0\/1_; PEUGEOT: 307 SW 3H,307 CC 3B,307 3A\/C,308 SW,308 4A_, 4C_,307 Break 3E,RCZ,308 CC,1007 KM_,508,408; CITRO\u00cbN: C2 JM_,C3 I FC_,C4 Grand Picasso I UA_,C4 I LC_,C3 Picasso,C4 Coupe LA_,C3 Pluriel HB_,C4 II B7,DS4,DS5,C4 Stufenheck L,C2 ENTERPRISE,C4 Stufenheck N; VOLVO: NH12; DS: DS 4 \/ DS 4 CROSSBACK; 6447KK, 6447NT, 6447TL, 6479A1, 9687459780, E146155, 6447KK, 6447NT, 647941, 6479C2, 9687459780, E146155; Sis\u00e4ilmansuodatin,Suodatin, Sis\u00e4ilma<\/p>\n","protected":false},"excerpt":{"rendered":"<p>MAGNETI MARELLI Raitisilmasuodatin 350203061700 Sis\u00e4ilmansuodatin,Suodatin, Sis\u00e4ilma RENAULT,PEUGEOT,CITRO\u00cbN,GRAND SC\u00c9NIC II JM0\/1_,307 SW 3H<\/p>\n","protected":false},"featured_media":0,"template":"","meta":{"site-sidebar-layout":"default","site-content-layout":"default","ast-global-header-display":"","ast-main-header-display":"","ast-hfb-above-header-display":"","ast-hfb-below-header-display":"","ast-hfb-mobile-header-display":"","site-post-title":"","ast-breadcrumbs-content":"","ast-featured-img":"","footer-sml-layout":"","theme-transparent-header-meta":"","adv-header-id-meta":"","stick-header-meta":"","header-above-stick-meta":"","header-main-stick-meta":"","header-below-stick-meta":""},"pwb-brand":[34],"product_cat":[19],"product_tag":[],"class_list":{"0":"post-96575","1":"product","2":"type-product","3":"status-publish","5":"pwb-brand-magneti-marelli","6":"product_cat-raitisilmasuodatin","7":"desktop-align-left","8":"tablet-align-left","9":"mobile-align-left","11":"first","12":"instock","13":"product-type-external"},"brands":[{"id":34,"name":"MAGNETI MARELLI","slug":"magneti-marelli"}],"_links":{"self":[{"href":"https:\/\/www.autonvaraosahaku.fi\/index.php?rest_route=\/wp\/v2\/product\/96575","targetHints":{"allow":["GET"]}}],"collection":[{"href":"https:\/\/www.autonvaraosahaku.fi\/index.php?rest_route=\/wp\/v2\/product"}],"about":[{"href":"https:\/\/www.autonvaraosahaku.fi\/index.php?rest_route=\/wp\/v2\/types\/product"}],"wp:attachment":[{"href":"https:\/\/www.autonvaraosahaku.fi\/index.php?rest_route=%2Fwp%2Fv2%2Fmedia&parent=96575"}],"wp:term":[{"taxonomy":"pwb-brand","embeddable":true,"href":"https:\/\/www.autonvaraosahaku.fi\/index.php?rest_route=%2Fwp%2Fv2%2Fpwb-brand&post=96575"},{"taxonomy":"product_cat","embeddable":true,"href":"https:\/\/www.autonvaraosahaku.fi\/index.php?rest_route=%2Fwp%2Fv2%2Fproduct_cat&post=96575"},{"taxonomy":"product_tag","embeddable":true,"href":"https:\/\/www.autonvaraosahaku.fi\/index.php?rest_route=%2Fwp%2Fv2%2Fproduct_tag&post=96575"}],"curies":[{"name":"wp","href":"https:\/\/api.w.org\/{rel}","templated":true}]}}