{"id":96580,"date":"2021-02-21T22:07:45","date_gmt":"2021-02-21T22:07:45","guid":{"rendered":"https:\/\/www.autonvaraosahaku.fi\/?product=ulo-1052-09-takavalot"},"modified":"2021-02-21T22:07:50","modified_gmt":"2021-02-21T22:07:50","slug":"ulo-1052-09-takavalot","status":"publish","type":"product","link":"https:\/\/www.autonvaraosahaku.fi\/?product=ulo-1052-09-takavalot","title":{"rendered":"ULO 1052-09 Takavalot"},"content":{"rendered":"<p>Vuosimallista: 1983, 1983; Uusittuun malliin (facelift): ; Asennuspuoli: Vasen, Oikea; Vasen \/ oikea liikenne: Ohjaus vasemmalla; Lyhdyn muoto: Hehkulankatekniikka; Valotoiminto: p\u00e4\u00e4valonheittimell\u00e4, vilkkuvalolla, Jarruvaloon, Sumutakavaloon, Peruutusvaloon, Heijastimeen; Lasin v\u00e4ri, vilkkulyhty: Keltainen; Vilkun v\u00e4ri: Keltainen; Kotelomalli: Ilman koppaa; Kiinnitysmalli: Jalkakiinnitys; Asennusmalli: Poltti\/ruuvi; Lis\u00e4tarvike\/lis\u00e4tieto: Ilman lampun kantaa; Rekister\u00f6ity tyyppi: E-hyv\u00e4ksytty; Laatu: OEM, ORIGINAL; Paino [kg]: 0,342; VW: TRANSPORTER IV Bus 70XB, 70XC, 7DB, 7DW,TRANSPORTER IV Kasten 70XA,TRANSPORTER IV Pritsche\/Fahrgestell 70XD,LT 28-35 I Kasten 281-363,LT 28-35 I Bus 281-363,LT 28-35 I Pritsche\/Fahrgestell 281-363,LT 40-55 I Pritsche\/Fahrgestell 293-909,LT 40-55 I Kasten 291-512; 283945223C, 283945223D, 283945223E, 283945223F, 2TA945223, T12945223A<\/p>\n","protected":false},"excerpt":{"rendered":"<p>ULO Lasi, Takavalo 1052-09  VW,TRANSPORTER IV Bus 70XB, 70XC, 7DB, 7DW,TRANSPORTER IV Kasten 70XA,TRANSPORTER IV Pritsche\/Fahrgestell 70XD<\/p>\n","protected":false},"featured_media":0,"template":"","meta":{"site-sidebar-layout":"default","site-content-layout":"default","ast-global-header-display":"","ast-main-header-display":"","ast-hfb-above-header-display":"","ast-hfb-below-header-display":"","ast-hfb-mobile-header-display":"","site-post-title":"","ast-breadcrumbs-content":"","ast-featured-img":"","footer-sml-layout":"","theme-transparent-header-meta":"","adv-header-id-meta":"","stick-header-meta":"","header-above-stick-meta":"","header-main-stick-meta":"","header-below-stick-meta":""},"pwb-brand":[316],"product_cat":[159],"product_tag":[],"class_list":{"0":"post-96580","1":"product","2":"type-product","3":"status-publish","5":"pwb-brand-ulo","6":"product_cat-takavalot","7":"desktop-align-left","8":"tablet-align-left","9":"mobile-align-left","11":"first","12":"instock","13":"product-type-external"},"brands":[{"id":316,"name":"ULO","slug":"ulo"}],"_links":{"self":[{"href":"https:\/\/www.autonvaraosahaku.fi\/index.php?rest_route=\/wp\/v2\/product\/96580","targetHints":{"allow":["GET"]}}],"collection":[{"href":"https:\/\/www.autonvaraosahaku.fi\/index.php?rest_route=\/wp\/v2\/product"}],"about":[{"href":"https:\/\/www.autonvaraosahaku.fi\/index.php?rest_route=\/wp\/v2\/types\/product"}],"wp:attachment":[{"href":"https:\/\/www.autonvaraosahaku.fi\/index.php?rest_route=%2Fwp%2Fv2%2Fmedia&parent=96580"}],"wp:term":[{"taxonomy":"pwb-brand","embeddable":true,"href":"https:\/\/www.autonvaraosahaku.fi\/index.php?rest_route=%2Fwp%2Fv2%2Fpwb-brand&post=96580"},{"taxonomy":"product_cat","embeddable":true,"href":"https:\/\/www.autonvaraosahaku.fi\/index.php?rest_route=%2Fwp%2Fv2%2Fproduct_cat&post=96580"},{"taxonomy":"product_tag","embeddable":true,"href":"https:\/\/www.autonvaraosahaku.fi\/index.php?rest_route=%2Fwp%2Fv2%2Fproduct_tag&post=96580"}],"curies":[{"name":"wp","href":"https:\/\/api.w.org\/{rel}","templated":true}]}}