{"id":96586,"date":"2021-02-21T22:07:45","date_gmt":"2021-02-21T22:07:45","guid":{"rendered":"https:\/\/www.autonvaraosahaku.fi\/?product=swag-70-91-2106-tiivisteet"},"modified":"2021-02-21T22:07:52","modified_gmt":"2021-02-21T22:07:52","slug":"swag-70-91-2106-tiivisteet","status":"publish","type":"product","link":"https:\/\/www.autonvaraosahaku.fi\/?product=swag-70-91-2106-tiivisteet","title":{"rendered":"SWAG 70 91 2106 Tiivisteet"},"content":{"rendered":"<p>Parilliset tuotenumerot: 70 91 2107; Leveys (mm): 13,5; Paksuus [mm]: 10,0; Sis\u00e4l\u00e4pimitta [mm]: 36,0; Ulkol\u00e4pimitta [mm]: 54,0; Materiaali: ACM (polyakryyli-kautsu); Asennuspuoli: Oikea; Paino [kg]: 0,008, 0,008; Moottorinumero: 176B1000; LANCIA: YPSILON 843,Y 840A,MUSA 350,YPSILON 312, 846,Y10 156; FIAT: GRANDE PUNTO 199,PUNTO 188,PANDA 169,500 312,STILO 192,BRAVO II 198,SEICENTO 187,DOBLO Cargo 223,500 C 312,PUNTO 176,STILO Multi Wagon 192,DOBLO 119,DOBLO Kasten\/Kombi 263,PANDA Van 169,PUNTO 199,CINQUECENTO 170,IDEA,PANDA 312,STRADA Pick-up 178E,QUBO 225,500L,DOBLO Gro\u00dfraumlimousine 152, 263,BRAVO I 182,BRAVA 182,PUNTO Cabriolet 176C,MAREA Weekend 185,UNO 146A\/E,FIORINO Kasten\/Kombi 225,PALIO Weekend 178DX,LINEA 323,PUNTO Van 199,SEICENTO Van 187,DOBLO Pritsche\/Fahrgestell 263,MAREA 185,PUNTO Van 176L,PALIO 178BX,SIENA 178_; ALFA ROMEO: MITO 955; 40004630, 40005030, 91111251, 40004630, 40005030, 91111251, 1541077, 1580531, 2510063, 40004630, 40005030, 91111251<\/p>\n","protected":false},"excerpt":{"rendered":"<p>SWAG Akselitiiviste, Man.Vaihteisto 70 91 2106  LANCIA,FIAT,ALFA ROMEO,YPSILON 843,Y 840A,MUSA 350,YPSILON 312, 846,Y10 156,GRANDE PUNTO 199,PUNTO 188<\/p>\n","protected":false},"featured_media":0,"template":"","meta":{"site-sidebar-layout":"default","site-content-layout":"default","ast-global-header-display":"","ast-main-header-display":"","ast-hfb-above-header-display":"","ast-hfb-below-header-display":"","ast-hfb-mobile-header-display":"","site-post-title":"","ast-breadcrumbs-content":"","ast-featured-img":"","footer-sml-layout":"","theme-transparent-header-meta":"","adv-header-id-meta":"","stick-header-meta":"","header-above-stick-meta":"","header-main-stick-meta":"","header-below-stick-meta":""},"pwb-brand":[103],"product_cat":[27],"product_tag":[],"class_list":{"0":"post-96586","1":"product","2":"type-product","3":"status-publish","5":"pwb-brand-swag","6":"product_cat-tiivisteet","7":"desktop-align-left","8":"tablet-align-left","9":"mobile-align-left","11":"first","12":"instock","13":"product-type-external"},"brands":[{"id":103,"name":"SWAG","slug":"swag"}],"_links":{"self":[{"href":"https:\/\/www.autonvaraosahaku.fi\/index.php?rest_route=\/wp\/v2\/product\/96586","targetHints":{"allow":["GET"]}}],"collection":[{"href":"https:\/\/www.autonvaraosahaku.fi\/index.php?rest_route=\/wp\/v2\/product"}],"about":[{"href":"https:\/\/www.autonvaraosahaku.fi\/index.php?rest_route=\/wp\/v2\/types\/product"}],"wp:attachment":[{"href":"https:\/\/www.autonvaraosahaku.fi\/index.php?rest_route=%2Fwp%2Fv2%2Fmedia&parent=96586"}],"wp:term":[{"taxonomy":"pwb-brand","embeddable":true,"href":"https:\/\/www.autonvaraosahaku.fi\/index.php?rest_route=%2Fwp%2Fv2%2Fpwb-brand&post=96586"},{"taxonomy":"product_cat","embeddable":true,"href":"https:\/\/www.autonvaraosahaku.fi\/index.php?rest_route=%2Fwp%2Fv2%2Fproduct_cat&post=96586"},{"taxonomy":"product_tag","embeddable":true,"href":"https:\/\/www.autonvaraosahaku.fi\/index.php?rest_route=%2Fwp%2Fv2%2Fproduct_tag&post=96586"}],"curies":[{"name":"wp","href":"https:\/\/api.w.org\/{rel}","templated":true}]}}