{"id":96591,"date":"2021-02-21T22:07:54","date_gmt":"2021-02-21T22:07:54","guid":{"rendered":"https:\/\/www.autonvaraosahaku.fi\/?product=meyle-128-228-0004-termostaatti"},"modified":"2021-02-21T22:07:55","modified_gmt":"2021-02-21T22:07:55","slug":"meyle-128-228-0004-termostaatti","status":"publish","type":"product","link":"https:\/\/www.autonvaraosahaku.fi\/?product=meyle-128-228-0004-termostaatti","title":{"rendered":"MEYLE 128 228 0004 Termostaatti"},"content":{"rendered":"<p>Avausl\u00e4mp\u00f6tila [\u00b0C]: 87; Lis\u00e4tarvike\/lis\u00e4tieto: Tiivisteill\u00e4; lis\u00e4tieto: ORIGINAL Quality; Moottorinumero: BKD; VW: GOLF V 1K1,TOURAN 1T1, 1T2,GOLF VI 5K1,PASSAT Variant 3C5,GOLF PLUS 5M1, 521,PASSAT 3C2,TIGUAN 5N_,GOLF V Variant 1K5,EOS 1F7, 1F8,SCIROCCO 137, 138,PASSAT CC 357,JETTA III 1K2; AUDI: A6 Avant 4F5, C6,A3 8P1,A3 Sportback 8PA,A4 Avant 8ED, B7,A6 4F2, C6,A4 8EC, B7,A3 Cabriolet 8P7; SKODA: OCTAVIA Combi 1Z5,SUPERB Kombi 3T5,OCTAVIA 1Z3,SUPERB 3T4; SEAT: LEON 1P1,ALTEA 5P1,ALTEA XL 5P5, 5P8,TOLEDO III 5P2; MITSUBISHI: GRANDIS NA_W,LANCER SPORTBACK CX_A; 03G121113, MN980137, 03G121113, 03G121113, 03G121113; Termostaatti, J\u00e4\u00e4hdytysneste<\/p>\n","protected":false},"excerpt":{"rendered":"<p>MEYLE Termostaatti 128 228 0004 Termostaatti, J\u00e4\u00e4hdytysneste VW,AUDI,SKODA,GOLF V 1K1,TOURAN 1T1, 1T2,GOLF VI 5K1,PASSAT Variant 3C5<\/p>\n","protected":false},"featured_media":0,"template":"","meta":{"site-sidebar-layout":"default","site-content-layout":"default","ast-global-header-display":"","ast-main-header-display":"","ast-hfb-above-header-display":"","ast-hfb-below-header-display":"","ast-hfb-mobile-header-display":"","site-post-title":"","ast-breadcrumbs-content":"","ast-featured-img":"","footer-sml-layout":"","theme-transparent-header-meta":"","adv-header-id-meta":"","stick-header-meta":"","header-above-stick-meta":"","header-main-stick-meta":"","header-below-stick-meta":""},"pwb-brand":[84],"product_cat":[174],"product_tag":[],"class_list":{"0":"post-96591","1":"product","2":"type-product","3":"status-publish","5":"pwb-brand-meyle","6":"product_cat-termostaatti","7":"desktop-align-left","8":"tablet-align-left","9":"mobile-align-left","11":"first","12":"instock","13":"product-type-external"},"brands":[{"id":84,"name":"MEYLE","slug":"meyle"}],"_links":{"self":[{"href":"https:\/\/www.autonvaraosahaku.fi\/index.php?rest_route=\/wp\/v2\/product\/96591","targetHints":{"allow":["GET"]}}],"collection":[{"href":"https:\/\/www.autonvaraosahaku.fi\/index.php?rest_route=\/wp\/v2\/product"}],"about":[{"href":"https:\/\/www.autonvaraosahaku.fi\/index.php?rest_route=\/wp\/v2\/types\/product"}],"wp:attachment":[{"href":"https:\/\/www.autonvaraosahaku.fi\/index.php?rest_route=%2Fwp%2Fv2%2Fmedia&parent=96591"}],"wp:term":[{"taxonomy":"pwb-brand","embeddable":true,"href":"https:\/\/www.autonvaraosahaku.fi\/index.php?rest_route=%2Fwp%2Fv2%2Fpwb-brand&post=96591"},{"taxonomy":"product_cat","embeddable":true,"href":"https:\/\/www.autonvaraosahaku.fi\/index.php?rest_route=%2Fwp%2Fv2%2Fproduct_cat&post=96591"},{"taxonomy":"product_tag","embeddable":true,"href":"https:\/\/www.autonvaraosahaku.fi\/index.php?rest_route=%2Fwp%2Fv2%2Fproduct_tag&post=96591"}],"curies":[{"name":"wp","href":"https:\/\/api.w.org\/{rel}","templated":true}]}}