{"id":96607,"date":"2021-02-21T22:07:54","date_gmt":"2021-02-21T22:07:54","guid":{"rendered":"https:\/\/www.autonvaraosahaku.fi\/?product=topran-408-922-anturit-sensorit"},"modified":"2021-02-21T22:08:00","modified_gmt":"2021-02-21T22:08:00","slug":"topran-408-922-anturit-sensorit","status":"publish","type":"product","link":"https:\/\/www.autonvaraosahaku.fi\/?product=topran-408-922-anturit-sensorit","title":{"rendered":"TOPRAN 408 922 Anturit (sensorit)"},"content":{"rendered":"<p>Napojen m\u00e4\u00e4r\u00e4: 6; OE-numerolle: 010 542 77 17; Asennuspuoli: Vorderachse; MERCEDES-BENZ: C-CLASS W203,E-CLASS W211,A-CLASS W169,B-CLASS W245,C-CLASS T-Model S203,C-CLASS W202,E-CLASS T-Model S211,SLK R170,E-CLASS W210,M-CLASS W164,C-CLASS Coupe CL203,M-CLASS W163,E-CLASS Kombi S210,SLK R171,CLK C208,CLK C209,C-CLASS Kombi S202,S-CLASS W220,S-CLASS W221,CLK Cabriolet A208,CLK Cabriolet A209,GL-CLASS X164; 0105427717, A0105427717<\/p>\n","protected":false},"excerpt":{"rendered":"<p>TOPRAN Sensori, Xenonvalo (Ajovalokorkeuden S\u00e4\u00e4t\u00f6) 408 922  MERCEDES-BENZ,C-CLASS W203,E-CLASS W211,A-CLASS W169,B-CLASS W245,C-CLASS T-Model S203<\/p>\n","protected":false},"featured_media":0,"template":"","meta":{"site-sidebar-layout":"default","site-content-layout":"default","ast-global-header-display":"","ast-main-header-display":"","ast-hfb-above-header-display":"","ast-hfb-below-header-display":"","ast-hfb-mobile-header-display":"","site-post-title":"","ast-breadcrumbs-content":"","ast-featured-img":"","footer-sml-layout":"","theme-transparent-header-meta":"","adv-header-id-meta":"","stick-header-meta":"","header-above-stick-meta":"","header-main-stick-meta":"","header-below-stick-meta":""},"pwb-brand":[18],"product_cat":[98],"product_tag":[],"class_list":{"0":"post-96607","1":"product","2":"type-product","3":"status-publish","5":"pwb-brand-topran","6":"product_cat-anturit-sensorit","7":"desktop-align-left","8":"tablet-align-left","9":"mobile-align-left","11":"first","12":"instock","13":"product-type-external"},"brands":[{"id":18,"name":"TOPRAN","slug":"topran"}],"_links":{"self":[{"href":"https:\/\/www.autonvaraosahaku.fi\/index.php?rest_route=\/wp\/v2\/product\/96607","targetHints":{"allow":["GET"]}}],"collection":[{"href":"https:\/\/www.autonvaraosahaku.fi\/index.php?rest_route=\/wp\/v2\/product"}],"about":[{"href":"https:\/\/www.autonvaraosahaku.fi\/index.php?rest_route=\/wp\/v2\/types\/product"}],"wp:attachment":[{"href":"https:\/\/www.autonvaraosahaku.fi\/index.php?rest_route=%2Fwp%2Fv2%2Fmedia&parent=96607"}],"wp:term":[{"taxonomy":"pwb-brand","embeddable":true,"href":"https:\/\/www.autonvaraosahaku.fi\/index.php?rest_route=%2Fwp%2Fv2%2Fpwb-brand&post=96607"},{"taxonomy":"product_cat","embeddable":true,"href":"https:\/\/www.autonvaraosahaku.fi\/index.php?rest_route=%2Fwp%2Fv2%2Fproduct_cat&post=96607"},{"taxonomy":"product_tag","embeddable":true,"href":"https:\/\/www.autonvaraosahaku.fi\/index.php?rest_route=%2Fwp%2Fv2%2Fproduct_tag&post=96607"}],"curies":[{"name":"wp","href":"https:\/\/api.w.org\/{rel}","templated":true}]}}