{"id":96621,"date":"2021-02-21T22:08:02","date_gmt":"2021-02-21T22:08:02","guid":{"rendered":"https:\/\/www.autonvaraosahaku.fi\/?product=ridex-78b0312-jarrusatula"},"modified":"2021-02-21T22:08:07","modified_gmt":"2021-02-21T22:08:07","slug":"ridex-78b0312-jarrusatula","status":"publish","type":"product","link":"https:\/\/www.autonvaraosahaku.fi\/?product=ridex-78b0312-jarrusatula","title":{"rendered":"RIDEX 78B0312 Jarrusatula"},"content":{"rendered":"<p>Reik\u00e4-\u00d8 [mm]: 38; Jarrusatulatyyppi: Jarrusatula, sis. rak. jarrusatulalla; Lis\u00e4tarvike\/lis\u00e4tieto: Ilman pidikett\u00e4; Vaihto-osa: ; Jarruj\u00e4rjestelm\u00e4: TRW; Materiaali: Alumiini; Jarrusatulan v\u00e4ri: ter\u00e4ksenharmaa; parilliset tuotenumerot: 78B0388; Asennuspuoli: Hinterachse links; CITRO\u00cbN: C2 JM_,C3 I FC_,DS3,C3 Picasso,C3 II,C3 Pluriel HB_,DS3 Cabriolet,C2 ENTERPRISE,C4 CACTUS,C3 III SX; PEUGEOT: 207 WA_, WC_,207 CC WD_,207 SW WK_,208,1007 KM_,2008,207 Van,208 Kasten; DS: DS 3,DS 3 Cabriolet; 1651755480, 4400P4, 4400W5, 1651754580, 4400P4, 4400W5, 1607375880, 1651755480, 4400P4, 4400W5<\/p>\n","protected":false},"excerpt":{"rendered":"<p>RIDEX Jarrusatula 78B0312  CITRO\u00cbN,PEUGEOT,DS,C2 JM_,C3 I FC_,DS3,C3 Picasso,C3 II,C3 Pluriel HB_,DS3 Cabriolet,C2 ENTERPRISE,C4 CACTUS,C3 III SX<\/p>\n","protected":false},"featured_media":0,"template":"","meta":{"site-sidebar-layout":"default","site-content-layout":"default","ast-global-header-display":"","ast-main-header-display":"","ast-hfb-above-header-display":"","ast-hfb-below-header-display":"","ast-hfb-mobile-header-display":"","site-post-title":"","ast-breadcrumbs-content":"","ast-featured-img":"","footer-sml-layout":"","theme-transparent-header-meta":"","adv-header-id-meta":"","stick-header-meta":"","header-above-stick-meta":"","header-main-stick-meta":"","header-below-stick-meta":""},"pwb-brand":[157],"product_cat":[177],"product_tag":[],"class_list":{"0":"post-96621","1":"product","2":"type-product","3":"status-publish","5":"pwb-brand-ridex","6":"product_cat-jarrusatula","7":"desktop-align-left","8":"tablet-align-left","9":"mobile-align-left","11":"first","12":"instock","13":"product-type-external"},"brands":[{"id":157,"name":"RIDEX","slug":"ridex"}],"_links":{"self":[{"href":"https:\/\/www.autonvaraosahaku.fi\/index.php?rest_route=\/wp\/v2\/product\/96621","targetHints":{"allow":["GET"]}}],"collection":[{"href":"https:\/\/www.autonvaraosahaku.fi\/index.php?rest_route=\/wp\/v2\/product"}],"about":[{"href":"https:\/\/www.autonvaraosahaku.fi\/index.php?rest_route=\/wp\/v2\/types\/product"}],"wp:attachment":[{"href":"https:\/\/www.autonvaraosahaku.fi\/index.php?rest_route=%2Fwp%2Fv2%2Fmedia&parent=96621"}],"wp:term":[{"taxonomy":"pwb-brand","embeddable":true,"href":"https:\/\/www.autonvaraosahaku.fi\/index.php?rest_route=%2Fwp%2Fv2%2Fpwb-brand&post=96621"},{"taxonomy":"product_cat","embeddable":true,"href":"https:\/\/www.autonvaraosahaku.fi\/index.php?rest_route=%2Fwp%2Fv2%2Fproduct_cat&post=96621"},{"taxonomy":"product_tag","embeddable":true,"href":"https:\/\/www.autonvaraosahaku.fi\/index.php?rest_route=%2Fwp%2Fv2%2Fproduct_tag&post=96621"}],"curies":[{"name":"wp","href":"https:\/\/api.w.org\/{rel}","templated":true}]}}