{"id":96624,"date":"2021-02-21T22:08:02","date_gmt":"2021-02-21T22:08:02","guid":{"rendered":"https:\/\/www.autonvaraosahaku.fi\/?product=ridex-13d0172-vetoakseli"},"modified":"2021-02-21T22:08:08","modified_gmt":"2021-02-21T22:08:08","slug":"ridex-13d0172-vetoakseli","status":"publish","type":"product","link":"https:\/\/www.autonvaraosahaku.fi\/?product=ridex-13d0172-vetoakseli","title":{"rendered":"RIDEX 13D0172 Vetoakseli"},"content":{"rendered":"<p>Asennuspuoli: Etuakseli, oikea; Ulkohammastus, py\u00f6r\u00e4npuoli: 29; Ulkohammastus tasauspy\u00f6r\u00e4st\u00f6puoli: 30; Pituus (mm): 973; Tiivisteen l\u00e4pimitta [mm]: 56,1; Nivelen l\u00e4pimitta py\u00f6r\u00e4puoli [mm]: 101; Nivelen l\u00e4pimitta vaihteistopuoli [mm]: 95; Korvaava tuote\/korvaava tiedote 2: laakerilla; Kierremitta: M24x1.5; Pituus 2 (mm): 445; Vaihteistomalli: Automatikgetriebe; RENAULT: KOLEOS HY_; NISSAN: QASHQAI \/ QASHQAI +2 J10, JJ10; 391003113R, 391009742R, 39100JD74A, 39100JY04A, 391003113R, 391009742R, 39100JD74A, 39100JY04A<\/p>\n","protected":false},"excerpt":{"rendered":"<p>RIDEX Vetoakseli 13D0172  RENAULT,NISSAN,KOLEOS HY_,QASHQAI \/ QASHQAI +2 J10, JJ10<\/p>\n","protected":false},"featured_media":0,"template":"","meta":{"site-sidebar-layout":"default","site-content-layout":"default","ast-global-header-display":"","ast-main-header-display":"","ast-hfb-above-header-display":"","ast-hfb-below-header-display":"","ast-hfb-mobile-header-display":"","site-post-title":"","ast-breadcrumbs-content":"","ast-featured-img":"","footer-sml-layout":"","theme-transparent-header-meta":"","adv-header-id-meta":"","stick-header-meta":"","header-above-stick-meta":"","header-main-stick-meta":"","header-below-stick-meta":""},"pwb-brand":[157],"product_cat":[215],"product_tag":[],"class_list":{"0":"post-96624","1":"product","2":"type-product","3":"status-publish","5":"pwb-brand-ridex","6":"product_cat-vetoakseli","7":"desktop-align-left","8":"tablet-align-left","9":"mobile-align-left","11":"first","12":"instock","13":"product-type-external"},"brands":[{"id":157,"name":"RIDEX","slug":"ridex"}],"_links":{"self":[{"href":"https:\/\/www.autonvaraosahaku.fi\/index.php?rest_route=\/wp\/v2\/product\/96624","targetHints":{"allow":["GET"]}}],"collection":[{"href":"https:\/\/www.autonvaraosahaku.fi\/index.php?rest_route=\/wp\/v2\/product"}],"about":[{"href":"https:\/\/www.autonvaraosahaku.fi\/index.php?rest_route=\/wp\/v2\/types\/product"}],"wp:attachment":[{"href":"https:\/\/www.autonvaraosahaku.fi\/index.php?rest_route=%2Fwp%2Fv2%2Fmedia&parent=96624"}],"wp:term":[{"taxonomy":"pwb-brand","embeddable":true,"href":"https:\/\/www.autonvaraosahaku.fi\/index.php?rest_route=%2Fwp%2Fv2%2Fpwb-brand&post=96624"},{"taxonomy":"product_cat","embeddable":true,"href":"https:\/\/www.autonvaraosahaku.fi\/index.php?rest_route=%2Fwp%2Fv2%2Fproduct_cat&post=96624"},{"taxonomy":"product_tag","embeddable":true,"href":"https:\/\/www.autonvaraosahaku.fi\/index.php?rest_route=%2Fwp%2Fv2%2Fproduct_tag&post=96624"}],"curies":[{"name":"wp","href":"https:\/\/api.w.org\/{rel}","templated":true}]}}