{"id":96642,"date":"2021-02-21T22:08:11","date_gmt":"2021-02-21T22:08:11","guid":{"rendered":"https:\/\/www.autonvaraosahaku.fi\/?product=ridex-1419b0014-kasijarrukengat"},"modified":"2021-02-21T22:08:16","modified_gmt":"2021-02-21T22:08:16","slug":"ridex-1419b0014-kasijarrukengat","status":"publish","type":"product","link":"https:\/\/www.autonvaraosahaku.fi\/?product=ridex-1419b0014-kasijarrukengat","title":{"rendered":"RIDEX 1419B0014 K\u00e4sijarrukeng\u00e4t"},"content":{"rendered":"<p>Asennuspuoli: Taka-akseli; L\u00e4pimitta [mm]: 170; Leveys (mm): 35; Lis\u00e4tarvike\/lis\u00e4tieto: Vivulla; Jarruj\u00e4rjestelm\u00e4: Hand Brake; HONDA: CR-V II RD_,ACCORD VII CL,FR-V BE,ACCORD VII Tourer CM,STREAM RN,SHUTTLE RA,LEGEND III KA9,ACCORD VII CM,ODYSSEY RB_,ACCORD Coupe CM; 43154SX0003, 43053S47E50, 43053SEDE50, 43053SJFE00, 43154S47N01, 43154SX0000, 43154SX0003; Jarrukenk\u00e4sarja, K\u00e4sijarru<\/p>\n","protected":false},"excerpt":{"rendered":"<p>RIDEX K\u00e4sijarrukeng\u00e4t 1419B0014 Jarrukenk\u00e4sarja, K\u00e4sijarru HONDA,CR-V II RD_,ACCORD VII CL,FR-V BE,ACCORD VII Tourer CM,STREAM RN,SHUTTLE RA<\/p>\n","protected":false},"featured_media":0,"template":"","meta":{"site-sidebar-layout":"default","site-content-layout":"default","ast-global-header-display":"","ast-main-header-display":"","ast-hfb-above-header-display":"","ast-hfb-below-header-display":"","ast-hfb-mobile-header-display":"","site-post-title":"","ast-breadcrumbs-content":"","ast-featured-img":"","footer-sml-layout":"","theme-transparent-header-meta":"","adv-header-id-meta":"","stick-header-meta":"","header-above-stick-meta":"","header-main-stick-meta":"","header-below-stick-meta":""},"pwb-brand":[157],"product_cat":[236],"product_tag":[],"class_list":{"0":"post-96642","1":"product","2":"type-product","3":"status-publish","5":"pwb-brand-ridex","6":"product_cat-kasijarrukengat","7":"desktop-align-left","8":"tablet-align-left","9":"mobile-align-left","11":"first","12":"instock","13":"product-type-external"},"brands":[{"id":157,"name":"RIDEX","slug":"ridex"}],"_links":{"self":[{"href":"https:\/\/www.autonvaraosahaku.fi\/index.php?rest_route=\/wp\/v2\/product\/96642","targetHints":{"allow":["GET"]}}],"collection":[{"href":"https:\/\/www.autonvaraosahaku.fi\/index.php?rest_route=\/wp\/v2\/product"}],"about":[{"href":"https:\/\/www.autonvaraosahaku.fi\/index.php?rest_route=\/wp\/v2\/types\/product"}],"wp:attachment":[{"href":"https:\/\/www.autonvaraosahaku.fi\/index.php?rest_route=%2Fwp%2Fv2%2Fmedia&parent=96642"}],"wp:term":[{"taxonomy":"pwb-brand","embeddable":true,"href":"https:\/\/www.autonvaraosahaku.fi\/index.php?rest_route=%2Fwp%2Fv2%2Fpwb-brand&post=96642"},{"taxonomy":"product_cat","embeddable":true,"href":"https:\/\/www.autonvaraosahaku.fi\/index.php?rest_route=%2Fwp%2Fv2%2Fproduct_cat&post=96642"},{"taxonomy":"product_tag","embeddable":true,"href":"https:\/\/www.autonvaraosahaku.fi\/index.php?rest_route=%2Fwp%2Fv2%2Fproduct_tag&post=96642"}],"curies":[{"name":"wp","href":"https:\/\/api.w.org\/{rel}","templated":true}]}}