{"id":96669,"date":"2021-02-21T22:08:19","date_gmt":"2021-02-21T22:08:19","guid":{"rendered":"https:\/\/www.autonvaraosahaku.fi\/?product=ufi-46-008-00-polttoainesuodatin"},"modified":"2021-02-21T22:08:28","modified_gmt":"2021-02-21T22:08:28","slug":"ufi-46-008-00-polttoainesuodatin","status":"publish","type":"product","link":"https:\/\/www.autonvaraosahaku.fi\/?product=ufi-46-008-00-polttoainesuodatin","title":{"rendered":"UFI 46.008.00 Polttoainesuodatin"},"content":{"rendered":"<p>Polttoaine: Nestekaasu (LPG); Ulkol\u00e4pimitta [mm]: 42,0; Sis\u00e4l\u00e4pimitta 2 [mm]: 17,0; Korkeus (mm): 50,0; Valmistaja rajaus: LANDI FL-375; LANCIA: DELTA III 844; FIAT: PUNTO 188,PANDA 169,PUNTO Van 188AX; ALFA ROMEO: MITO 955; 71753999, 71754829<\/p>\n","protected":false},"excerpt":{"rendered":"<p>UFI Polttoainesuodatin 46.008.00  LANCIA,FIAT,ALFA ROMEO,DELTA III 844,PUNTO 188,PANDA 169,PUNTO Van 188AX,MITO 955<\/p>\n","protected":false},"featured_media":0,"template":"","meta":{"site-sidebar-layout":"default","site-content-layout":"default","ast-global-header-display":"","ast-main-header-display":"","ast-hfb-above-header-display":"","ast-hfb-below-header-display":"","ast-hfb-mobile-header-display":"","site-post-title":"","ast-breadcrumbs-content":"","ast-featured-img":"","footer-sml-layout":"","theme-transparent-header-meta":"","adv-header-id-meta":"","stick-header-meta":"","header-above-stick-meta":"","header-main-stick-meta":"","header-below-stick-meta":""},"pwb-brand":[109],"product_cat":[29],"product_tag":[],"class_list":{"0":"post-96669","1":"product","2":"type-product","3":"status-publish","5":"pwb-brand-ufi","6":"product_cat-polttoainesuodatin","7":"desktop-align-left","8":"tablet-align-left","9":"mobile-align-left","11":"first","12":"instock","13":"product-type-external"},"brands":[{"id":109,"name":"UFI","slug":"ufi"}],"_links":{"self":[{"href":"https:\/\/www.autonvaraosahaku.fi\/index.php?rest_route=\/wp\/v2\/product\/96669","targetHints":{"allow":["GET"]}}],"collection":[{"href":"https:\/\/www.autonvaraosahaku.fi\/index.php?rest_route=\/wp\/v2\/product"}],"about":[{"href":"https:\/\/www.autonvaraosahaku.fi\/index.php?rest_route=\/wp\/v2\/types\/product"}],"wp:attachment":[{"href":"https:\/\/www.autonvaraosahaku.fi\/index.php?rest_route=%2Fwp%2Fv2%2Fmedia&parent=96669"}],"wp:term":[{"taxonomy":"pwb-brand","embeddable":true,"href":"https:\/\/www.autonvaraosahaku.fi\/index.php?rest_route=%2Fwp%2Fv2%2Fpwb-brand&post=96669"},{"taxonomy":"product_cat","embeddable":true,"href":"https:\/\/www.autonvaraosahaku.fi\/index.php?rest_route=%2Fwp%2Fv2%2Fproduct_cat&post=96669"},{"taxonomy":"product_tag","embeddable":true,"href":"https:\/\/www.autonvaraosahaku.fi\/index.php?rest_route=%2Fwp%2Fv2%2Fproduct_tag&post=96669"}],"curies":[{"name":"wp","href":"https:\/\/api.w.org\/{rel}","templated":true}]}}