{"id":96675,"date":"2021-02-21T22:08:29","date_gmt":"2021-02-21T22:08:29","guid":{"rendered":"https:\/\/www.autonvaraosahaku.fi\/?product=rooks-ok-06-0007-muut-luokat"},"modified":"2021-02-21T22:08:31","modified_gmt":"2021-02-21T22:08:31","slug":"rooks-ok-06-0007-muut-luokat","status":"publish","type":"product","link":"https:\/\/www.autonvaraosahaku.fi\/?product=rooks-ok-06-0007-muut-luokat","title":{"rendered":"ROOKS OK-06.0007 Muut luokat"},"content":{"rendered":"<p>Niittil\u00e4pimitta enint\u00e4\u00e4n [mm]: M4 x 12,5; M\u00e4\u00e4r\u00e4: 25; Pakkaustyyppi: Kuplapakkaus; Materiaali: Alumiini<\/p>\n","protected":false},"excerpt":{"rendered":"<p>ROOKS Niitti OK-06.0007<\/p>\n","protected":false},"featured_media":0,"template":"","meta":{"site-sidebar-layout":"default","site-content-layout":"default","ast-global-header-display":"","ast-main-header-display":"","ast-hfb-above-header-display":"","ast-hfb-below-header-display":"","ast-hfb-mobile-header-display":"","site-post-title":"","ast-breadcrumbs-content":"","ast-featured-img":"","footer-sml-layout":"","theme-transparent-header-meta":"","adv-header-id-meta":"","stick-header-meta":"","header-above-stick-meta":"","header-main-stick-meta":"","header-below-stick-meta":""},"pwb-brand":[593],"product_cat":[37],"product_tag":[],"class_list":{"0":"post-96675","1":"product","2":"type-product","3":"status-publish","5":"pwb-brand-rooks","6":"product_cat-muut-luokat","7":"desktop-align-left","8":"tablet-align-left","9":"mobile-align-left","11":"first","12":"instock","13":"product-type-external"},"brands":[{"id":593,"name":"ROOKS","slug":"rooks"}],"_links":{"self":[{"href":"https:\/\/www.autonvaraosahaku.fi\/index.php?rest_route=\/wp\/v2\/product\/96675","targetHints":{"allow":["GET"]}}],"collection":[{"href":"https:\/\/www.autonvaraosahaku.fi\/index.php?rest_route=\/wp\/v2\/product"}],"about":[{"href":"https:\/\/www.autonvaraosahaku.fi\/index.php?rest_route=\/wp\/v2\/types\/product"}],"wp:attachment":[{"href":"https:\/\/www.autonvaraosahaku.fi\/index.php?rest_route=%2Fwp%2Fv2%2Fmedia&parent=96675"}],"wp:term":[{"taxonomy":"pwb-brand","embeddable":true,"href":"https:\/\/www.autonvaraosahaku.fi\/index.php?rest_route=%2Fwp%2Fv2%2Fpwb-brand&post=96675"},{"taxonomy":"product_cat","embeddable":true,"href":"https:\/\/www.autonvaraosahaku.fi\/index.php?rest_route=%2Fwp%2Fv2%2Fproduct_cat&post=96675"},{"taxonomy":"product_tag","embeddable":true,"href":"https:\/\/www.autonvaraosahaku.fi\/index.php?rest_route=%2Fwp%2Fv2%2Fproduct_tag&post=96675"}],"curies":[{"name":"wp","href":"https:\/\/api.w.org\/{rel}","templated":true}]}}