{"id":96684,"date":"2021-02-21T22:08:29","date_gmt":"2021-02-21T22:08:29","guid":{"rendered":"https:\/\/www.autonvaraosahaku.fi\/?product=jp-group-1218700500-polttoainesuodatin"},"modified":"2021-02-21T22:08:34","modified_gmt":"2021-02-21T22:08:34","slug":"jp-group-1218700500-polttoainesuodatin","status":"publish","type":"product","link":"https:\/\/www.autonvaraosahaku.fi\/?product=jp-group-1218700500-polttoainesuodatin","title":{"rendered":"JP GROUP 1218700500 Polttoainesuodatin"},"content":{"rendered":"<p>Suodatintyyppi: Suodatinpanos; Korkeus (mm): 99; Ulkol\u00e4pimitta [mm]: 67; Sis\u00e4l\u00e4pimitta [mm]: 25; Pakokaasunormi: Euro 4 (D4); OPEL: CORSA C F08, F68,ZAFIRA B A05,ASTRA H Caravan L35,MERIVA,ASTRA H L48,VECTRA C Caravan,ASTRA H GTC L08,SIGNUM,VECTRA C,AGILA A H00,VECTRA C GTS,ANTARA,TIGRA TwinTop,ASTRA H TwinTop L67,COMBO Kasten\/Kombi,COMBO Tour,AGILA B H08,CORSA C Kasten F08, W5L,ASTRA H Stufenheck L69,ASTRA H Kasten L70,ASTRA CLASSIC L48; FIAT: PUNTO 188,PANDA 169,DUCATO Kasten 250,500 312,DUCATO Pritsche\/Fahrgestell 250,DUCATO Bus 250,DUCATO Kasten 244,DOBLO Cargo 223,500 C 312,DOBLO 119,CROMA 194,DUCATO Pritsche\/Fahrgestell 244,PANDA Van 169,DUCATO Bus 244, Z_,IDEA,SEDICI,STRADA Pick-up 178E,PUNTO Van 188AX,SIENA 178_; PEUGEOT: BOXER Kasten,BOXER Kasten 244,BOXER Bus,BOXER Pritsche\/Fahrgestell,BOXER Bus 244, Z_,BOXER Pritsche\/Fahrgestell 244; CITRO\u00cbN: JUMPER Kasten,JUMPER Kasten 244,JUMPER Bus,JUMPER Pritsche\/Fahrgestell,JUMPER Bus 244, Z_,JUMPER Pritsche\/Fahrgestell 244; SUZUKI: SWIFT III MZ, EZ,SWIFT IV FZ, NZ,SX4 EY, GY,WAGON R+ MM,SPLASH,IGNIS II,SX4 S-Cross,VITARA LY; CHEVROLET: CAPTIVA C100, C140,NUBIRA Kombi,EPICA KL1_,LACETTI J200,NUBIRA Stufenheck; SAAB: 9-3 YS3F,9-3 Kombi YS3F,9-3 Cabriolet YS3F; LANCIA: YPSILON 843,MUSA 350; VAUXHALL: ZAFIRA Mk II B M75,ASTRA Mk V H CC,VECTRA Mk II C CC,CORSA Mk II C W5L, F08,ASTRA Mk V H Estate,VECTRA Mk II C Estate,ASTRA Mk V H Convertible,VECTRA Mk II C,ANTARA J26, H26,AGILA Mk II B,MERIVA Mk I A,SIGNUM,CORSAVAN Mk II C,TIGRA Convertible,ASTRAVAN Mk V H,COMBO TOUR Mk II C F25,COMBO Mk II C Kasten\/Kombi F25; 1606267680, 190698, 1906C4, 71746975, 71753841, 71773193, 77362340, 77363600, 77365864, 77365902, 1596790, 0813569, 0818012, 4708795, 4807214, 813037, 813040, 813569, 8135690, 818012, 818032, 95599700, 1606267680, 190697, 1906C4, 12762212, 1541184E50, 1541184E50000, 1541184E60, 1541184E60000, 15411T84E60, 95599129<\/p>\n","protected":false},"excerpt":{"rendered":"<p>JP GROUP Polttoainesuodatin JP Group 1218700500  OPEL,FIAT,PEUGEOT,CORSA C F08, F68,ZAFIRA B A05,ASTRA H Caravan L35,MERIVA,ASTRA H L48<\/p>\n","protected":false},"featured_media":0,"template":"","meta":{"site-sidebar-layout":"default","site-content-layout":"default","ast-global-header-display":"","ast-main-header-display":"","ast-hfb-above-header-display":"","ast-hfb-below-header-display":"","ast-hfb-mobile-header-display":"","site-post-title":"","ast-breadcrumbs-content":"","ast-featured-img":"","footer-sml-layout":"","theme-transparent-header-meta":"","adv-header-id-meta":"","stick-header-meta":"","header-above-stick-meta":"","header-main-stick-meta":"","header-below-stick-meta":""},"pwb-brand":[131],"product_cat":[29],"product_tag":[],"class_list":{"0":"post-96684","1":"product","2":"type-product","3":"status-publish","5":"pwb-brand-jp-group","6":"product_cat-polttoainesuodatin","7":"desktop-align-left","8":"tablet-align-left","9":"mobile-align-left","11":"first","12":"instock","13":"product-type-external"},"brands":[{"id":131,"name":"JP GROUP","slug":"jp-group"}],"_links":{"self":[{"href":"https:\/\/www.autonvaraosahaku.fi\/index.php?rest_route=\/wp\/v2\/product\/96684","targetHints":{"allow":["GET"]}}],"collection":[{"href":"https:\/\/www.autonvaraosahaku.fi\/index.php?rest_route=\/wp\/v2\/product"}],"about":[{"href":"https:\/\/www.autonvaraosahaku.fi\/index.php?rest_route=\/wp\/v2\/types\/product"}],"wp:attachment":[{"href":"https:\/\/www.autonvaraosahaku.fi\/index.php?rest_route=%2Fwp%2Fv2%2Fmedia&parent=96684"}],"wp:term":[{"taxonomy":"pwb-brand","embeddable":true,"href":"https:\/\/www.autonvaraosahaku.fi\/index.php?rest_route=%2Fwp%2Fv2%2Fpwb-brand&post=96684"},{"taxonomy":"product_cat","embeddable":true,"href":"https:\/\/www.autonvaraosahaku.fi\/index.php?rest_route=%2Fwp%2Fv2%2Fproduct_cat&post=96684"},{"taxonomy":"product_tag","embeddable":true,"href":"https:\/\/www.autonvaraosahaku.fi\/index.php?rest_route=%2Fwp%2Fv2%2Fproduct_tag&post=96684"}],"curies":[{"name":"wp","href":"https:\/\/api.w.org\/{rel}","templated":true}]}}