{"id":96704,"date":"2021-02-21T22:08:37","date_gmt":"2021-02-21T22:08:37","guid":{"rendered":"https:\/\/www.autonvaraosahaku.fi\/?product=imasaf-16-48-07-takaaanenvaimennin"},"modified":"2021-02-21T22:08:43","modified_gmt":"2021-02-21T22:08:43","slug":"imasaf-16-48-07-takaaanenvaimennin","status":"publish","type":"product","link":"https:\/\/www.autonvaraosahaku.fi\/?product=imasaf-16-48-07-takaaanenvaimennin","title":{"rendered":"IMASAF 16.48.07 Taka\u00e4\u00e4nenvaimennin"},"content":{"rendered":"<p>Asennuspuoli: Takana; LANCIA: YPSILON 843; FIAT: IDEA; 55187406, 55198767, 55187485, 55198767, 55187406, 55198767; Takavaimennin,Takap\u00f6ntt\u00f6,Taka\u00e4\u00e4nenvaimentaja<\/p>\n","protected":false},"excerpt":{"rendered":"<p>IMASAF Taka\u00e4\u00e4nenvaimennin 16.48.07 Takavaimennin,Takap\u00f6ntt\u00f6 LANCIA,FIAT,YPSILON 843,IDEA<\/p>\n","protected":false},"featured_media":0,"template":"","meta":{"site-sidebar-layout":"default","site-content-layout":"default","ast-global-header-display":"","ast-main-header-display":"","ast-hfb-above-header-display":"","ast-hfb-below-header-display":"","ast-hfb-mobile-header-display":"","site-post-title":"","ast-breadcrumbs-content":"","ast-featured-img":"","footer-sml-layout":"","theme-transparent-header-meta":"","adv-header-id-meta":"","stick-header-meta":"","header-above-stick-meta":"","header-main-stick-meta":"","header-below-stick-meta":""},"pwb-brand":[89],"product_cat":[90],"product_tag":[],"class_list":{"0":"post-96704","1":"product","2":"type-product","3":"status-publish","5":"pwb-brand-imasaf","6":"product_cat-takaaanenvaimennin","7":"desktop-align-left","8":"tablet-align-left","9":"mobile-align-left","11":"first","12":"instock","13":"product-type-external"},"brands":[{"id":89,"name":"IMASAF","slug":"imasaf"}],"_links":{"self":[{"href":"https:\/\/www.autonvaraosahaku.fi\/index.php?rest_route=\/wp\/v2\/product\/96704","targetHints":{"allow":["GET"]}}],"collection":[{"href":"https:\/\/www.autonvaraosahaku.fi\/index.php?rest_route=\/wp\/v2\/product"}],"about":[{"href":"https:\/\/www.autonvaraosahaku.fi\/index.php?rest_route=\/wp\/v2\/types\/product"}],"wp:attachment":[{"href":"https:\/\/www.autonvaraosahaku.fi\/index.php?rest_route=%2Fwp%2Fv2%2Fmedia&parent=96704"}],"wp:term":[{"taxonomy":"pwb-brand","embeddable":true,"href":"https:\/\/www.autonvaraosahaku.fi\/index.php?rest_route=%2Fwp%2Fv2%2Fpwb-brand&post=96704"},{"taxonomy":"product_cat","embeddable":true,"href":"https:\/\/www.autonvaraosahaku.fi\/index.php?rest_route=%2Fwp%2Fv2%2Fproduct_cat&post=96704"},{"taxonomy":"product_tag","embeddable":true,"href":"https:\/\/www.autonvaraosahaku.fi\/index.php?rest_route=%2Fwp%2Fv2%2Fproduct_tag&post=96704"}],"curies":[{"name":"wp","href":"https:\/\/api.w.org\/{rel}","templated":true}]}}