{"id":96707,"date":"2021-02-21T22:08:37","date_gmt":"2021-02-21T22:08:37","guid":{"rendered":"https:\/\/www.autonvaraosahaku.fi\/?product=vegaz-ftd-100-pakosarjan-tiivisteet"},"modified":"2021-02-21T22:08:44","modified_gmt":"2021-02-21T22:08:44","slug":"vegaz-ftd-100-pakosarjan-tiivisteet","status":"publish","type":"product","link":"https:\/\/www.autonvaraosahaku.fi\/?product=vegaz-ftd-100-pakosarjan-tiivisteet","title":{"rendered":"VEGAZ FTD-100 Pakosarjan tiivisteet"},"content":{"rendered":"<p>Paino [kg]: 0,01; Reik\u00e4lukum\u00e4\u00e4r\u00e4 2: 4; L\u00e4pimitta 1 [mm]: 36; L\u00e4pimitta 2 [mm]: 9; Moottorinumero: 160A1.046\/836A4.000; SEAT: 124,124 Kombi,RONDA 022A; LADA: NIVA 2121,1200-1600,1200-1500 Kombi,SAMARA 2108, 2109, 2115, 2113, 2114,NOVA 2105,TOSCANA 2107,NOVA Kombi 2104; LANCIA: DELTA I 831AB0,DELTA II 836,DEDRA 835,DEDRA SW 835,PRISMA 831AB0; FIAT: PUNTO 176,BRAVO I 182,BRAVA 182,PUNTO Cabriolet 176C,MAREA Weekend 185,UNO 146A\/E,X 1\/9 128 AS,PALIO Weekend 178DX,FIORINO Kasten 146,TIPO 160,128 Coupe,CROMA 154,MAREA 185,TEMPRA 159,131,RITMO I 138A,124,TEMPRA S.W. 159,FIORINO Pick up 146,CAMPAGNOLA,REGATA 138,124 Familiare,RITMO Cabriolet,UNO Kasten 146,131 Familiare\/Panorama,REGATA Weekend 138,ELBA 146_; ZASTAVA: YUGO; INNOCENTI: ELBA 146; 4117260, 5891207, 034197, 4211272, 46415741, 46461762, 7646609, 7678282, 82302903, 21031203020, 21081203020, 4117260, 5891207, 82302903, 4147260, 4147260, 82302903, 4147260; Tiiviste, Pakoputki<\/p>\n","protected":false},"excerpt":{"rendered":"<p>VEGAZ Pakoputken Tiiviste FTD-100 Tiiviste, Pakoputki SEAT,LADA,LANCIA,124,124 Kombi,RONDA 022A,NIVA 2121,1200-1600,1200-1500 Kombi<\/p>\n","protected":false},"featured_media":0,"template":"","meta":{"site-sidebar-layout":"default","site-content-layout":"default","ast-global-header-display":"","ast-main-header-display":"","ast-hfb-above-header-display":"","ast-hfb-below-header-display":"","ast-hfb-mobile-header-display":"","site-post-title":"","ast-breadcrumbs-content":"","ast-featured-img":"","footer-sml-layout":"","theme-transparent-header-meta":"","adv-header-id-meta":"","stick-header-meta":"","header-above-stick-meta":"","header-main-stick-meta":"","header-below-stick-meta":""},"pwb-brand":[306],"product_cat":[123],"product_tag":[],"class_list":{"0":"post-96707","1":"product","2":"type-product","3":"status-publish","5":"pwb-brand-vegaz","6":"product_cat-pakosarjan-tiivisteet","7":"desktop-align-left","8":"tablet-align-left","9":"mobile-align-left","11":"first","12":"instock","13":"product-type-external"},"brands":[{"id":306,"name":"VEGAZ","slug":"vegaz"}],"_links":{"self":[{"href":"https:\/\/www.autonvaraosahaku.fi\/index.php?rest_route=\/wp\/v2\/product\/96707","targetHints":{"allow":["GET"]}}],"collection":[{"href":"https:\/\/www.autonvaraosahaku.fi\/index.php?rest_route=\/wp\/v2\/product"}],"about":[{"href":"https:\/\/www.autonvaraosahaku.fi\/index.php?rest_route=\/wp\/v2\/types\/product"}],"wp:attachment":[{"href":"https:\/\/www.autonvaraosahaku.fi\/index.php?rest_route=%2Fwp%2Fv2%2Fmedia&parent=96707"}],"wp:term":[{"taxonomy":"pwb-brand","embeddable":true,"href":"https:\/\/www.autonvaraosahaku.fi\/index.php?rest_route=%2Fwp%2Fv2%2Fpwb-brand&post=96707"},{"taxonomy":"product_cat","embeddable":true,"href":"https:\/\/www.autonvaraosahaku.fi\/index.php?rest_route=%2Fwp%2Fv2%2Fproduct_cat&post=96707"},{"taxonomy":"product_tag","embeddable":true,"href":"https:\/\/www.autonvaraosahaku.fi\/index.php?rest_route=%2Fwp%2Fv2%2Fproduct_tag&post=96707"}],"curies":[{"name":"wp","href":"https:\/\/api.w.org\/{rel}","templated":true}]}}