{"id":96719,"date":"2021-02-21T22:08:45","date_gmt":"2021-02-21T22:08:45","guid":{"rendered":"https:\/\/www.autonvaraosahaku.fi\/?product=febi-bilstein-06273-pyoranpultit"},"modified":"2021-02-21T22:08:49","modified_gmt":"2021-02-21T22:08:49","slug":"febi-bilstein-06273-pyoranpultit","status":"publish","type":"product","link":"https:\/\/www.autonvaraosahaku.fi\/?product=febi-bilstein-06273-pyoranpultit","title":{"rendered":"FEBI BILSTEIN 06273 Py\u00f6r\u00e4npultit"},"content":{"rendered":"<p>Pituus (mm): 68; Ulkokierre [mm]: M18 x 1,5; Kierteen pituus (mm): 30; Laatu \/ luokka: 10.9; Runkopituus [mm]: 27; Materiaali: Ter\u00e4s; Pinta: Fosfatoitu; Ruuvin pituus ilman p\u00e4\u00e4t\u00e4: 60; Ruuvikanta-\u00d8 [mm]: 27; Paino [kg]: 0,24, 0,24; Moottorinumero: OM364; MERCEDES-BENZ: T2\/LN1 Kasten\/Kombi,VARIO Kasten\/Kombi,VARIO Pritsche\/Fahrgestell,VARIO Kipper,T2\/LN1 Pritsche\/Fahrgestell,VARIO Bus,T2\/LN1 Kipper,T2\/LN1 Triebkopf,LK\/LN2,LP,O 309; SETRA: Series 500; 3144020071, 3144020071S3, A3144020071<\/p>\n","protected":false},"excerpt":{"rendered":"<p>FEBI BILSTEIN Py\u00f6r\u00e4npultit 06273  MERCEDES-BENZ,SETRA,T2\/LN1 Kasten\/Kombi,VARIO Kasten\/Kombi,VARIO Pritsche\/Fahrgestell,VARIO Kipper<\/p>\n","protected":false},"featured_media":0,"template":"","meta":{"site-sidebar-layout":"default","site-content-layout":"default","ast-global-header-display":"","ast-main-header-display":"","ast-hfb-above-header-display":"","ast-hfb-below-header-display":"","ast-hfb-mobile-header-display":"","site-post-title":"","ast-breadcrumbs-content":"","ast-featured-img":"","footer-sml-layout":"","theme-transparent-header-meta":"","adv-header-id-meta":"","stick-header-meta":"","header-above-stick-meta":"","header-main-stick-meta":"","header-below-stick-meta":""},"pwb-brand":[50],"product_cat":[51],"product_tag":[],"class_list":{"0":"post-96719","1":"product","2":"type-product","3":"status-publish","5":"pwb-brand-febi-bilstein","6":"product_cat-pyoranpultit","7":"desktop-align-left","8":"tablet-align-left","9":"mobile-align-left","11":"first","12":"instock","13":"product-type-external"},"brands":[{"id":50,"name":"FEBI BILSTEIN","slug":"febi-bilstein"}],"_links":{"self":[{"href":"https:\/\/www.autonvaraosahaku.fi\/index.php?rest_route=\/wp\/v2\/product\/96719","targetHints":{"allow":["GET"]}}],"collection":[{"href":"https:\/\/www.autonvaraosahaku.fi\/index.php?rest_route=\/wp\/v2\/product"}],"about":[{"href":"https:\/\/www.autonvaraosahaku.fi\/index.php?rest_route=\/wp\/v2\/types\/product"}],"wp:attachment":[{"href":"https:\/\/www.autonvaraosahaku.fi\/index.php?rest_route=%2Fwp%2Fv2%2Fmedia&parent=96719"}],"wp:term":[{"taxonomy":"pwb-brand","embeddable":true,"href":"https:\/\/www.autonvaraosahaku.fi\/index.php?rest_route=%2Fwp%2Fv2%2Fpwb-brand&post=96719"},{"taxonomy":"product_cat","embeddable":true,"href":"https:\/\/www.autonvaraosahaku.fi\/index.php?rest_route=%2Fwp%2Fv2%2Fproduct_cat&post=96719"},{"taxonomy":"product_tag","embeddable":true,"href":"https:\/\/www.autonvaraosahaku.fi\/index.php?rest_route=%2Fwp%2Fv2%2Fproduct_tag&post=96719"}],"curies":[{"name":"wp","href":"https:\/\/api.w.org\/{rel}","templated":true}]}}