{"id":96727,"date":"2021-02-21T22:08:45","date_gmt":"2021-02-21T22:08:45","guid":{"rendered":"https:\/\/www.autonvaraosahaku.fi\/?product=febi-bilstein-31397-polttoainesuodatin"},"modified":"2021-02-21T22:08:52","modified_gmt":"2021-02-21T22:08:52","slug":"febi-bilstein-31397-polttoainesuodatin","status":"publish","type":"product","link":"https:\/\/www.autonvaraosahaku.fi\/?product=febi-bilstein-31397-polttoainesuodatin","title":{"rendered":"FEBI BILSTEIN 31397 Polttoainesuodatin"},"content":{"rendered":"<p>Suodatintyyppi: Suodatinpanos, Suodatinpanos; Sis\u00e4l\u00e4pimitta [mm]: 46,0, 13,0; Korkeus (mm): 174; Ulkol\u00e4pimitta [mm]: 95,0, 66,0; V\u00e4ri: Valkoinen; Materiaali: Paperi; Paino [kg]: 0,210; Huomioi huolto-ohjeet: , ; Moottorinumero: D2866LF; VW: CONSTELLATION,WORKER; VISEON: C Series,L Series; TEMSA: DIAMOND; VAN HOOL: A-Serie,T-Serie; OTOKAR: VECTIO; PLAXTON: PANTHER; NEOPLAN: Centroliner,Cityliner,Skyliner,Tourliner; OPTARE: SOLO,SOLO SR,TEMPO,VERSA; MAN: E2000,F2000,F90,HOCL,LION\u00b4S CITY,LION\u00b4S COACH,LION\u00b4S REGIO,LION\u00b4S STAR,NG,NL,NM,R,SL II,S\u00dc,TGA,TGL,TGM,TGS,TGX,\u00dcL; LAZ: LEMBERG; 51125030061, 51125030063, 51125030088, 51125030092, 51125030109<\/p>\n","protected":false},"excerpt":{"rendered":"<p>FEBI BILSTEIN Polttoainesuodatin 31397  VW,VISEON,TEMSA,CONSTELLATION,WORKER,C Series,L Series,DIAMOND,A-Serie,T-Serie,VECTIO,PANTHER,Centroliner<\/p>\n","protected":false},"featured_media":0,"template":"","meta":{"site-sidebar-layout":"default","site-content-layout":"default","ast-global-header-display":"","ast-main-header-display":"","ast-hfb-above-header-display":"","ast-hfb-below-header-display":"","ast-hfb-mobile-header-display":"","site-post-title":"","ast-breadcrumbs-content":"","ast-featured-img":"","footer-sml-layout":"","theme-transparent-header-meta":"","adv-header-id-meta":"","stick-header-meta":"","header-above-stick-meta":"","header-main-stick-meta":"","header-below-stick-meta":""},"pwb-brand":[50],"product_cat":[29],"product_tag":[],"class_list":{"0":"post-96727","1":"product","2":"type-product","3":"status-publish","5":"pwb-brand-febi-bilstein","6":"product_cat-polttoainesuodatin","7":"desktop-align-left","8":"tablet-align-left","9":"mobile-align-left","11":"first","12":"instock","13":"product-type-external"},"brands":[{"id":50,"name":"FEBI BILSTEIN","slug":"febi-bilstein"}],"_links":{"self":[{"href":"https:\/\/www.autonvaraosahaku.fi\/index.php?rest_route=\/wp\/v2\/product\/96727","targetHints":{"allow":["GET"]}}],"collection":[{"href":"https:\/\/www.autonvaraosahaku.fi\/index.php?rest_route=\/wp\/v2\/product"}],"about":[{"href":"https:\/\/www.autonvaraosahaku.fi\/index.php?rest_route=\/wp\/v2\/types\/product"}],"wp:attachment":[{"href":"https:\/\/www.autonvaraosahaku.fi\/index.php?rest_route=%2Fwp%2Fv2%2Fmedia&parent=96727"}],"wp:term":[{"taxonomy":"pwb-brand","embeddable":true,"href":"https:\/\/www.autonvaraosahaku.fi\/index.php?rest_route=%2Fwp%2Fv2%2Fpwb-brand&post=96727"},{"taxonomy":"product_cat","embeddable":true,"href":"https:\/\/www.autonvaraosahaku.fi\/index.php?rest_route=%2Fwp%2Fv2%2Fproduct_cat&post=96727"},{"taxonomy":"product_tag","embeddable":true,"href":"https:\/\/www.autonvaraosahaku.fi\/index.php?rest_route=%2Fwp%2Fv2%2Fproduct_tag&post=96727"}],"curies":[{"name":"wp","href":"https:\/\/api.w.org\/{rel}","templated":true}]}}