{"id":96731,"date":"2021-02-21T22:08:54","date_gmt":"2021-02-21T22:08:54","guid":{"rendered":"https:\/\/www.autonvaraosahaku.fi\/?product=febi-bilstein-05200-raidetangon-paa"},"modified":"2021-02-21T22:08:54","modified_gmt":"2021-02-21T22:08:54","slug":"febi-bilstein-05200-raidetangon-paa","status":"publish","type":"product","link":"https:\/\/www.autonvaraosahaku.fi\/?product=febi-bilstein-05200-raidetangon-paa","title":{"rendered":"FEBI BILSTEIN 05200 Raidetangon p\u00e4\u00e4"},"content":{"rendered":"<p>Parilliset tuotenumerot: 05201; Sis\u00e4kierre (mm): M16 x 2; Kierremalli: Vasemmalla kierteell\u00e4; Asennuspuoli: Etuakseli, oikea; Paino [kg]: 0,420, 0,420; Alustanumeroon: 22029908; SAAB: 9-3 YS3D,9-3 Cabriolet YS3D,900 II Cabriolet,900 II,900 II Coupe; OPEL: ASTRA G Caravan F35_,ASTRA F CC 53_, 54_, 58_, 59_,ASTRA F Caravan 51_, 52_,ASTRA G Stufenheck F69_,CALIBRA A 85_,VECTRA A 86_, 87_,ASTRA F Cabriolet 53_B,ASTRA F 56_, 57_,VECTRA A CC 88_, 89_,ASTRA F CLASSIC CC,ASTRA F CLASSIC Stufenheck,ASTRA F CLASSIC Caravan,ASTRA F Van 55_; VAUXHALL: CALIBRA,ASTRA Mk III F CC,CAVALIER Mk III 87,ASTRA Mk III F Estate,CAVALIER Mk III CC,ASTRAVAN Mk III F; 00324054, 00324056, 0324054, 0324056, 324054, 324056, 4242756, 090304622, 090350448, 090369705, 90304622, 90350448, 90369705<\/p>\n","protected":false},"excerpt":{"rendered":"<p>FEBI BILSTEIN Raidetangon P\u00e4\u00e4 05200  SAAB,OPEL,VAUXHALL,9-3 YS3D,9-3 Cabriolet YS3D,900 II Cabriolet,900 II,900 II Coupe,ASTRA G Caravan F35_<\/p>\n","protected":false},"featured_media":0,"template":"","meta":{"site-sidebar-layout":"default","site-content-layout":"default","ast-global-header-display":"","ast-main-header-display":"","ast-hfb-above-header-display":"","ast-hfb-below-header-display":"","ast-hfb-mobile-header-display":"","site-post-title":"","ast-breadcrumbs-content":"","ast-featured-img":"","footer-sml-layout":"","theme-transparent-header-meta":"","adv-header-id-meta":"","stick-header-meta":"","header-above-stick-meta":"","header-main-stick-meta":"","header-below-stick-meta":""},"pwb-brand":[50],"product_cat":[96],"product_tag":[],"class_list":{"0":"post-96731","1":"product","2":"type-product","3":"status-publish","5":"pwb-brand-febi-bilstein","6":"product_cat-raidetangon-paa","7":"desktop-align-left","8":"tablet-align-left","9":"mobile-align-left","11":"first","12":"instock","13":"product-type-external"},"brands":[{"id":50,"name":"FEBI BILSTEIN","slug":"febi-bilstein"}],"_links":{"self":[{"href":"https:\/\/www.autonvaraosahaku.fi\/index.php?rest_route=\/wp\/v2\/product\/96731","targetHints":{"allow":["GET"]}}],"collection":[{"href":"https:\/\/www.autonvaraosahaku.fi\/index.php?rest_route=\/wp\/v2\/product"}],"about":[{"href":"https:\/\/www.autonvaraosahaku.fi\/index.php?rest_route=\/wp\/v2\/types\/product"}],"wp:attachment":[{"href":"https:\/\/www.autonvaraosahaku.fi\/index.php?rest_route=%2Fwp%2Fv2%2Fmedia&parent=96731"}],"wp:term":[{"taxonomy":"pwb-brand","embeddable":true,"href":"https:\/\/www.autonvaraosahaku.fi\/index.php?rest_route=%2Fwp%2Fv2%2Fpwb-brand&post=96731"},{"taxonomy":"product_cat","embeddable":true,"href":"https:\/\/www.autonvaraosahaku.fi\/index.php?rest_route=%2Fwp%2Fv2%2Fproduct_cat&post=96731"},{"taxonomy":"product_tag","embeddable":true,"href":"https:\/\/www.autonvaraosahaku.fi\/index.php?rest_route=%2Fwp%2Fv2%2Fproduct_tag&post=96731"}],"curies":[{"name":"wp","href":"https:\/\/api.w.org\/{rel}","templated":true}]}}