{"id":96739,"date":"2021-02-21T22:08:54","date_gmt":"2021-02-21T22:08:54","guid":{"rendered":"https:\/\/www.autonvaraosahaku.fi\/?product=febi-bilstein-30965-vetonivelen-suojakumi"},"modified":"2021-02-21T22:08:57","modified_gmt":"2021-02-21T22:08:57","slug":"febi-bilstein-30965-vetonivelen-suojakumi","status":"publish","type":"product","link":"https:\/\/www.autonvaraosahaku.fi\/?product=febi-bilstein-30965-vetonivelen-suojakumi","title":{"rendered":"FEBI BILSTEIN 30965 Vetonivelen suojakumi"},"content":{"rendered":"<p>Pituus (mm): 100; Materiaali: Kumi; Asennuspuoli: Taka-akseli, Py\u00f6r\u00e4n puoli; Paino [kg]: 0,27; Sis\u00e4l\u00e4pimitta 1 [mm]: 38; Sis\u00e4l\u00e4pimitta 2 [mm]: 67; Huomioi huolto-ohjeet: , ; Moottorinumero: OM605; MERCEDES-BENZ: E-CLASS W210,Stufenheck W124,E-CLASS Kombi S210,S-CLASS W220,KOMBI Kombi S124,E-CLASS W124,COUPE C124,S-CLASS W140,E-CLASS Kombi S124,S-CLASS Coupe C215,E-CLASS Cabriolet A124,E-CLASS Coupe C124,S-CLASS Coupe C140; 2103500737, 2103500737SK, 2103570091, 2103570091S1, 2103570191, 2103570191S1, 2203500037, 2203500037S1<\/p>\n","protected":false},"excerpt":{"rendered":"<p>FEBI BILSTEIN Paljekumisarja, Vetoakseli 30965  MERCEDES-BENZ,E-CLASS W210,Stufenheck W124,E-CLASS Kombi S210,S-CLASS W220,KOMBI Kombi S124<\/p>\n","protected":false},"featured_media":0,"template":"","meta":{"site-sidebar-layout":"default","site-content-layout":"default","ast-global-header-display":"","ast-main-header-display":"","ast-hfb-above-header-display":"","ast-hfb-below-header-display":"","ast-hfb-mobile-header-display":"","site-post-title":"","ast-breadcrumbs-content":"","ast-featured-img":"","footer-sml-layout":"","theme-transparent-header-meta":"","adv-header-id-meta":"","stick-header-meta":"","header-above-stick-meta":"","header-main-stick-meta":"","header-below-stick-meta":""},"pwb-brand":[50],"product_cat":[42],"product_tag":[],"class_list":{"0":"post-96739","1":"product","2":"type-product","3":"status-publish","5":"pwb-brand-febi-bilstein","6":"product_cat-vetonivelen-suojakumi","7":"desktop-align-left","8":"tablet-align-left","9":"mobile-align-left","11":"first","12":"instock","13":"product-type-external"},"brands":[{"id":50,"name":"FEBI BILSTEIN","slug":"febi-bilstein"}],"_links":{"self":[{"href":"https:\/\/www.autonvaraosahaku.fi\/index.php?rest_route=\/wp\/v2\/product\/96739","targetHints":{"allow":["GET"]}}],"collection":[{"href":"https:\/\/www.autonvaraosahaku.fi\/index.php?rest_route=\/wp\/v2\/product"}],"about":[{"href":"https:\/\/www.autonvaraosahaku.fi\/index.php?rest_route=\/wp\/v2\/types\/product"}],"wp:attachment":[{"href":"https:\/\/www.autonvaraosahaku.fi\/index.php?rest_route=%2Fwp%2Fv2%2Fmedia&parent=96739"}],"wp:term":[{"taxonomy":"pwb-brand","embeddable":true,"href":"https:\/\/www.autonvaraosahaku.fi\/index.php?rest_route=%2Fwp%2Fv2%2Fpwb-brand&post=96739"},{"taxonomy":"product_cat","embeddable":true,"href":"https:\/\/www.autonvaraosahaku.fi\/index.php?rest_route=%2Fwp%2Fv2%2Fproduct_cat&post=96739"},{"taxonomy":"product_tag","embeddable":true,"href":"https:\/\/www.autonvaraosahaku.fi\/index.php?rest_route=%2Fwp%2Fv2%2Fproduct_tag&post=96739"}],"curies":[{"name":"wp","href":"https:\/\/api.w.org\/{rel}","templated":true}]}}