{"id":96764,"date":"2021-02-21T22:09:02","date_gmt":"2021-02-21T22:09:02","guid":{"rendered":"https:\/\/www.autonvaraosahaku.fi\/?product=febi-bilstein-01713-raidetangon-paa"},"modified":"2021-02-21T22:09:07","modified_gmt":"2021-02-21T22:09:07","slug":"febi-bilstein-01713-raidetangon-paa","status":"publish","type":"product","link":"https:\/\/www.autonvaraosahaku.fi\/?product=febi-bilstein-01713-raidetangon-paa","title":{"rendered":"FEBI BILSTEIN 01713 Raidetangon p\u00e4\u00e4"},"content":{"rendered":"<p>Pituus (mm): 93; Paksuus [mm]: 68,0; Ulkol\u00e4pimitta [mm]: 12,7; Ulkokierre [mm]: M10 x 1, M14 x 1,5; Kierteen pituus (mm): 16,7, 63; Kierremalli: Vasemmalla kierteell\u00e4; Materiaali: Ter\u00e4s; Paino [kg]: 0,273, 0,273; lis\u00e4tieto: febi Plus; Asennuspuoli: Vorderachse rechts; MERCEDES-BENZ: SL R107,S-CLASS W126,S-CLASS W108, W109,S-CLASS W116,COUPE W111,S-CLASS Coupe C126,SL Coupe C107,HECKFLOSSE W111, W112,SL W121; 0003380810, 0003382010, 0003385010, 0003385310, 0008900048, 1803301048, A0003380810, A0003382010, A0003385010, A0003385310, A0008900048, A1803301048<\/p>\n","protected":false},"excerpt":{"rendered":"<p>FEBI BILSTEIN Raidetangon P\u00e4\u00e4 01713  MERCEDES-BENZ,SL R107,S-CLASS W126,S-CLASS W108, W109,S-CLASS W116,COUPE W111,S-CLASS Coupe C126,SL Coupe C107<\/p>\n","protected":false},"featured_media":0,"template":"","meta":{"site-sidebar-layout":"default","site-content-layout":"default","ast-global-header-display":"","ast-main-header-display":"","ast-hfb-above-header-display":"","ast-hfb-below-header-display":"","ast-hfb-mobile-header-display":"","site-post-title":"","ast-breadcrumbs-content":"","ast-featured-img":"","footer-sml-layout":"","theme-transparent-header-meta":"","adv-header-id-meta":"","stick-header-meta":"","header-above-stick-meta":"","header-main-stick-meta":"","header-below-stick-meta":""},"pwb-brand":[50],"product_cat":[96],"product_tag":[],"class_list":{"0":"post-96764","1":"product","2":"type-product","3":"status-publish","5":"pwb-brand-febi-bilstein","6":"product_cat-raidetangon-paa","7":"desktop-align-left","8":"tablet-align-left","9":"mobile-align-left","11":"first","12":"instock","13":"product-type-external"},"brands":[{"id":50,"name":"FEBI BILSTEIN","slug":"febi-bilstein"}],"_links":{"self":[{"href":"https:\/\/www.autonvaraosahaku.fi\/index.php?rest_route=\/wp\/v2\/product\/96764","targetHints":{"allow":["GET"]}}],"collection":[{"href":"https:\/\/www.autonvaraosahaku.fi\/index.php?rest_route=\/wp\/v2\/product"}],"about":[{"href":"https:\/\/www.autonvaraosahaku.fi\/index.php?rest_route=\/wp\/v2\/types\/product"}],"wp:attachment":[{"href":"https:\/\/www.autonvaraosahaku.fi\/index.php?rest_route=%2Fwp%2Fv2%2Fmedia&parent=96764"}],"wp:term":[{"taxonomy":"pwb-brand","embeddable":true,"href":"https:\/\/www.autonvaraosahaku.fi\/index.php?rest_route=%2Fwp%2Fv2%2Fpwb-brand&post=96764"},{"taxonomy":"product_cat","embeddable":true,"href":"https:\/\/www.autonvaraosahaku.fi\/index.php?rest_route=%2Fwp%2Fv2%2Fproduct_cat&post=96764"},{"taxonomy":"product_tag","embeddable":true,"href":"https:\/\/www.autonvaraosahaku.fi\/index.php?rest_route=%2Fwp%2Fv2%2Fproduct_tag&post=96764"}],"curies":[{"name":"wp","href":"https:\/\/api.w.org\/{rel}","templated":true}]}}