{"id":96767,"date":"2021-02-21T22:09:02","date_gmt":"2021-02-21T22:09:02","guid":{"rendered":"https:\/\/www.autonvaraosahaku.fi\/?product=vemo-v20-72-5132-jarrupalojen-kulumisen-ilmaisin"},"modified":"2021-02-21T22:09:09","modified_gmt":"2021-02-21T22:09:09","slug":"vemo-v20-72-5132-jarrupalojen-kulumisen-ilmaisin","status":"publish","type":"product","link":"https:\/\/www.autonvaraosahaku.fi\/?product=vemo-v20-72-5132-jarrupalojen-kulumisen-ilmaisin","title":{"rendered":"VEMO V20-72-5132 Jarrupalojen kulumisen ilmaisin"},"content":{"rendered":"<p>Asennuspuoli: Taka-akseli; Varoittimen pituus [mm]: 1130; Jarrutyyppi: Levyjarru; Paino [kg]: 0,025; Pakkausleveys [cm]: 2,43; Pakkauskorkeus [mm]: 113,5; Pakkaussyvyys [cm]: 1,69; Tuotelinja: Original Quality; Tarvittava kappalem\u00e4\u00e4r\u00e4: 1; MINI: MINI R50, R53,MINI Cabriolet R52; 34356761448, 6761448, 34356761448, 34356778176; Kulumisenilmaisin, Jarrupala<\/p>\n","protected":false},"excerpt":{"rendered":"<p>VEMO Jarrupalojen Kulumisen Ilmaisin V20-72-5132 Kulumisenilmaisin, Jarrupala MINI,MINI R50, R53,MINI Cabriolet R52<\/p>\n","protected":false},"featured_media":0,"template":"","meta":{"site-sidebar-layout":"default","site-content-layout":"default","ast-global-header-display":"","ast-main-header-display":"","ast-hfb-above-header-display":"","ast-hfb-below-header-display":"","ast-hfb-mobile-header-display":"","site-post-title":"","ast-breadcrumbs-content":"","ast-featured-img":"","footer-sml-layout":"","theme-transparent-header-meta":"","adv-header-id-meta":"","stick-header-meta":"","header-above-stick-meta":"","header-main-stick-meta":"","header-below-stick-meta":""},"pwb-brand":[168],"product_cat":[111],"product_tag":[],"class_list":{"0":"post-96767","1":"product","2":"type-product","3":"status-publish","5":"pwb-brand-vemo","6":"product_cat-jarrupalojen-kulumisen-ilmaisin","7":"desktop-align-left","8":"tablet-align-left","9":"mobile-align-left","11":"first","12":"instock","13":"product-type-external"},"brands":[{"id":168,"name":"VEMO","slug":"vemo"}],"_links":{"self":[{"href":"https:\/\/www.autonvaraosahaku.fi\/index.php?rest_route=\/wp\/v2\/product\/96767","targetHints":{"allow":["GET"]}}],"collection":[{"href":"https:\/\/www.autonvaraosahaku.fi\/index.php?rest_route=\/wp\/v2\/product"}],"about":[{"href":"https:\/\/www.autonvaraosahaku.fi\/index.php?rest_route=\/wp\/v2\/types\/product"}],"wp:attachment":[{"href":"https:\/\/www.autonvaraosahaku.fi\/index.php?rest_route=%2Fwp%2Fv2%2Fmedia&parent=96767"}],"wp:term":[{"taxonomy":"pwb-brand","embeddable":true,"href":"https:\/\/www.autonvaraosahaku.fi\/index.php?rest_route=%2Fwp%2Fv2%2Fpwb-brand&post=96767"},{"taxonomy":"product_cat","embeddable":true,"href":"https:\/\/www.autonvaraosahaku.fi\/index.php?rest_route=%2Fwp%2Fv2%2Fproduct_cat&post=96767"},{"taxonomy":"product_tag","embeddable":true,"href":"https:\/\/www.autonvaraosahaku.fi\/index.php?rest_route=%2Fwp%2Fv2%2Fproduct_tag&post=96767"}],"curies":[{"name":"wp","href":"https:\/\/api.w.org\/{rel}","templated":true}]}}