{"id":96790,"date":"2021-02-21T22:09:19","date_gmt":"2021-02-21T22:09:19","guid":{"rendered":"https:\/\/www.autonvaraosahaku.fi\/?product=ridex-82b0337-jarrulevyt"},"modified":"2021-02-21T22:09:20","modified_gmt":"2021-02-21T22:09:20","slug":"ridex-82b0337-jarrulevyt","status":"publish","type":"product","link":"https:\/\/www.autonvaraosahaku.fi\/?product=ridex-82b0337-jarrulevyt","title":{"rendered":"RIDEX 82B0337 Jarrulevyt"},"content":{"rendered":"<p>Korkeus (mm): 59,7; Jarrulevytyyppi: Tuuletettu; V\u00e4himm\u00e4ispaksuus (mm): 23; Reikien m\u00e4\u00e4r\u00e4: 5; Reik\u00e4ympyr\u00e4-\u00d8 [mm]: 112; keskitt\u00e4misl\u00e4pimitta [mm]: 68; Reik\u00e4-\u00d8 [mm]: 15,3; L\u00e4pimitta [mm]: 314; Asennuspuoli: Etuakseli; Jarrulevyn paksuus (mm): 25; Sis\u00e4l\u00e4pimitta [mm]: 144; Reik\u00e4kuvio\/-m\u00e4\u00e4r\u00e4: 5\/6; PR-numerolle: 1LT; AUDI: A4 Avant 8K5, B8,A6 Avant 4F5, C6,A4 8K2, B8,A6 4F2, C6,A5 8T3,A5 Sportback 8TA,A8 4E_,A6 Allroad 4FH, C6,A4 Allroad 8KH, B8,A5 Cabriolet 8F7; 4F0615301D; Jarrulevy<\/p>\n","protected":false},"excerpt":{"rendered":"<p>RIDEX Jarrulevyt 82B0337 Jarrulevy AUDI,A4 Avant 8K5, B8,A6 Avant 4F5, C6,A4 8K2, B8,A6 4F2, C6,A5 8T3,A5 Sportback 8TA,A8 4E_,A6 Allroad 4FH, C6<\/p>\n","protected":false},"featured_media":0,"template":"","meta":{"site-sidebar-layout":"default","site-content-layout":"default","ast-global-header-display":"","ast-main-header-display":"","ast-hfb-above-header-display":"","ast-hfb-below-header-display":"","ast-hfb-mobile-header-display":"","site-post-title":"","ast-breadcrumbs-content":"","ast-featured-img":"","footer-sml-layout":"","theme-transparent-header-meta":"","adv-header-id-meta":"","stick-header-meta":"","header-above-stick-meta":"","header-main-stick-meta":"","header-below-stick-meta":""},"pwb-brand":[157],"product_cat":[66],"product_tag":[],"class_list":{"0":"post-96790","1":"product","2":"type-product","3":"status-publish","5":"pwb-brand-ridex","6":"product_cat-jarrulevyt","7":"desktop-align-left","8":"tablet-align-left","9":"mobile-align-left","11":"first","12":"instock","13":"product-type-external"},"brands":[{"id":157,"name":"RIDEX","slug":"ridex"}],"_links":{"self":[{"href":"https:\/\/www.autonvaraosahaku.fi\/index.php?rest_route=\/wp\/v2\/product\/96790","targetHints":{"allow":["GET"]}}],"collection":[{"href":"https:\/\/www.autonvaraosahaku.fi\/index.php?rest_route=\/wp\/v2\/product"}],"about":[{"href":"https:\/\/www.autonvaraosahaku.fi\/index.php?rest_route=\/wp\/v2\/types\/product"}],"wp:attachment":[{"href":"https:\/\/www.autonvaraosahaku.fi\/index.php?rest_route=%2Fwp%2Fv2%2Fmedia&parent=96790"}],"wp:term":[{"taxonomy":"pwb-brand","embeddable":true,"href":"https:\/\/www.autonvaraosahaku.fi\/index.php?rest_route=%2Fwp%2Fv2%2Fpwb-brand&post=96790"},{"taxonomy":"product_cat","embeddable":true,"href":"https:\/\/www.autonvaraosahaku.fi\/index.php?rest_route=%2Fwp%2Fv2%2Fproduct_cat&post=96790"},{"taxonomy":"product_tag","embeddable":true,"href":"https:\/\/www.autonvaraosahaku.fi\/index.php?rest_route=%2Fwp%2Fv2%2Fproduct_tag&post=96790"}],"curies":[{"name":"wp","href":"https:\/\/api.w.org\/{rel}","templated":true}]}}