{"id":96824,"date":"2021-02-21T22:09:27","date_gmt":"2021-02-21T22:09:27","guid":{"rendered":"https:\/\/www.autonvaraosahaku.fi\/?product=ridex-78b0410-jarrusatula"},"modified":"2021-02-21T22:09:33","modified_gmt":"2021-02-21T22:09:33","slug":"ridex-78b0410-jarrusatula","status":"publish","type":"product","link":"https:\/\/www.autonvaraosahaku.fi\/?product=ridex-78b0410-jarrusatula","title":{"rendered":"RIDEX 78B0410 Jarrusatula"},"content":{"rendered":"<p>Asennuspuoli: Etuakseli, vasen; Jarrulevyl\u00e4pimitalle [mm]: 266; Sylinterim\u00e4nn\u00e4n halkaisija [mm]: 54; Jarrulevyn paksuus (mm): 22; Jarrulevytyyppi: Tuuletettu; Jarrusatulatyyppi: Jarrusatula (1-m\u00e4nt\u00e4); parilliset tuotenumerot: 78B0477; Nettopaino [kg]: 3,1; Valmistusvuosi alkaen: 12\/2001; PEUGEOT: 206 Schr\u00e4gheck 2A\/C,206 CC 2D,207 WA_, WC_,307 SW 3H,307 CC 3B,307 3A\/C,207 SW WK_,206 SW 2E\/K,208,307 Break 3E,PARTNER Tepee,1007 KM_,PARTNER Combispace 5F,2008,PARTNER Kasten 5,PARTNER Kasten,207 Stufenheck,301,207 Van,PARTNER Pritsche\/Fahrgestell,208 Kasten; CITRO\u00cbN: BERLINGO MF,XSARA PICASSO N68,C2 JM_,C3 I FC_,C4 Picasso I UD_,C4 I LC_,DS3,BERLINGO Kasten M_,C3 Picasso,C3 II,XSARA N1,C4 Coupe LA_,XSARA Break N2,XSARA Coupe N0,C4 Stufenheck L,DS3 Cabriolet,C-ELYSEE,C4 CACTUS,XSARA Kasten,C3 III SX,XSARA Kasten\/Schr\u00e4gheck; DS: DS 3,DS 3 Cabriolet; 4400N0, 4400R6, 441067, 4400R6, 4400N0, 4400R6, 441067<\/p>\n","protected":false},"excerpt":{"rendered":"<p>RIDEX Jarrusatula 78B0410  PEUGEOT,CITRO\u00cbN,DS,206 Schr\u00e4gheck 2A\/C,206 CC 2D,207 WA_, WC_,307 SW 3H,307 CC 3B,307 3A\/C,207 SW WK_,206 SW 2E\/K,208<\/p>\n","protected":false},"featured_media":0,"template":"","meta":{"site-sidebar-layout":"default","site-content-layout":"default","ast-global-header-display":"","ast-main-header-display":"","ast-hfb-above-header-display":"","ast-hfb-below-header-display":"","ast-hfb-mobile-header-display":"","site-post-title":"","ast-breadcrumbs-content":"","ast-featured-img":"","footer-sml-layout":"","theme-transparent-header-meta":"","adv-header-id-meta":"","stick-header-meta":"","header-above-stick-meta":"","header-main-stick-meta":"","header-below-stick-meta":""},"pwb-brand":[157],"product_cat":[177],"product_tag":[],"class_list":{"0":"post-96824","1":"product","2":"type-product","3":"status-publish","5":"pwb-brand-ridex","6":"product_cat-jarrusatula","7":"desktop-align-left","8":"tablet-align-left","9":"mobile-align-left","11":"first","12":"instock","13":"product-type-external"},"brands":[{"id":157,"name":"RIDEX","slug":"ridex"}],"_links":{"self":[{"href":"https:\/\/www.autonvaraosahaku.fi\/index.php?rest_route=\/wp\/v2\/product\/96824","targetHints":{"allow":["GET"]}}],"collection":[{"href":"https:\/\/www.autonvaraosahaku.fi\/index.php?rest_route=\/wp\/v2\/product"}],"about":[{"href":"https:\/\/www.autonvaraosahaku.fi\/index.php?rest_route=\/wp\/v2\/types\/product"}],"wp:attachment":[{"href":"https:\/\/www.autonvaraosahaku.fi\/index.php?rest_route=%2Fwp%2Fv2%2Fmedia&parent=96824"}],"wp:term":[{"taxonomy":"pwb-brand","embeddable":true,"href":"https:\/\/www.autonvaraosahaku.fi\/index.php?rest_route=%2Fwp%2Fv2%2Fpwb-brand&post=96824"},{"taxonomy":"product_cat","embeddable":true,"href":"https:\/\/www.autonvaraosahaku.fi\/index.php?rest_route=%2Fwp%2Fv2%2Fproduct_cat&post=96824"},{"taxonomy":"product_tag","embeddable":true,"href":"https:\/\/www.autonvaraosahaku.fi\/index.php?rest_route=%2Fwp%2Fv2%2Fproduct_tag&post=96824"}],"curies":[{"name":"wp","href":"https:\/\/api.w.org\/{rel}","templated":true}]}}