{"id":96881,"date":"2021-02-21T22:09:52","date_gmt":"2021-02-21T22:09:52","guid":{"rendered":"https:\/\/www.autonvaraosahaku.fi\/?product=magnum-technology-agm085mt-iskunvaimennin"},"modified":"2021-02-21T22:09:57","modified_gmt":"2021-02-21T22:09:57","slug":"magnum-technology-agm085mt-iskunvaimennin","status":"publish","type":"product","link":"https:\/\/www.autonvaraosahaku.fi\/?product=magnum-technology-agm085mt-iskunvaimennin","title":{"rendered":"Magnum Technology AGM085MT Iskunvaimennin"},"content":{"rendered":"<p>Iskunvaimennin malli: Joustintuki; Iskunvaimennusj\u00e4rjestelm\u00e4: Kaksiputki; Iskunvaimennin tyyppi: Kaasupaine; Asennuspuoli: Etuakseli; Iskunvaimennin asennustapa: Tappi ylh\u00e4\u00e4ll\u00e4, Tappi alhaalla; Alustarakenne: f\u00fcr Fahrzeuge mit Standard Fahrwerk; MERCEDES-BENZ: VANEO 414; 4143200430, 4143200630, 4143201213, 4143201313, 4143201413, 4143201513, 4143201613, 4143201713, A4143200430, A4143200630, A4143201213, A4143201313, A4143201413, A4143201513, A4143201613, A4143201713; Iskarit,Iskunvaimennin<\/p>\n","protected":false},"excerpt":{"rendered":"<p>Magnum Technology Iskunvaimentimet AGM085MT Iskarit,Iskunvaimennin MERCEDES-BENZ,VANEO 414<\/p>\n","protected":false},"featured_media":0,"template":"","meta":{"site-sidebar-layout":"default","site-content-layout":"default","ast-global-header-display":"","ast-main-header-display":"","ast-hfb-above-header-display":"","ast-hfb-below-header-display":"","ast-hfb-mobile-header-display":"","site-post-title":"","ast-breadcrumbs-content":"","ast-featured-img":"","footer-sml-layout":"","theme-transparent-header-meta":"","adv-header-id-meta":"","stick-header-meta":"","header-above-stick-meta":"","header-main-stick-meta":"","header-below-stick-meta":""},"pwb-brand":[311],"product_cat":[80],"product_tag":[],"class_list":{"0":"post-96881","1":"product","2":"type-product","3":"status-publish","5":"pwb-brand-magnum-technology","6":"product_cat-iskunvaimennin","7":"desktop-align-left","8":"tablet-align-left","9":"mobile-align-left","11":"first","12":"instock","13":"product-type-external"},"brands":[{"id":311,"name":"Magnum Technology","slug":"magnum-technology"}],"_links":{"self":[{"href":"https:\/\/www.autonvaraosahaku.fi\/index.php?rest_route=\/wp\/v2\/product\/96881","targetHints":{"allow":["GET"]}}],"collection":[{"href":"https:\/\/www.autonvaraosahaku.fi\/index.php?rest_route=\/wp\/v2\/product"}],"about":[{"href":"https:\/\/www.autonvaraosahaku.fi\/index.php?rest_route=\/wp\/v2\/types\/product"}],"wp:attachment":[{"href":"https:\/\/www.autonvaraosahaku.fi\/index.php?rest_route=%2Fwp%2Fv2%2Fmedia&parent=96881"}],"wp:term":[{"taxonomy":"pwb-brand","embeddable":true,"href":"https:\/\/www.autonvaraosahaku.fi\/index.php?rest_route=%2Fwp%2Fv2%2Fpwb-brand&post=96881"},{"taxonomy":"product_cat","embeddable":true,"href":"https:\/\/www.autonvaraosahaku.fi\/index.php?rest_route=%2Fwp%2Fv2%2Fproduct_cat&post=96881"},{"taxonomy":"product_tag","embeddable":true,"href":"https:\/\/www.autonvaraosahaku.fi\/index.php?rest_route=%2Fwp%2Fv2%2Fproduct_tag&post=96881"}],"curies":[{"name":"wp","href":"https:\/\/api.w.org\/{rel}","templated":true}]}}