{"id":96883,"date":"2021-02-21T22:09:52","date_gmt":"2021-02-21T22:09:52","guid":{"rendered":"https:\/\/www.autonvaraosahaku.fi\/?product=van-wezel-43006087-lammityslaitteen-kenno"},"modified":"2021-02-21T22:09:57","modified_gmt":"2021-02-21T22:09:57","slug":"van-wezel-43006087-lammityslaitteen-kenno","status":"publish","type":"product","link":"https:\/\/www.autonvaraosahaku.fi\/?product=van-wezel-43006087-lammityslaitteen-kenno","title":{"rendered":"VAN WEZEL 43006087 L\u00e4mmityslaitteen kenno"},"content":{"rendered":"<p>J\u00e4hdytysripamateriaali: Alumiini; Matriaali j\u00e4\u00e4hdyttimen s\u00e4ili\u00f6: Muovi; K\u00e4sittely: irroitettavissa; Varustelumahdollisuudet: Valeo; J\u00e4\u00e4hdytysjohto: vesiputkesta vesiputkeen; Verkon pituus [mm]: 214; Verkon leveys [mm]: 156; Verkon syvyys [mm]: 40; Laatu: IR PLUS; Valmistusvuosi alkaen: 10\/1984; RENAULT: TWINGO I C06_,TWINGO I Kasten S06_,SUPER 5 B\/C40_,5 122_,RAPID Kasten F40_, G40_,9 L42_,ESPACE I J11_,11 B\/C37_,11 Kasten S37_,SUPER 5 Kasten S40_; 7701027040, 7701027078, 7701208110, 7702163518; L\u00e4mmityskenno<\/p>\n","protected":false},"excerpt":{"rendered":"<p>VAN WEZEL L\u00e4mmityslaitteen Kenno *** IR PLUS *** 43006087 L\u00e4mmityskenno RENAULT,TWINGO I C06_,TWINGO I Kasten S06_,SUPER 5 B\/C40_,5 122_<\/p>\n","protected":false},"featured_media":0,"template":"","meta":{"site-sidebar-layout":"default","site-content-layout":"default","ast-global-header-display":"","ast-main-header-display":"","ast-hfb-above-header-display":"","ast-hfb-below-header-display":"","ast-hfb-mobile-header-display":"","site-post-title":"","ast-breadcrumbs-content":"","ast-featured-img":"","footer-sml-layout":"","theme-transparent-header-meta":"","adv-header-id-meta":"","stick-header-meta":"","header-above-stick-meta":"","header-main-stick-meta":"","header-below-stick-meta":""},"pwb-brand":[54],"product_cat":[292],"product_tag":[],"class_list":{"0":"post-96883","1":"product","2":"type-product","3":"status-publish","5":"pwb-brand-van-wezel","6":"product_cat-lammityslaitteen-kenno","7":"desktop-align-left","8":"tablet-align-left","9":"mobile-align-left","11":"first","12":"instock","13":"product-type-external"},"brands":[{"id":54,"name":"VAN WEZEL","slug":"van-wezel"}],"_links":{"self":[{"href":"https:\/\/www.autonvaraosahaku.fi\/index.php?rest_route=\/wp\/v2\/product\/96883","targetHints":{"allow":["GET"]}}],"collection":[{"href":"https:\/\/www.autonvaraosahaku.fi\/index.php?rest_route=\/wp\/v2\/product"}],"about":[{"href":"https:\/\/www.autonvaraosahaku.fi\/index.php?rest_route=\/wp\/v2\/types\/product"}],"wp:attachment":[{"href":"https:\/\/www.autonvaraosahaku.fi\/index.php?rest_route=%2Fwp%2Fv2%2Fmedia&parent=96883"}],"wp:term":[{"taxonomy":"pwb-brand","embeddable":true,"href":"https:\/\/www.autonvaraosahaku.fi\/index.php?rest_route=%2Fwp%2Fv2%2Fpwb-brand&post=96883"},{"taxonomy":"product_cat","embeddable":true,"href":"https:\/\/www.autonvaraosahaku.fi\/index.php?rest_route=%2Fwp%2Fv2%2Fproduct_cat&post=96883"},{"taxonomy":"product_tag","embeddable":true,"href":"https:\/\/www.autonvaraosahaku.fi\/index.php?rest_route=%2Fwp%2Fv2%2Fproduct_tag&post=96883"}],"curies":[{"name":"wp","href":"https:\/\/api.w.org\/{rel}","templated":true}]}}