{"id":96889,"date":"2021-02-21T22:09:52","date_gmt":"2021-02-21T22:09:52","guid":{"rendered":"https:\/\/www.autonvaraosahaku.fi\/?product=statim-110-564-kytkinpaketti"},"modified":"2021-02-21T22:09:59","modified_gmt":"2021-02-21T22:09:59","slug":"statim-110-564-kytkinpaketti","status":"publish","type":"product","link":"https:\/\/www.autonvaraosahaku.fi\/?product=statim-110-564-kytkinpaketti","title":{"rendered":"STATIM 110.564 Kytkinpaketti"},"content":{"rendered":"<p>L\u00e4pimitta [mm]: 228; Napaprofiili: 22 x 25 &#8211; 14N; Kytkin: Muunto kaksimassavauhtipy\u00f6r\u00e4st\u00e4 yksimassavauhtipy\u00f6r\u00e4\u00e4n; Korvaava tuote\/korvaava tiedote 2: Vauhtipy\u00f6r\u00e4ll\u00e4, Kytkinlevyll\u00e4, Ruuvisarjalla; Lis\u00e4tarvike\/lis\u00e4tieto: Painelevyll\u00e4; Vaihteistomalli: Schaltgetriebe 5 Gang; OPEL: CORSA C F08, F68,ASTRA H Caravan L35,MERIVA,ASTRA H L48,ASTRA H GTC L08,COMBO Kasten\/Kombi,COMBO Tour,CORSA C Kasten F08, W5L,ASTRA H Stufenheck L69,ASTRA H Kasten L70; Kytkinsarja<\/p>\n","protected":false},"excerpt":{"rendered":"<p>STATIM Kytkinpaketti 110.564 Kytkinsarja OPEL,CORSA C F08, F68,ASTRA H Caravan L35,MERIVA,ASTRA H L48,ASTRA H GTC L08,COMBO Kasten\/Kombi,COMBO Tour<\/p>\n","protected":false},"featured_media":0,"template":"","meta":{"site-sidebar-layout":"default","site-content-layout":"default","ast-global-header-display":"","ast-main-header-display":"","ast-hfb-above-header-display":"","ast-hfb-below-header-display":"","ast-hfb-mobile-header-display":"","site-post-title":"","ast-breadcrumbs-content":"","ast-featured-img":"","footer-sml-layout":"","theme-transparent-header-meta":"","adv-header-id-meta":"","stick-header-meta":"","header-above-stick-meta":"","header-main-stick-meta":"","header-below-stick-meta":""},"pwb-brand":[245],"product_cat":[21],"product_tag":[],"class_list":{"0":"post-96889","1":"product","2":"type-product","3":"status-publish","5":"pwb-brand-statim","6":"product_cat-kytkinpaketti","7":"desktop-align-left","8":"tablet-align-left","9":"mobile-align-left","11":"first","12":"instock","13":"product-type-external"},"brands":[{"id":245,"name":"STATIM","slug":"statim"}],"_links":{"self":[{"href":"https:\/\/www.autonvaraosahaku.fi\/index.php?rest_route=\/wp\/v2\/product\/96889","targetHints":{"allow":["GET"]}}],"collection":[{"href":"https:\/\/www.autonvaraosahaku.fi\/index.php?rest_route=\/wp\/v2\/product"}],"about":[{"href":"https:\/\/www.autonvaraosahaku.fi\/index.php?rest_route=\/wp\/v2\/types\/product"}],"wp:attachment":[{"href":"https:\/\/www.autonvaraosahaku.fi\/index.php?rest_route=%2Fwp%2Fv2%2Fmedia&parent=96889"}],"wp:term":[{"taxonomy":"pwb-brand","embeddable":true,"href":"https:\/\/www.autonvaraosahaku.fi\/index.php?rest_route=%2Fwp%2Fv2%2Fpwb-brand&post=96889"},{"taxonomy":"product_cat","embeddable":true,"href":"https:\/\/www.autonvaraosahaku.fi\/index.php?rest_route=%2Fwp%2Fv2%2Fproduct_cat&post=96889"},{"taxonomy":"product_tag","embeddable":true,"href":"https:\/\/www.autonvaraosahaku.fi\/index.php?rest_route=%2Fwp%2Fv2%2Fproduct_tag&post=96889"}],"curies":[{"name":"wp","href":"https:\/\/api.w.org\/{rel}","templated":true}]}}