{"id":96896,"date":"2021-02-21T22:10:00","date_gmt":"2021-02-21T22:10:00","guid":{"rendered":"https:\/\/www.autonvaraosahaku.fi\/?product=febi-bilstein-32679-lampotila-anturi"},"modified":"2021-02-21T22:10:03","modified_gmt":"2021-02-21T22:10:03","slug":"febi-bilstein-32679-lampotila-anturi","status":"publish","type":"product","link":"https:\/\/www.autonvaraosahaku.fi\/?product=febi-bilstein-32679-lampotila-anturi","title":{"rendered":"FEBI BILSTEIN 32679 L\u00e4mp\u00f6tila-anturi"},"content":{"rendered":"<p>Pituus (mm): 78,5; Liittimi\u00e4: 2; Materiaali: Muovi; Paino [kg]: 0,010, 0,010; Moottorinumero: M52; BMW: 3 E46,5 E39,3 Touring E46,X3 E83,5 Touring E39,3 Compact E46,3 Coupe E46,3 Compact E36,3 E36,X5 E53,3 Cabriolet E46,7 E38,3 Coupe E36,Z3 E36,3 Cabriolet E36,3 Touring E36,8 E31,Z3 Coupe E36; LAND ROVER: FREELANDER LN; 13621739510, NNK000020<\/p>\n","protected":false},"excerpt":{"rendered":"<p>FEBI BILSTEIN Tunnistin Imuilman L\u00e4mp\u00f6tila 32679  BMW,LAND ROVER,3 E46,5 E39,3 Touring E46,X3 E83,5 Touring E39,3 Compact E46,3 Coupe E46<\/p>\n","protected":false},"featured_media":0,"template":"","meta":{"site-sidebar-layout":"default","site-content-layout":"default","ast-global-header-display":"","ast-main-header-display":"","ast-hfb-above-header-display":"","ast-hfb-below-header-display":"","ast-hfb-mobile-header-display":"","site-post-title":"","ast-breadcrumbs-content":"","ast-featured-img":"","footer-sml-layout":"","theme-transparent-header-meta":"","adv-header-id-meta":"","stick-header-meta":"","header-above-stick-meta":"","header-main-stick-meta":"","header-below-stick-meta":""},"pwb-brand":[50],"product_cat":[47],"product_tag":[],"class_list":{"0":"post-96896","1":"product","2":"type-product","3":"status-publish","5":"pwb-brand-febi-bilstein","6":"product_cat-lampotila-anturi","7":"desktop-align-left","8":"tablet-align-left","9":"mobile-align-left","11":"first","12":"instock","13":"product-type-external"},"brands":[{"id":50,"name":"FEBI BILSTEIN","slug":"febi-bilstein"}],"_links":{"self":[{"href":"https:\/\/www.autonvaraosahaku.fi\/index.php?rest_route=\/wp\/v2\/product\/96896","targetHints":{"allow":["GET"]}}],"collection":[{"href":"https:\/\/www.autonvaraosahaku.fi\/index.php?rest_route=\/wp\/v2\/product"}],"about":[{"href":"https:\/\/www.autonvaraosahaku.fi\/index.php?rest_route=\/wp\/v2\/types\/product"}],"wp:attachment":[{"href":"https:\/\/www.autonvaraosahaku.fi\/index.php?rest_route=%2Fwp%2Fv2%2Fmedia&parent=96896"}],"wp:term":[{"taxonomy":"pwb-brand","embeddable":true,"href":"https:\/\/www.autonvaraosahaku.fi\/index.php?rest_route=%2Fwp%2Fv2%2Fpwb-brand&post=96896"},{"taxonomy":"product_cat","embeddable":true,"href":"https:\/\/www.autonvaraosahaku.fi\/index.php?rest_route=%2Fwp%2Fv2%2Fproduct_cat&post=96896"},{"taxonomy":"product_tag","embeddable":true,"href":"https:\/\/www.autonvaraosahaku.fi\/index.php?rest_route=%2Fwp%2Fv2%2Fproduct_tag&post=96896"}],"curies":[{"name":"wp","href":"https:\/\/api.w.org\/{rel}","templated":true}]}}