{"id":96901,"date":"2021-02-21T22:10:00","date_gmt":"2021-02-21T22:10:00","guid":{"rendered":"https:\/\/www.autonvaraosahaku.fi\/?product=valeo-585666-ilmansuodatin"},"modified":"2021-02-21T22:10:05","modified_gmt":"2021-02-21T22:10:05","slug":"valeo-585666-ilmansuodatin","status":"publish","type":"product","link":"https:\/\/www.autonvaraosahaku.fi\/?product=valeo-585666-ilmansuodatin","title":{"rendered":"VALEO 585666 Ilmansuodatin"},"content":{"rendered":"<p>Ulkol\u00e4pimitta [mm]: 155; Sis\u00e4l\u00e4pimitta 1 [mm]: 88; Sis\u00e4l\u00e4pimitta 2 [mm]: 12; Korkeus (mm): 197; Muoto: Py\u00f6re\u00e4; Paino [kg]: 0,84; Moottorinumero: 2L; TOYOTA: LAND CRUISER PZJ7_, KZJ7_, HZJ7_, BJ7_, LJ7_, RJ7_,HILUX V Pick-up LN_, KZN1_, VZN1_,LAND CRUISER Hardtop _J7_,HILUX IV Pick-up _N5_, _N6_; MITSUBISHI: L 200 K3_T, K2_T, K1_T, K0_T; ISUZU: MIDI Bus 94000, 98000,MIDI Kasten 98000N,MIDI Van 94000, 98000; BEDFORD: MIDI Kasten; MD620109, 1780131050, 1780154080, 1780154120, 91133369<\/p>\n","protected":false},"excerpt":{"rendered":"<p>VALEO Ilmansuodatin 585666  TOYOTA,MITSUBISHI,ISUZU,LAND CRUISER PZJ7_, KZJ7_, HZJ7_, BJ7_, LJ7_, RJ7_,HILUX V Pick-up LN_, KZN1_, VZN1_<\/p>\n","protected":false},"featured_media":0,"template":"","meta":{"site-sidebar-layout":"default","site-content-layout":"default","ast-global-header-display":"","ast-main-header-display":"","ast-hfb-above-header-display":"","ast-hfb-below-header-display":"","ast-hfb-mobile-header-display":"","site-post-title":"","ast-breadcrumbs-content":"","ast-featured-img":"","footer-sml-layout":"","theme-transparent-header-meta":"","adv-header-id-meta":"","stick-header-meta":"","header-above-stick-meta":"","header-main-stick-meta":"","header-below-stick-meta":""},"pwb-brand":[28],"product_cat":[31],"product_tag":[],"class_list":{"0":"post-96901","1":"product","2":"type-product","3":"status-publish","5":"pwb-brand-valeo","6":"product_cat-ilmansuodatin","7":"desktop-align-left","8":"tablet-align-left","9":"mobile-align-left","11":"first","12":"instock","13":"product-type-external"},"brands":[{"id":28,"name":"VALEO","slug":"valeo"}],"_links":{"self":[{"href":"https:\/\/www.autonvaraosahaku.fi\/index.php?rest_route=\/wp\/v2\/product\/96901","targetHints":{"allow":["GET"]}}],"collection":[{"href":"https:\/\/www.autonvaraosahaku.fi\/index.php?rest_route=\/wp\/v2\/product"}],"about":[{"href":"https:\/\/www.autonvaraosahaku.fi\/index.php?rest_route=\/wp\/v2\/types\/product"}],"wp:attachment":[{"href":"https:\/\/www.autonvaraosahaku.fi\/index.php?rest_route=%2Fwp%2Fv2%2Fmedia&parent=96901"}],"wp:term":[{"taxonomy":"pwb-brand","embeddable":true,"href":"https:\/\/www.autonvaraosahaku.fi\/index.php?rest_route=%2Fwp%2Fv2%2Fpwb-brand&post=96901"},{"taxonomy":"product_cat","embeddable":true,"href":"https:\/\/www.autonvaraosahaku.fi\/index.php?rest_route=%2Fwp%2Fv2%2Fproduct_cat&post=96901"},{"taxonomy":"product_tag","embeddable":true,"href":"https:\/\/www.autonvaraosahaku.fi\/index.php?rest_route=%2Fwp%2Fv2%2Fproduct_tag&post=96901"}],"curies":[{"name":"wp","href":"https:\/\/api.w.org\/{rel}","templated":true}]}}