{"id":96914,"date":"2021-02-21T22:10:09","date_gmt":"2021-02-21T22:10:09","guid":{"rendered":"https:\/\/www.autonvaraosahaku.fi\/?product=thermotec-def008tt-lammityslaitteen-puhaltimen-vastus"},"modified":"2021-02-21T22:10:11","modified_gmt":"2021-02-21T22:10:11","slug":"thermotec-def008tt-lammityslaitteen-puhaltimen-vastus","status":"publish","type":"product","link":"https:\/\/www.autonvaraosahaku.fi\/?product=thermotec-def008tt-lammityslaitteen-puhaltimen-vastus","title":{"rendered":"THERMOTEC DEF008TT L\u00e4mmityslaitteen puhaltimen vastus"},"content":{"rendered":"<p>OPEL: CORSA D,CORSA D Van; FIAT: GRANDE PUNTO 199,DUCATO Kasten 250,DUCATO Pritsche\/Fahrgestell 250,PUNTO EVO 199,DUCATO Bus 250,PUNTO Van 199; PEUGEOT: BOXER Kasten,BOXER Pritsche\/Fahrgestell; CITRO\u00cbN: JUMPER Kasten,JUMPER Bus,JUMPER Pritsche\/Fahrgestell; ABARTH: PUNTO 199_; 77364061<\/p>\n","protected":false},"excerpt":{"rendered":"<p>THERMOTEC S\u00e4\u00e4din, Sis\u00e4valaistus DEF008TT  OPEL,FIAT,PEUGEOT,CORSA D,CORSA D Van,GRANDE PUNTO 199,DUCATO Kasten 250,DUCATO Pritsche\/Fahrgestell 250<\/p>\n","protected":false},"featured_media":0,"template":"","meta":{"site-sidebar-layout":"default","site-content-layout":"default","ast-global-header-display":"","ast-main-header-display":"","ast-hfb-above-header-display":"","ast-hfb-below-header-display":"","ast-hfb-mobile-header-display":"","site-post-title":"","ast-breadcrumbs-content":"","ast-featured-img":"","footer-sml-layout":"","theme-transparent-header-meta":"","adv-header-id-meta":"","stick-header-meta":"","header-above-stick-meta":"","header-main-stick-meta":"","header-below-stick-meta":""},"pwb-brand":[427],"product_cat":[134],"product_tag":[],"class_list":{"0":"post-96914","1":"product","2":"type-product","3":"status-publish","5":"pwb-brand-thermotec","6":"product_cat-lammityslaitteen-puhaltimen-vastus","7":"desktop-align-left","8":"tablet-align-left","9":"mobile-align-left","11":"first","12":"instock","13":"product-type-external"},"brands":[{"id":427,"name":"THERMOTEC","slug":"thermotec"}],"_links":{"self":[{"href":"https:\/\/www.autonvaraosahaku.fi\/index.php?rest_route=\/wp\/v2\/product\/96914","targetHints":{"allow":["GET"]}}],"collection":[{"href":"https:\/\/www.autonvaraosahaku.fi\/index.php?rest_route=\/wp\/v2\/product"}],"about":[{"href":"https:\/\/www.autonvaraosahaku.fi\/index.php?rest_route=\/wp\/v2\/types\/product"}],"wp:attachment":[{"href":"https:\/\/www.autonvaraosahaku.fi\/index.php?rest_route=%2Fwp%2Fv2%2Fmedia&parent=96914"}],"wp:term":[{"taxonomy":"pwb-brand","embeddable":true,"href":"https:\/\/www.autonvaraosahaku.fi\/index.php?rest_route=%2Fwp%2Fv2%2Fpwb-brand&post=96914"},{"taxonomy":"product_cat","embeddable":true,"href":"https:\/\/www.autonvaraosahaku.fi\/index.php?rest_route=%2Fwp%2Fv2%2Fproduct_cat&post=96914"},{"taxonomy":"product_tag","embeddable":true,"href":"https:\/\/www.autonvaraosahaku.fi\/index.php?rest_route=%2Fwp%2Fv2%2Fproduct_tag&post=96914"}],"curies":[{"name":"wp","href":"https:\/\/api.w.org\/{rel}","templated":true}]}}