{"id":96921,"date":"2021-02-21T22:10:09","date_gmt":"2021-02-21T22:10:09","guid":{"rendered":"https:\/\/www.autonvaraosahaku.fi\/?product=master-sport-556884-pcs-ms-iskunvaimennin"},"modified":"2021-02-21T22:10:13","modified_gmt":"2021-02-21T22:10:13","slug":"master-sport-556884-pcs-ms-iskunvaimennin","status":"publish","type":"product","link":"https:\/\/www.autonvaraosahaku.fi\/?product=master-sport-556884-pcs-ms-iskunvaimennin","title":{"rendered":"MASTER-SPORT 556884-PCS-MS Iskunvaimennin"},"content":{"rendered":"<p>Iskunvaimennin tyyppi: Kaasupaine; Iskunvaimennusj\u00e4rjestelm\u00e4: Kaksiputki; Iskunvaimennin asennustapa: Tappi ylh\u00e4\u00e4ll\u00e4, Silmukka alhaalla; Vahvistettu malli: ; Lukum\u00e4\u00e4r\u00e4 akselille: 2, 2; Nettopaino [kg]: 1,46; Bruttopaino [kg]: 1,58; Asennuspuoli: Hinterachse; BMW: 3 E46,3 Touring E46,3 Compact E46,3 Coupe E46,3 E36,3 Cabriolet E46,3 Coupe E36,3 Cabriolet E36,3 Touring E36; 1091246, 1095647, 1096366, 2282099, 33521091246, 33521095647, 33521096366, 33522282099, 33526750782, 33526750784, 33526757045, 6750782, 6750784, 6757045; Iskarit,Iskunvaimennin<\/p>\n","protected":false},"excerpt":{"rendered":"<p>MASTER-SPORT Iskunvaimentimet 556884-PCS-MS Iskarit,Iskunvaimennin BMW,3 E46,3 Touring E46,3 Compact E46,3 Coupe E46,3 E36,3 Cabriolet E46,3 Coupe E36<\/p>\n","protected":false},"featured_media":0,"template":"","meta":{"site-sidebar-layout":"default","site-content-layout":"default","ast-global-header-display":"","ast-main-header-display":"","ast-hfb-above-header-display":"","ast-hfb-below-header-display":"","ast-hfb-mobile-header-display":"","site-post-title":"","ast-breadcrumbs-content":"","ast-featured-img":"","footer-sml-layout":"","theme-transparent-header-meta":"","adv-header-id-meta":"","stick-header-meta":"","header-above-stick-meta":"","header-main-stick-meta":"","header-below-stick-meta":""},"pwb-brand":[61],"product_cat":[80],"product_tag":[],"class_list":{"0":"post-96921","1":"product","2":"type-product","3":"status-publish","5":"pwb-brand-master-sport","6":"product_cat-iskunvaimennin","7":"desktop-align-left","8":"tablet-align-left","9":"mobile-align-left","11":"first","12":"instock","13":"product-type-external"},"brands":[{"id":61,"name":"MASTER-SPORT","slug":"master-sport"}],"_links":{"self":[{"href":"https:\/\/www.autonvaraosahaku.fi\/index.php?rest_route=\/wp\/v2\/product\/96921","targetHints":{"allow":["GET"]}}],"collection":[{"href":"https:\/\/www.autonvaraosahaku.fi\/index.php?rest_route=\/wp\/v2\/product"}],"about":[{"href":"https:\/\/www.autonvaraosahaku.fi\/index.php?rest_route=\/wp\/v2\/types\/product"}],"wp:attachment":[{"href":"https:\/\/www.autonvaraosahaku.fi\/index.php?rest_route=%2Fwp%2Fv2%2Fmedia&parent=96921"}],"wp:term":[{"taxonomy":"pwb-brand","embeddable":true,"href":"https:\/\/www.autonvaraosahaku.fi\/index.php?rest_route=%2Fwp%2Fv2%2Fpwb-brand&post=96921"},{"taxonomy":"product_cat","embeddable":true,"href":"https:\/\/www.autonvaraosahaku.fi\/index.php?rest_route=%2Fwp%2Fv2%2Fproduct_cat&post=96921"},{"taxonomy":"product_tag","embeddable":true,"href":"https:\/\/www.autonvaraosahaku.fi\/index.php?rest_route=%2Fwp%2Fv2%2Fproduct_tag&post=96921"}],"curies":[{"name":"wp","href":"https:\/\/api.w.org\/{rel}","templated":true}]}}