{"id":96926,"date":"2021-02-21T22:10:09","date_gmt":"2021-02-21T22:10:09","guid":{"rendered":"https:\/\/www.autonvaraosahaku.fi\/?product=diederichs-3484080-ajovaloumpio"},"modified":"2021-02-21T22:10:15","modified_gmt":"2021-02-21T22:10:15","slug":"diederichs-3484080-ajovaloumpio","status":"publish","type":"product","link":"https:\/\/www.autonvaraosahaku.fi\/?product=diederichs-3484080-ajovaloumpio","title":{"rendered":"DIEDERICHS 3484080 Ajovaloumpio"},"content":{"rendered":"<p>Asennuspuoli: Oikea; Lamppumalli: H7, H1; Laatu: Depo \/ TYC; Korvaava tuote\/korvaava tiedote 2: Valokorkeuss\u00e4\u00e4timen moottorilla; Varusteet: Autoihin, joissa ajovalo korkeudens\u00e4\u00e4t\u00f6; Rekister\u00f6ity tyyppi: E-hyv\u00e4ksytty; Vuosimalliin: 2010; FIAT: DUCATO Kasten 250,DUCATO Pritsche\/Fahrgestell 250,DUCATO Bus 250; CITRO\u00cbN: JUMPER Kasten,JUMPER Bus,JUMPER Pritsche\/Fahrgestell; PEUGEOT: BOXER Kasten,BOXER Bus,BOXER Pritsche\/Fahrgestell; 1340663080, 1606664580, 1606926880, 6202A5, \u00ad6206A5, 1340663080, 1340663080, 1606664580, 1606926880, 6202A5; Ajovalot,Etuvalot,Ajovalo<\/p>\n","protected":false},"excerpt":{"rendered":"<p>DIEDERICHS Ajovaloumpio 3484080 Ajovalot,Etuvalot FIAT,CITRO\u00cbN,PEUGEOT,DUCATO Kasten 250,DUCATO Pritsche\/Fahrgestell 250,DUCATO Bus 250,JUMPER Kasten<\/p>\n","protected":false},"featured_media":0,"template":"","meta":{"site-sidebar-layout":"default","site-content-layout":"default","ast-global-header-display":"","ast-main-header-display":"","ast-hfb-above-header-display":"","ast-hfb-below-header-display":"","ast-hfb-mobile-header-display":"","site-post-title":"","ast-breadcrumbs-content":"","ast-featured-img":"","footer-sml-layout":"","theme-transparent-header-meta":"","adv-header-id-meta":"","stick-header-meta":"","header-above-stick-meta":"","header-main-stick-meta":"","header-below-stick-meta":""},"pwb-brand":[227],"product_cat":[185],"product_tag":[],"class_list":{"0":"post-96926","1":"product","2":"type-product","3":"status-publish","5":"pwb-brand-diederichs","6":"product_cat-ajovaloumpio","7":"desktop-align-left","8":"tablet-align-left","9":"mobile-align-left","11":"first","12":"instock","13":"product-type-external"},"brands":[{"id":227,"name":"DIEDERICHS","slug":"diederichs"}],"_links":{"self":[{"href":"https:\/\/www.autonvaraosahaku.fi\/index.php?rest_route=\/wp\/v2\/product\/96926","targetHints":{"allow":["GET"]}}],"collection":[{"href":"https:\/\/www.autonvaraosahaku.fi\/index.php?rest_route=\/wp\/v2\/product"}],"about":[{"href":"https:\/\/www.autonvaraosahaku.fi\/index.php?rest_route=\/wp\/v2\/types\/product"}],"wp:attachment":[{"href":"https:\/\/www.autonvaraosahaku.fi\/index.php?rest_route=%2Fwp%2Fv2%2Fmedia&parent=96926"}],"wp:term":[{"taxonomy":"pwb-brand","embeddable":true,"href":"https:\/\/www.autonvaraosahaku.fi\/index.php?rest_route=%2Fwp%2Fv2%2Fpwb-brand&post=96926"},{"taxonomy":"product_cat","embeddable":true,"href":"https:\/\/www.autonvaraosahaku.fi\/index.php?rest_route=%2Fwp%2Fv2%2Fproduct_cat&post=96926"},{"taxonomy":"product_tag","embeddable":true,"href":"https:\/\/www.autonvaraosahaku.fi\/index.php?rest_route=%2Fwp%2Fv2%2Fproduct_tag&post=96926"}],"curies":[{"name":"wp","href":"https:\/\/api.w.org\/{rel}","templated":true}]}}