{"id":96931,"date":"2021-02-21T22:10:17","date_gmt":"2021-02-21T22:10:17","guid":{"rendered":"https:\/\/www.autonvaraosahaku.fi\/?product=optimal-f8-3041-moottorin-kumityyny"},"modified":"2021-02-21T22:10:18","modified_gmt":"2021-02-21T22:10:18","slug":"optimal-f8-3041-moottorin-kumityyny","status":"publish","type":"product","link":"https:\/\/www.autonvaraosahaku.fi\/?product=optimal-f8-3041-moottorin-kumityyny","title":{"rendered":"OPTIMAL F8-3041 Moottorin kumityyny"},"content":{"rendered":"<p>Asennuspuoli: Etuakseli, Takana, Vasen; Korkeus (mm): 85; Kiinnitysmalli: Hydrolaakeri; Ulkol\u00e4pimitta 1 [mm]: 69; Ulkol\u00e4pimitta 2 [mm]: 71; Kiinnityrreikien et\u00e4isyys [mm]: 106; Vaihteistomalli: Schaltgetriebe; VW: GOLF III 1H1,PASSAT Variant 3A5, 35I,GOLF III Variant 1H5,PASSAT 3A2, 35I,CORRADO 53I,VENTO 1H2; 357199402A, 357199402C, 3A0199402, 357199402A, 357199402C, 3A0199402; Moottorin Tukikumit,Moottorin Tuki<\/p>\n","protected":false},"excerpt":{"rendered":"<p>OPTIMAL Moottorin Kumityyny F8-3041 Moottorin Tukikumit,Moottorin Tuki VW,GOLF III 1H1,PASSAT Variant 3A5, 35I,GOLF III Variant 1H5,PASSAT 3A2, 35I<\/p>\n","protected":false},"featured_media":0,"template":"","meta":{"site-sidebar-layout":"default","site-content-layout":"default","ast-global-header-display":"","ast-main-header-display":"","ast-hfb-above-header-display":"","ast-hfb-below-header-display":"","ast-hfb-mobile-header-display":"","site-post-title":"","ast-breadcrumbs-content":"","ast-featured-img":"","footer-sml-layout":"","theme-transparent-header-meta":"","adv-header-id-meta":"","stick-header-meta":"","header-above-stick-meta":"","header-main-stick-meta":"","header-below-stick-meta":""},"pwb-brand":[307],"product_cat":[74],"product_tag":[],"class_list":{"0":"post-96931","1":"product","2":"type-product","3":"status-publish","5":"pwb-brand-optimal","6":"product_cat-moottorin-kumityyny","7":"desktop-align-left","8":"tablet-align-left","9":"mobile-align-left","11":"first","12":"instock","13":"product-type-external"},"brands":[{"id":307,"name":"OPTIMAL","slug":"optimal"}],"_links":{"self":[{"href":"https:\/\/www.autonvaraosahaku.fi\/index.php?rest_route=\/wp\/v2\/product\/96931","targetHints":{"allow":["GET"]}}],"collection":[{"href":"https:\/\/www.autonvaraosahaku.fi\/index.php?rest_route=\/wp\/v2\/product"}],"about":[{"href":"https:\/\/www.autonvaraosahaku.fi\/index.php?rest_route=\/wp\/v2\/types\/product"}],"wp:attachment":[{"href":"https:\/\/www.autonvaraosahaku.fi\/index.php?rest_route=%2Fwp%2Fv2%2Fmedia&parent=96931"}],"wp:term":[{"taxonomy":"pwb-brand","embeddable":true,"href":"https:\/\/www.autonvaraosahaku.fi\/index.php?rest_route=%2Fwp%2Fv2%2Fpwb-brand&post=96931"},{"taxonomy":"product_cat","embeddable":true,"href":"https:\/\/www.autonvaraosahaku.fi\/index.php?rest_route=%2Fwp%2Fv2%2Fproduct_cat&post=96931"},{"taxonomy":"product_tag","embeddable":true,"href":"https:\/\/www.autonvaraosahaku.fi\/index.php?rest_route=%2Fwp%2Fv2%2Fproduct_tag&post=96931"}],"curies":[{"name":"wp","href":"https:\/\/api.w.org\/{rel}","templated":true}]}}