{"id":96938,"date":"2021-02-21T22:10:17","date_gmt":"2021-02-21T22:10:17","guid":{"rendered":"https:\/\/www.autonvaraosahaku.fi\/?product=pascal-g68000pc-vetonivelen-suojakumi"},"modified":"2021-02-21T22:10:21","modified_gmt":"2021-02-21T22:10:21","slug":"pascal-g68000pc-vetonivelen-suojakumi","status":"publish","type":"product","link":"https:\/\/www.autonvaraosahaku.fi\/?product=pascal-g68000pc-vetonivelen-suojakumi","title":{"rendered":"PASCAL G68000PC Vetonivelen suojakumi"},"content":{"rendered":"<p>Sis\u00e4l\u00e4pimitta 1 [mm]: 19; Sis\u00e4l\u00e4pimitta 2 [mm]: 65; Korkeus (mm): 87; Asennuspuoli: Vaihteiston puoli, Vorderachse links; MAZDA: 626 IV Hatchback GE,626 IV GE,323 III Hatchback BF,626 III Station Wagon GV,323 III Station Wagon BW,121 I DA; HYUNDAI: GETZ TB; DAIHATSU: SIRION M3_,TERIOS J2_,SIRION M1,YRV M2,TERIOS J1,EXTOL Bus S22_, S23_; SUZUKI: WAGON R+ MM,IGNIS FH,SWIFT II Schr\u00e4gheck EA, MA,WAGON R+ EM,ALTO HA12, HA23,ALTO HA11,SWIFT I AA,SWIFT Cabriolet SF413,SWIFT II Stufenheck AH, AJ,ALTO; B00122540A, MB526006, MB620547, MR486291, MR534525, MR534996, 0443887113000, 0443887114000, 0443887217000, 0443887224000, 0443887226000, 0443887505000, 0443887712000, 0443887716000, 0443887717000, 0443887F07000, 0443887F15000, 0443887F16000, 0443887F17000, 0443887F21000, 1A0522540, 4411951F20, 4411951F21, 4411969D01, 4411969D01000, 4411974D60, 4411975F00, 4411975F60, 4411978G10, 4411984201, 4411984201000, 4411986041, 44333ST5J01, 723222350, A06525540A, F01222540, G08122540, MB886947<\/p>\n","protected":false},"excerpt":{"rendered":"<p>PASCAL Paljekumisarja, Vetoakseli G68000PC  MAZDA,HYUNDAI,DAIHATSU,626 IV Hatchback GE,626 IV GE,323 III Hatchback BF,626 III Station Wagon GV<\/p>\n","protected":false},"featured_media":0,"template":"","meta":{"site-sidebar-layout":"default","site-content-layout":"default","ast-global-header-display":"","ast-main-header-display":"","ast-hfb-above-header-display":"","ast-hfb-below-header-display":"","ast-hfb-mobile-header-display":"","site-post-title":"","ast-breadcrumbs-content":"","ast-featured-img":"","footer-sml-layout":"","theme-transparent-header-meta":"","adv-header-id-meta":"","stick-header-meta":"","header-above-stick-meta":"","header-main-stick-meta":"","header-below-stick-meta":""},"pwb-brand":[358],"product_cat":[42],"product_tag":[],"class_list":{"0":"post-96938","1":"product","2":"type-product","3":"status-publish","5":"pwb-brand-pascal","6":"product_cat-vetonivelen-suojakumi","7":"desktop-align-left","8":"tablet-align-left","9":"mobile-align-left","11":"first","12":"instock","13":"product-type-external"},"brands":[{"id":358,"name":"PASCAL","slug":"pascal"}],"_links":{"self":[{"href":"https:\/\/www.autonvaraosahaku.fi\/index.php?rest_route=\/wp\/v2\/product\/96938","targetHints":{"allow":["GET"]}}],"collection":[{"href":"https:\/\/www.autonvaraosahaku.fi\/index.php?rest_route=\/wp\/v2\/product"}],"about":[{"href":"https:\/\/www.autonvaraosahaku.fi\/index.php?rest_route=\/wp\/v2\/types\/product"}],"wp:attachment":[{"href":"https:\/\/www.autonvaraosahaku.fi\/index.php?rest_route=%2Fwp%2Fv2%2Fmedia&parent=96938"}],"wp:term":[{"taxonomy":"pwb-brand","embeddable":true,"href":"https:\/\/www.autonvaraosahaku.fi\/index.php?rest_route=%2Fwp%2Fv2%2Fpwb-brand&post=96938"},{"taxonomy":"product_cat","embeddable":true,"href":"https:\/\/www.autonvaraosahaku.fi\/index.php?rest_route=%2Fwp%2Fv2%2Fproduct_cat&post=96938"},{"taxonomy":"product_tag","embeddable":true,"href":"https:\/\/www.autonvaraosahaku.fi\/index.php?rest_route=%2Fwp%2Fv2%2Fproduct_tag&post=96938"}],"curies":[{"name":"wp","href":"https:\/\/api.w.org\/{rel}","templated":true}]}}