{"id":96943,"date":"2021-02-21T22:10:17","date_gmt":"2021-02-21T22:10:17","guid":{"rendered":"https:\/\/www.autonvaraosahaku.fi\/?product=japanparts-fo-505p-oljynsuodatin"},"modified":"2021-02-21T22:10:23","modified_gmt":"2021-02-21T22:10:23","slug":"japanparts-fo-505p-oljynsuodatin","status":"publish","type":"product","link":"https:\/\/www.autonvaraosahaku.fi\/?product=japanparts-fo-505p-oljynsuodatin","title":{"rendered":"JAPANPARTS FO-505P \u00d6ljynsuodatin"},"content":{"rendered":"<p>Suodatintyyppi: Ruuvattava suodatin; Pituus (mm): 126; Ulkol\u00e4pimitta [mm]: 99,7; Asennusl\u00e4pimitta [mm]: 72; Sis\u00e4kierre (mm): M26 x 1,5; Valmistusvuoteen: 06\/1994; MAZDA: B-SERIE UN,B-SERIE UF,MPV I LV; KIA: CARNIVAL I UP; HYUNDAI: TERRACAN HP,GALLOPER II JK-01,H-1 Kasten,H-1 \/ STAREX,GALLOPER I,H100 Bus P,H100 Kasten; MITSUBISHI: GALANT VI Station Wagon EA_,GALANT VI EA_,L 200 K7_T, K6_T,L 200 KB_T, KA_T,PAJERO II V3_W, V2_W, V4_W,L 300 Bus P0_W, P1_W, P2_W,PAJERO SPORT K90,PAJERO I L04_G, L14_G,PAJERO CLASSIC V2_W,SPACE RUNNER N1_W, N2_W,L 400 \/ SPACE GEAR Bus PD_W, PC_W, PA_V, PB_V,COLT III C5_A,L 300 Pritsche\/Fahrgestell L03_P,LANCER V Station Wagon CB_W, CD_W,GALANT IV E3_A,LANCER V CB\/D_A,SPACE WAGON N3_W, N4_W,GALANT IV Stufenheck E3_A,LANCER IV C6_A, C7_A,L 300 Kasten P0_W, P1_W,PAJERO I Canvas Top L04_G,L 200 K3_T, K2_T, K1_T, K0_T,GALANT V Stufenheck E5_A, E7_A, E8_A,GALANT V E5_A, E7_A, E8_A,PAJERO II Canvas Top V2_W, V4_W,COLT II C1_A,LANCER III Station Wagon C1_V, C3_V,L 400 Kasten PD_W, PC_W, PB_V, PA_W, PA_V,LANCER IV Stufenheck C6_A,L 300 Pritsche\/Fahrgestell P1_T,LANCER III C1_A, C6_A; 2630042000, 2630042010, 2630042020, 2630042040, 263304X000, 2630042060, 263104A010, 263304A000, VSY114302, VSY114302A, VSY114302B, 1230A045, 1230A114, 1230A186, MD069782, MD184086, MD326489, ME201871, MZ690071, MZ690411, MZ690903, TS200006, MD069782, PC121101, 1560178010<\/p>\n","protected":false},"excerpt":{"rendered":"<p>JAPANPARTS \u00d6ljynsuodatin FO-505P  MAZDA,KIA,HYUNDAI,B-SERIE UN,B-SERIE UF,MPV I LV,CARNIVAL I UP,TERRACAN HP,GALLOPER II JK-01,H-1 Kasten,H-1 \/ STAREX<\/p>\n","protected":false},"featured_media":0,"template":"","meta":{"site-sidebar-layout":"default","site-content-layout":"default","ast-global-header-display":"","ast-main-header-display":"","ast-hfb-above-header-display":"","ast-hfb-below-header-display":"","ast-hfb-mobile-header-display":"","site-post-title":"","ast-breadcrumbs-content":"","ast-featured-img":"","footer-sml-layout":"","theme-transparent-header-meta":"","adv-header-id-meta":"","stick-header-meta":"","header-above-stick-meta":"","header-main-stick-meta":"","header-below-stick-meta":""},"pwb-brand":[334],"product_cat":[30],"product_tag":[],"class_list":{"0":"post-96943","1":"product","2":"type-product","3":"status-publish","5":"pwb-brand-japanparts","6":"product_cat-oljynsuodatin","7":"desktop-align-left","8":"tablet-align-left","9":"mobile-align-left","11":"first","12":"instock","13":"product-type-external"},"brands":[{"id":334,"name":"JAPANPARTS","slug":"japanparts"}],"_links":{"self":[{"href":"https:\/\/www.autonvaraosahaku.fi\/index.php?rest_route=\/wp\/v2\/product\/96943","targetHints":{"allow":["GET"]}}],"collection":[{"href":"https:\/\/www.autonvaraosahaku.fi\/index.php?rest_route=\/wp\/v2\/product"}],"about":[{"href":"https:\/\/www.autonvaraosahaku.fi\/index.php?rest_route=\/wp\/v2\/types\/product"}],"wp:attachment":[{"href":"https:\/\/www.autonvaraosahaku.fi\/index.php?rest_route=%2Fwp%2Fv2%2Fmedia&parent=96943"}],"wp:term":[{"taxonomy":"pwb-brand","embeddable":true,"href":"https:\/\/www.autonvaraosahaku.fi\/index.php?rest_route=%2Fwp%2Fv2%2Fpwb-brand&post=96943"},{"taxonomy":"product_cat","embeddable":true,"href":"https:\/\/www.autonvaraosahaku.fi\/index.php?rest_route=%2Fwp%2Fv2%2Fproduct_cat&post=96943"},{"taxonomy":"product_tag","embeddable":true,"href":"https:\/\/www.autonvaraosahaku.fi\/index.php?rest_route=%2Fwp%2Fv2%2Fproduct_tag&post=96943"}],"curies":[{"name":"wp","href":"https:\/\/api.w.org\/{rel}","templated":true}]}}