{"id":96959,"date":"2021-02-21T22:10:26","date_gmt":"2021-02-21T22:10:26","guid":{"rendered":"https:\/\/www.autonvaraosahaku.fi\/?product=valeo-818304-valijaahdytin"},"modified":"2021-02-21T22:10:30","modified_gmt":"2021-02-21T22:10:30","slug":"valeo-818304-valijaahdytin","status":"publish","type":"product","link":"https:\/\/www.autonvaraosahaku.fi\/?product=valeo-818304-valijaahdytin","title":{"rendered":"VALEO 818304 V\u00e4lij\u00e4\u00e4hdytin"},"content":{"rendered":"<p>Paino [kg]: 2,74; Moottorinumero: DV6FDU; CITRO\u00cbN: JUMPY Kasten,SPACETOURER; PEUGEOT: EXPERT Kasten,TRAVELLER; 9806562180, 9806562180, 9806562180, 9806562180<\/p>\n","protected":false},"excerpt":{"rendered":"<p>VALEO V\u00e4lij\u00e4\u00e4hdytin 818304  CITRO\u00cbN,PEUGEOT,JUMPY Kasten,SPACETOURER,EXPERT Kasten,TRAVELLER<\/p>\n","protected":false},"featured_media":0,"template":"","meta":{"site-sidebar-layout":"default","site-content-layout":"default","ast-global-header-display":"","ast-main-header-display":"","ast-hfb-above-header-display":"","ast-hfb-below-header-display":"","ast-hfb-mobile-header-display":"","site-post-title":"","ast-breadcrumbs-content":"","ast-featured-img":"","footer-sml-layout":"","theme-transparent-header-meta":"","adv-header-id-meta":"","stick-header-meta":"","header-above-stick-meta":"","header-main-stick-meta":"","header-below-stick-meta":""},"pwb-brand":[28],"product_cat":[234],"product_tag":[],"class_list":{"0":"post-96959","1":"product","2":"type-product","3":"status-publish","5":"pwb-brand-valeo","6":"product_cat-valijaahdytin","7":"desktop-align-left","8":"tablet-align-left","9":"mobile-align-left","11":"first","12":"instock","13":"product-type-external"},"brands":[{"id":28,"name":"VALEO","slug":"valeo"}],"_links":{"self":[{"href":"https:\/\/www.autonvaraosahaku.fi\/index.php?rest_route=\/wp\/v2\/product\/96959","targetHints":{"allow":["GET"]}}],"collection":[{"href":"https:\/\/www.autonvaraosahaku.fi\/index.php?rest_route=\/wp\/v2\/product"}],"about":[{"href":"https:\/\/www.autonvaraosahaku.fi\/index.php?rest_route=\/wp\/v2\/types\/product"}],"wp:attachment":[{"href":"https:\/\/www.autonvaraosahaku.fi\/index.php?rest_route=%2Fwp%2Fv2%2Fmedia&parent=96959"}],"wp:term":[{"taxonomy":"pwb-brand","embeddable":true,"href":"https:\/\/www.autonvaraosahaku.fi\/index.php?rest_route=%2Fwp%2Fv2%2Fpwb-brand&post=96959"},{"taxonomy":"product_cat","embeddable":true,"href":"https:\/\/www.autonvaraosahaku.fi\/index.php?rest_route=%2Fwp%2Fv2%2Fproduct_cat&post=96959"},{"taxonomy":"product_tag","embeddable":true,"href":"https:\/\/www.autonvaraosahaku.fi\/index.php?rest_route=%2Fwp%2Fv2%2Fproduct_tag&post=96959"}],"curies":[{"name":"wp","href":"https:\/\/api.w.org\/{rel}","templated":true}]}}