{"id":96989,"date":"2021-02-21T22:10:34","date_gmt":"2021-02-21T22:10:34","guid":{"rendered":"https:\/\/www.autonvaraosahaku.fi\/?product=magneti-marelli-062900000304-hehkutulppa"},"modified":"2021-02-21T22:10:41","modified_gmt":"2021-02-21T22:10:41","slug":"magneti-marelli-062900000304-hehkutulppa","status":"publish","type":"product","link":"https:\/\/www.autonvaraosahaku.fi\/?product=magneti-marelli-062900000304-hehkutulppa","title":{"rendered":"MAGNETI MARELLI 062900000304 Hehkutulppa"},"content":{"rendered":"<p>Kiristysmomentti: 2,5; Liittimet: M4; Kiristysmomentti enint\u00e4\u00e4n [Nm]: 15; Virta (A): 10; Kiristysmomentti > [Nm]: 10; Hehkutulppatyyppi: Metallihehkutulppa; Asennuskulma: 63; J\u00e4nnite (V): 11; Pituus 1 (mm): 57; Pituus 2 (mm): 24; Kokonaispituus (mm): 96,4; Kierremitta: M10X1; Avainv\u00e4li: 10; L\u00e4mmitysaika [min]: 7; Valmistusvuoteen: 09\/2000; LANCIA: PHEDRA 179,LYBRA SW 839BX,KAPPA 838A,LYBRA 839AX,KAPPA SW 838B; ALFA ROMEO: 156 Sportwagon 932,156 932,166 936,145 930,146 930; FIAT: MULTIPLA 186,BRAVO I 182,BRAVA 182,MAREA Weekend 185,MAREA 185; 46451951, 60814613, 60816139, 71734087, 596041, 46451951, 60814613, 71734087, 46451951, 60814613, 71734087, 596041<\/p>\n","protected":false},"excerpt":{"rendered":"<p>MAGNETI MARELLI Hehkutulppa 062900000304  LANCIA,ALFA ROMEO,FIAT,PHEDRA 179,LYBRA SW 839BX,KAPPA 838A,LYBRA 839AX,KAPPA SW 838B,156 Sportwagon 932<\/p>\n","protected":false},"featured_media":0,"template":"","meta":{"site-sidebar-layout":"default","site-content-layout":"default","ast-global-header-display":"","ast-main-header-display":"","ast-hfb-above-header-display":"","ast-hfb-below-header-display":"","ast-hfb-mobile-header-display":"","site-post-title":"","ast-breadcrumbs-content":"","ast-featured-img":"","footer-sml-layout":"","theme-transparent-header-meta":"","adv-header-id-meta":"","stick-header-meta":"","header-above-stick-meta":"","header-main-stick-meta":"","header-below-stick-meta":""},"pwb-brand":[34],"product_cat":[52],"product_tag":[],"class_list":{"0":"post-96989","1":"product","2":"type-product","3":"status-publish","5":"pwb-brand-magneti-marelli","6":"product_cat-hehkutulppa","7":"desktop-align-left","8":"tablet-align-left","9":"mobile-align-left","11":"first","12":"instock","13":"product-type-external"},"brands":[{"id":34,"name":"MAGNETI MARELLI","slug":"magneti-marelli"}],"_links":{"self":[{"href":"https:\/\/www.autonvaraosahaku.fi\/index.php?rest_route=\/wp\/v2\/product\/96989","targetHints":{"allow":["GET"]}}],"collection":[{"href":"https:\/\/www.autonvaraosahaku.fi\/index.php?rest_route=\/wp\/v2\/product"}],"about":[{"href":"https:\/\/www.autonvaraosahaku.fi\/index.php?rest_route=\/wp\/v2\/types\/product"}],"wp:attachment":[{"href":"https:\/\/www.autonvaraosahaku.fi\/index.php?rest_route=%2Fwp%2Fv2%2Fmedia&parent=96989"}],"wp:term":[{"taxonomy":"pwb-brand","embeddable":true,"href":"https:\/\/www.autonvaraosahaku.fi\/index.php?rest_route=%2Fwp%2Fv2%2Fpwb-brand&post=96989"},{"taxonomy":"product_cat","embeddable":true,"href":"https:\/\/www.autonvaraosahaku.fi\/index.php?rest_route=%2Fwp%2Fv2%2Fproduct_cat&post=96989"},{"taxonomy":"product_tag","embeddable":true,"href":"https:\/\/www.autonvaraosahaku.fi\/index.php?rest_route=%2Fwp%2Fv2%2Fproduct_tag&post=96989"}],"curies":[{"name":"wp","href":"https:\/\/api.w.org\/{rel}","templated":true}]}}