{"id":97001,"date":"2021-02-21T22:10:42","date_gmt":"2021-02-21T22:10:42","guid":{"rendered":"https:\/\/www.autonvaraosahaku.fi\/?product=brembo-14-5594-50-jarrurumpu"},"modified":"2021-02-21T22:10:47","modified_gmt":"2021-02-21T22:10:47","slug":"brembo-14-5594-50-jarrurumpu","status":"publish","type":"product","link":"https:\/\/www.autonvaraosahaku.fi\/?product=brembo-14-5594-50-jarrurumpu","title":{"rendered":"BREMBO 14.5594.50 Jarrurumpu"},"content":{"rendered":"<p>Rumpul\u00e4pimitta: 165; Suurin mahdollinen rummun sis\u00e4mitta (mm): 166; J-rumpu sis\u00e4leveys [mm]: 38,5; J-rumpu ulkoleveys [mm]: 58; Reikien m\u00e4\u00e4r\u00e4: 3; Korvaava tuote\/korvaava tiedote 2: Py\u00f6r\u00e4nlaakersarjalla; Asennusl\u00e4pimitta [mm]: 56; CITRO\u00cbN: SAXO S0, S1,AX ZA-_; PEUGEOT: 106 II 1,106 I 1A, 1C,106 Van 1_; 424742, 9430655421, 95619206, 424733, 424742, 424743<\/p>\n","protected":false},"excerpt":{"rendered":"<p>BREMBO Jarrurumpu 14.5594.50  CITRO\u00cbN,PEUGEOT,SAXO S0, S1,AX ZA-_,106 II 1,106 I 1A, 1C,106 Van 1_<\/p>\n","protected":false},"featured_media":0,"template":"","meta":{"site-sidebar-layout":"default","site-content-layout":"default","ast-global-header-display":"","ast-main-header-display":"","ast-hfb-above-header-display":"","ast-hfb-below-header-display":"","ast-hfb-mobile-header-display":"","site-post-title":"","ast-breadcrumbs-content":"","ast-featured-img":"","footer-sml-layout":"","theme-transparent-header-meta":"","adv-header-id-meta":"","stick-header-meta":"","header-above-stick-meta":"","header-main-stick-meta":"","header-below-stick-meta":""},"pwb-brand":[146],"product_cat":[304],"product_tag":[],"class_list":{"0":"post-97001","1":"product","2":"type-product","3":"status-publish","5":"pwb-brand-brembo","6":"product_cat-jarrurumpu","7":"desktop-align-left","8":"tablet-align-left","9":"mobile-align-left","11":"first","12":"instock","13":"product-type-external"},"brands":[{"id":146,"name":"BREMBO","slug":"brembo"}],"_links":{"self":[{"href":"https:\/\/www.autonvaraosahaku.fi\/index.php?rest_route=\/wp\/v2\/product\/97001","targetHints":{"allow":["GET"]}}],"collection":[{"href":"https:\/\/www.autonvaraosahaku.fi\/index.php?rest_route=\/wp\/v2\/product"}],"about":[{"href":"https:\/\/www.autonvaraosahaku.fi\/index.php?rest_route=\/wp\/v2\/types\/product"}],"wp:attachment":[{"href":"https:\/\/www.autonvaraosahaku.fi\/index.php?rest_route=%2Fwp%2Fv2%2Fmedia&parent=97001"}],"wp:term":[{"taxonomy":"pwb-brand","embeddable":true,"href":"https:\/\/www.autonvaraosahaku.fi\/index.php?rest_route=%2Fwp%2Fv2%2Fpwb-brand&post=97001"},{"taxonomy":"product_cat","embeddable":true,"href":"https:\/\/www.autonvaraosahaku.fi\/index.php?rest_route=%2Fwp%2Fv2%2Fproduct_cat&post=97001"},{"taxonomy":"product_tag","embeddable":true,"href":"https:\/\/www.autonvaraosahaku.fi\/index.php?rest_route=%2Fwp%2Fv2%2Fproduct_tag&post=97001"}],"curies":[{"name":"wp","href":"https:\/\/api.w.org\/{rel}","templated":true}]}}