{"id":97018,"date":"2021-02-21T22:10:51","date_gmt":"2021-02-21T22:10:51","guid":{"rendered":"https:\/\/www.autonvaraosahaku.fi\/?product=denso-dg-215-hehkutulppa"},"modified":"2021-02-21T22:10:54","modified_gmt":"2021-02-21T22:10:54","slug":"denso-dg-215-hehkutulppa","status":"publish","type":"product","link":"https:\/\/www.autonvaraosahaku.fi\/?product=denso-dg-215-hehkutulppa","title":{"rendered":"DENSO DG-215 Hehkutulppa"},"content":{"rendered":"<p>J\u00e4nnite (V): 7; Laatu: OE; Kierremitta: M10x1.25; Vastus [Ohm]: 0,025; Kokonaispituus (mm): 95,5; Avainv\u00e4li: 12; Paino [g]: 38; Kiristysmomentti > [Nm]: 1; Kiristysmomentti enint\u00e4\u00e4n [Nm]: 1,5; Erittely: Single Coil; TOYOTA: LAND CRUISER PZJ7_, KZJ7_, HZJ7_, BJ7_, LJ7_, RJ7_,STARLET _P7_,HILUX IV Pick-up _N5_, _N6_,HIACE II Wagon LH7_, LH5_, LH6_, YH7_, YH6_, YH5_,HIACE II Kasten LH5_, YH7_, LH7_, LH6_, YH6_, YH5_,HIACE I Kasten RH1_, LH3_, RH3_, RH2_, LH2_, LH1_,CRESSIDA Stufenheck _X6_,DYNA Pritsche\/Fahrgestell,DYNA 150 Pritsche\/Fahrgestell; 1985054050<\/p>\n","protected":false},"excerpt":{"rendered":"<p>DENSO Hehkutulppa DG-215  TOYOTA,LAND CRUISER PZJ7_, KZJ7_, HZJ7_, BJ7_, LJ7_, RJ7_,STARLET _P7_,HILUX IV Pick-up _N5_, _N6_<\/p>\n","protected":false},"featured_media":0,"template":"","meta":{"site-sidebar-layout":"default","site-content-layout":"default","ast-global-header-display":"","ast-main-header-display":"","ast-hfb-above-header-display":"","ast-hfb-below-header-display":"","ast-hfb-mobile-header-display":"","site-post-title":"","ast-breadcrumbs-content":"","ast-featured-img":"","footer-sml-layout":"","theme-transparent-header-meta":"","adv-header-id-meta":"","stick-header-meta":"","header-above-stick-meta":"","header-main-stick-meta":"","header-below-stick-meta":""},"pwb-brand":[278],"product_cat":[52],"product_tag":[],"class_list":{"0":"post-97018","1":"product","2":"type-product","3":"status-publish","5":"pwb-brand-denso","6":"product_cat-hehkutulppa","7":"desktop-align-left","8":"tablet-align-left","9":"mobile-align-left","11":"first","12":"instock","13":"product-type-external"},"brands":[{"id":278,"name":"DENSO","slug":"denso"}],"_links":{"self":[{"href":"https:\/\/www.autonvaraosahaku.fi\/index.php?rest_route=\/wp\/v2\/product\/97018","targetHints":{"allow":["GET"]}}],"collection":[{"href":"https:\/\/www.autonvaraosahaku.fi\/index.php?rest_route=\/wp\/v2\/product"}],"about":[{"href":"https:\/\/www.autonvaraosahaku.fi\/index.php?rest_route=\/wp\/v2\/types\/product"}],"wp:attachment":[{"href":"https:\/\/www.autonvaraosahaku.fi\/index.php?rest_route=%2Fwp%2Fv2%2Fmedia&parent=97018"}],"wp:term":[{"taxonomy":"pwb-brand","embeddable":true,"href":"https:\/\/www.autonvaraosahaku.fi\/index.php?rest_route=%2Fwp%2Fv2%2Fpwb-brand&post=97018"},{"taxonomy":"product_cat","embeddable":true,"href":"https:\/\/www.autonvaraosahaku.fi\/index.php?rest_route=%2Fwp%2Fv2%2Fproduct_cat&post=97018"},{"taxonomy":"product_tag","embeddable":true,"href":"https:\/\/www.autonvaraosahaku.fi\/index.php?rest_route=%2Fwp%2Fv2%2Fproduct_tag&post=97018"}],"curies":[{"name":"wp","href":"https:\/\/api.w.org\/{rel}","templated":true}]}}