{"id":97044,"date":"2021-02-21T22:11:00","date_gmt":"2021-02-21T22:11:00","guid":{"rendered":"https:\/\/www.autonvaraosahaku.fi\/?product=febi-bilstein-21122-jarrulevyt"},"modified":"2021-02-21T22:11:05","modified_gmt":"2021-02-21T22:11:05","slug":"febi-bilstein-21122-jarrulevyt","status":"publish","type":"product","link":"https:\/\/www.autonvaraosahaku.fi\/?product=febi-bilstein-21122-jarrulevyt","title":{"rendered":"FEBI BILSTEIN 21122 Jarrulevyt"},"content":{"rendered":"<p>Jarrulevyn paksuus (mm): 10; Kiinnitysreikien lukum\u00e4\u00e4r\u00e4: 4, 3; Paksuus [mm]: 60,0; Ulkol\u00e4pimitta [mm]: 290,2; Reik\u00e4ympyr\u00e4-\u00d8 [mm]: 108; Pinta: pinnoitettu; Jarrulevytyyppi: Vakiomalli; Asennuspuoli: Taka-akseli; V\u00e4himm\u00e4ispaksuus (mm): 8; Paino [kg]: 5,22; keskitt\u00e4misl\u00e4pimitta [mm]: 71, 71; Alustanumerosta: 80012041; PEUGEOT: 406 Break 8E\/F,406 Coupe 8C,406 8B; 4246L7, 4246T6, 4246T7; Jarrulevy<\/p>\n","protected":false},"excerpt":{"rendered":"<p>FEBI BILSTEIN Jarrulevyt 21122 Jarrulevy PEUGEOT,406 Break 8E\/F,406 Coupe 8C,406 8B<\/p>\n","protected":false},"featured_media":0,"template":"","meta":{"site-sidebar-layout":"default","site-content-layout":"default","ast-global-header-display":"","ast-main-header-display":"","ast-hfb-above-header-display":"","ast-hfb-below-header-display":"","ast-hfb-mobile-header-display":"","site-post-title":"","ast-breadcrumbs-content":"","ast-featured-img":"","footer-sml-layout":"","theme-transparent-header-meta":"","adv-header-id-meta":"","stick-header-meta":"","header-above-stick-meta":"","header-main-stick-meta":"","header-below-stick-meta":""},"pwb-brand":[50],"product_cat":[66],"product_tag":[],"class_list":{"0":"post-97044","1":"product","2":"type-product","3":"status-publish","5":"pwb-brand-febi-bilstein","6":"product_cat-jarrulevyt","7":"desktop-align-left","8":"tablet-align-left","9":"mobile-align-left","11":"first","12":"instock","13":"product-type-external"},"brands":[{"id":50,"name":"FEBI BILSTEIN","slug":"febi-bilstein"}],"_links":{"self":[{"href":"https:\/\/www.autonvaraosahaku.fi\/index.php?rest_route=\/wp\/v2\/product\/97044","targetHints":{"allow":["GET"]}}],"collection":[{"href":"https:\/\/www.autonvaraosahaku.fi\/index.php?rest_route=\/wp\/v2\/product"}],"about":[{"href":"https:\/\/www.autonvaraosahaku.fi\/index.php?rest_route=\/wp\/v2\/types\/product"}],"wp:attachment":[{"href":"https:\/\/www.autonvaraosahaku.fi\/index.php?rest_route=%2Fwp%2Fv2%2Fmedia&parent=97044"}],"wp:term":[{"taxonomy":"pwb-brand","embeddable":true,"href":"https:\/\/www.autonvaraosahaku.fi\/index.php?rest_route=%2Fwp%2Fv2%2Fpwb-brand&post=97044"},{"taxonomy":"product_cat","embeddable":true,"href":"https:\/\/www.autonvaraosahaku.fi\/index.php?rest_route=%2Fwp%2Fv2%2Fproduct_cat&post=97044"},{"taxonomy":"product_tag","embeddable":true,"href":"https:\/\/www.autonvaraosahaku.fi\/index.php?rest_route=%2Fwp%2Fv2%2Fproduct_tag&post=97044"}],"curies":[{"name":"wp","href":"https:\/\/api.w.org\/{rel}","templated":true}]}}