{"id":97050,"date":"2021-02-21T22:11:08","date_gmt":"2021-02-21T22:11:08","guid":{"rendered":"https:\/\/www.autonvaraosahaku.fi\/?product=zimmermann-100-3338-20-jarrulevyt"},"modified":"2021-02-21T22:11:08","modified_gmt":"2021-02-21T22:11:08","slug":"zimmermann-100-3338-20-jarrulevyt","status":"publish","type":"product","link":"https:\/\/www.autonvaraosahaku.fi\/?product=zimmermann-100-3338-20-jarrulevyt","title":{"rendered":"ZIMMERMANN 100.3338.20 Jarrulevyt"},"content":{"rendered":"<p>Jarrulevytyyppi: Tuuletettu, ulko; K\u00e4sittely: hiiliter\u00e4s; Pinta: pinnoitettu; Ulkol\u00e4pimitta [mm]: 335; Jarrulevyn paksuus (mm): 22; Korkeus (mm): 42; Vanne, aukkoja: 5; Reik\u00e4ympyr\u00e4-\u00d8 [mm]: 112; keskitt\u00e4misl\u00e4pimitta [mm]: 68; V\u00e4himm\u00e4ispaksuus (mm): 20; Paino [kg]: 7,90; Reik\u00e4kuvio\/-m\u00e4\u00e4r\u00e4: 7\/5; Tuotelinja: COAT Z; Asennuspuoli: Hinterachse; VW: PHAETON 3D_; AUDI: A8 4E_; BENTLEY: CONTINENTAL Coupe 3W_,CONTINENTAL Cabriolet 3W_,CONTINENTAL FLYING SPUR 3W_,FLYING SPUR 3W_; 4E0615601L, 4E0615601L; Jarrulevy<\/p>\n","protected":false},"excerpt":{"rendered":"<p>ZIMMERMANN Jarrulevyt 100.3338.20 Jarrulevy VW,AUDI,BENTLEY,PHAETON 3D_,A8 4E_,CONTINENTAL Coupe 3W_,CONTINENTAL Cabriolet 3W_<\/p>\n","protected":false},"featured_media":0,"template":"","meta":{"site-sidebar-layout":"default","site-content-layout":"default","ast-global-header-display":"","ast-main-header-display":"","ast-hfb-above-header-display":"","ast-hfb-below-header-display":"","ast-hfb-mobile-header-display":"","site-post-title":"","ast-breadcrumbs-content":"","ast-featured-img":"","footer-sml-layout":"","theme-transparent-header-meta":"","adv-header-id-meta":"","stick-header-meta":"","header-above-stick-meta":"","header-main-stick-meta":"","header-below-stick-meta":""},"pwb-brand":[145],"product_cat":[66],"product_tag":[],"class_list":{"0":"post-97050","1":"product","2":"type-product","3":"status-publish","5":"pwb-brand-zimmermann","6":"product_cat-jarrulevyt","7":"desktop-align-left","8":"tablet-align-left","9":"mobile-align-left","11":"first","12":"instock","13":"product-type-external"},"brands":[{"id":145,"name":"ZIMMERMANN","slug":"zimmermann"}],"_links":{"self":[{"href":"https:\/\/www.autonvaraosahaku.fi\/index.php?rest_route=\/wp\/v2\/product\/97050","targetHints":{"allow":["GET"]}}],"collection":[{"href":"https:\/\/www.autonvaraosahaku.fi\/index.php?rest_route=\/wp\/v2\/product"}],"about":[{"href":"https:\/\/www.autonvaraosahaku.fi\/index.php?rest_route=\/wp\/v2\/types\/product"}],"wp:attachment":[{"href":"https:\/\/www.autonvaraosahaku.fi\/index.php?rest_route=%2Fwp%2Fv2%2Fmedia&parent=97050"}],"wp:term":[{"taxonomy":"pwb-brand","embeddable":true,"href":"https:\/\/www.autonvaraosahaku.fi\/index.php?rest_route=%2Fwp%2Fv2%2Fpwb-brand&post=97050"},{"taxonomy":"product_cat","embeddable":true,"href":"https:\/\/www.autonvaraosahaku.fi\/index.php?rest_route=%2Fwp%2Fv2%2Fproduct_cat&post=97050"},{"taxonomy":"product_tag","embeddable":true,"href":"https:\/\/www.autonvaraosahaku.fi\/index.php?rest_route=%2Fwp%2Fv2%2Fproduct_tag&post=97050"}],"curies":[{"name":"wp","href":"https:\/\/api.w.org\/{rel}","templated":true}]}}