{"id":9706,"date":"2021-02-21T14:06:42","date_gmt":"2021-02-21T14:06:42","guid":{"rendered":"https:\/\/www.autonvaraosahaku.fi\/?product=valeo-254017-kampiakselin-asentotunnistin"},"modified":"2021-02-21T14:06:43","modified_gmt":"2021-02-21T14:06:43","slug":"valeo-254017-kampiakselin-asentotunnistin","status":"publish","type":"product","link":"https:\/\/www.autonvaraosahaku.fi\/?product=valeo-254017-kampiakselin-asentotunnistin","title":{"rendered":"VALEO 254017 Kampiakselin asentotunnistin"},"content":{"rendered":"<p>Tunnistinmalli: Induktiivi anturi; Napojen m\u00e4\u00e4r\u00e4: 2; J\u00e4nnite (V): 12; Pistokkeen kotelon muoto: Py\u00f6re\u00e4; Korvaava tuote\/korvaava tiedote 2: ilman kaapelia; Vastus [Ohm]: 700; Paino [kg]: 0,08; Valmistusvuoteen: 12\/2005; NISSAN: MICRA III K12,ALMERA II Hatchback N16,ALMERA Mk II N16,KUBISTAR Kasten X80; SUZUKI: SAMURAI SJ,SJ 413; DACIA: LOGAN MCV KS_,LOGAN LS_,LOGAN EXPRESS FS_,LOGAN Pick-up US_; RENAULT: CLIO II BB0\/1\/2_, CB0\/1\/2_,CLIO III BR0\/1, CR0\/1,SC\u00c9NIC II JM0\/1_,KANGOO KC0\/1_,MODUS \/ GRAND MODUS F\/JP0_,LAGUNA II Grandtour KG0\/1_,MEGANE II Kombi KM0\/1_,SC\u00c9NIC I JA0\/1_,MEGANE II Coup\u00e9-Cabriolet EM0\/1_,ESPACE III JE0_,MEGANE Scenic JA0\/1_,LAGUNA II BG0\/1_,MEGANE II BM0\/1_, CM0\/1_,MEGANE I BA0\/1_,KANGOO Express FC0\/1_,CLIO Grandtour KR0\/1_,GRAND SC\u00c9NIC II JM0\/1_,MEGANE I Grandtour KA0\/1_,LAGUNA I B56_, 556_,LAGUNA I Grandtour K56_,MEGANE II Stufenheck LM0\/1_,MEGANE I Classic LA0\/1_,MEGANE I Coach DA0\/1_,CLIO II Kasten SB0\/1\/2_,THALIA I LB0\/1\/2_,CLIO III Kasten SB_, SR_,LOGAN I LS_,THALIA II LU1\/2_,MEGANE II Hatchback Van KM0\/2_; 2375000Q0A, 6001545512, 7700100566, 7700109055, 8200439315, 8200688406, 8201040861, 23731BN700, 23731BN70A, 23731BN70B, 2375000Q0A, 2375000Q0G, 2375000Q0M, 2375000QAD, 6001545512, 7700100566, 7700109055, 8200439315, 8200688406, 8201040861, 2375000Q0A, 6001545512, 7700100566, 7700109055, 8200439315, 8200688406, 8201040861, 3395784A02000, 3544284CT1000, 3544284CT2000, 3544286CA0000, 3544286CA1000; Kampiakselin Anturi,Impulssianturi, Kampiakseli<\/p>\n","protected":false},"excerpt":{"rendered":"<p>VALEO Kampiakselin Asentotunnistin 254017 Kampiakselin Anturi,Impulssianturi, Kampiakseli NISSAN,SUZUKI,DACIA,MICRA III K12,ALMERA II Hatchback N16<\/p>\n","protected":false},"featured_media":0,"template":"","meta":{"site-sidebar-layout":"default","site-content-layout":"default","ast-global-header-display":"","ast-main-header-display":"","ast-hfb-above-header-display":"","ast-hfb-below-header-display":"","ast-hfb-mobile-header-display":"","site-post-title":"","ast-breadcrumbs-content":"","ast-featured-img":"","footer-sml-layout":"","theme-transparent-header-meta":"","adv-header-id-meta":"","stick-header-meta":"","header-above-stick-meta":"","header-main-stick-meta":"","header-below-stick-meta":""},"pwb-brand":[28],"product_cat":[184],"product_tag":[],"class_list":{"0":"post-9706","1":"product","2":"type-product","3":"status-publish","5":"pwb-brand-valeo","6":"product_cat-kampiakselin-asentotunnistin","7":"desktop-align-left","8":"tablet-align-left","9":"mobile-align-left","11":"first","12":"instock","13":"product-type-external"},"brands":[{"id":28,"name":"VALEO","slug":"valeo"}],"_links":{"self":[{"href":"https:\/\/www.autonvaraosahaku.fi\/index.php?rest_route=\/wp\/v2\/product\/9706","targetHints":{"allow":["GET"]}}],"collection":[{"href":"https:\/\/www.autonvaraosahaku.fi\/index.php?rest_route=\/wp\/v2\/product"}],"about":[{"href":"https:\/\/www.autonvaraosahaku.fi\/index.php?rest_route=\/wp\/v2\/types\/product"}],"wp:attachment":[{"href":"https:\/\/www.autonvaraosahaku.fi\/index.php?rest_route=%2Fwp%2Fv2%2Fmedia&parent=9706"}],"wp:term":[{"taxonomy":"pwb-brand","embeddable":true,"href":"https:\/\/www.autonvaraosahaku.fi\/index.php?rest_route=%2Fwp%2Fv2%2Fpwb-brand&post=9706"},{"taxonomy":"product_cat","embeddable":true,"href":"https:\/\/www.autonvaraosahaku.fi\/index.php?rest_route=%2Fwp%2Fv2%2Fproduct_cat&post=9706"},{"taxonomy":"product_tag","embeddable":true,"href":"https:\/\/www.autonvaraosahaku.fi\/index.php?rest_route=%2Fwp%2Fv2%2Fproduct_tag&post=9706"}],"curies":[{"name":"wp","href":"https:\/\/api.w.org\/{rel}","templated":true}]}}