{"id":9708,"date":"2021-02-21T14:06:42","date_gmt":"2021-02-21T14:06:42","guid":{"rendered":"https:\/\/www.autonvaraosahaku.fi\/?product=valeo-253808-kampiakselin-asentotunnistin"},"modified":"2021-02-21T14:06:43","modified_gmt":"2021-02-21T14:06:43","slug":"valeo-253808-kampiakselin-asentotunnistin","status":"publish","type":"product","link":"https:\/\/www.autonvaraosahaku.fi\/?product=valeo-253808-kampiakselin-asentotunnistin","title":{"rendered":"VALEO 253808 Kampiakselin asentotunnistin"},"content":{"rendered":"<p>Tunnistinmalli: Hall-anturi; Napojen m\u00e4\u00e4r\u00e4: 3; J\u00e4nnite (V): 12; Pistokkeen kotelon muoto: Kulmikas; Korvaava tuote\/korvaava tiedote 2: ilman kaapelia; Paino [kg]: 0,03; Valmistusvuosi alkaen: 09\/2010; MAZDA: 3 BK,2 DE,3 BL,3 Stufenheck BK,3 Stufenheck BL; LAND ROVER: FREELANDER 2 FA_,RANGE ROVER EVOQUE LV,DISCOVERY SPORT LC; VOLVO: V50 MW,V70 III BW,C30,S40 II MS,C70 II Cabriolet,S80 II AS; SUZUKI: GRAND VITARA I FT,LIANA Schr\u00e4gheck,LIANA ER; MINI: MINI R56,MINI CLUBMAN R55; JAGUAR: XF _J05_, CC9,XF SPORTBRAKE CC9; LANCIA: PHEDRA 179,ZETA 220; FORD: FIESTA V JH_, JD_,FIESTA VI,FOCUS III Turnier,FOCUS C-MAX,GALAXY WA6,FOCUS III,C-MAX II,GRAND C-MAX,FOCUS III Stufenheck,C-MAX II Van; FIAT: SCUDO 270_,ULYSSE 179AX,SCUDO Kasten 270_,ULYSSE 220,SCUDO Kasten 220L,SCUDO Combinato 220P,SCUDO Pritsche\/Fahrgestell 270_,SCUDO Pritsche\/Fahrgestell 220_; CITRO\u00cbN: BERLINGO MF,XSARA PICASSO N68,C2 JM_,C3 I FC_,BERLINGO B9,C5 III Break TD_,C4 Picasso I UD_,C4 Grand Picasso I UA_,C8 EA_, EB_,C4 I LC_,BERLINGO Kasten M_,C5 II Break RE_,C3 Picasso,C5 I DC_,C5 I Break DE_,C5 III RD_,C3 II,XSARA N1,C4 Coupe LA_,C4 II B7,C5 II RC_,C-CROSSER EP_,XSARA Break N2,JUMPY,BERLINGO Kasten B9,JUMPER Kasten 244,C6 TD_,JUMPY Kasten,XANTIA X2,DS4,XSARA Coupe N0,DS5,EVASION 22, U6,C4 Stufenheck L,XANTIA Break X2,JUMPY U6U,JUMPY Kasten BS_, BT_, BY_, BZ_,C-CROSSER ENTERPRISE,JUMPER Bus 244, Z_,JUMPER Pritsche\/Fahrgestell 244,BERLINGO Pritsche\/Fahrgestell B9,JUMPY Pritsche\/Fahrgestell BU_, BV_, BW_, BX_,XSARA Kasten,JUMPY Pritsche\/Fahrgestell,XSARA Kasten\/Schr\u00e4gheck; 19207V, 1920FY, 1920QN, 9628539800, 9628559880, 9645844080, 9661135980, 9665443580, 9665446780, 1920QN, 1920FY, 9628559880, 9628559980, 9663752580, 9665443480, 9665443680, 1229954, 1255020, 1314032, 1427776, 1451478, 1490841, 1580907, 1595453, 1695278, 1837835, 3M5Q12K073AB, 3M5Q12K073AC, 3M5Q12K073CA, 6G9Q12K073AC, 9M5Q12K073AA, 1920FY, 9665443480, 9665443680, LR016847, Y60118230A, Y60118230B, Y60218230, 13627805005, 7805005, MN982271, MN982363, 19207V, 1920FY, 1920QN, 9628559880, 3322067G10000, 3322067J10000, 3322069G10000, 3322069K00000, 3322069K10000, 3322069K20000, 3322073J10000, 3322086CT0000, 3322086CT1000, 3322086SA0000, 33222073J10000, 3546686SA4000, 30711105, 30725738, 31216443, 31342337; Nokka Akselin Anturi,Nokka Akselin Tunnistin,Tunnistin, Nokka-Akselin Ajoitus<\/p>\n","protected":false},"excerpt":{"rendered":"<p>VALEO Nokka Akselin Asentotunnistin 253808 Nokka Akselin Anturi,Nokka Akselin Tunnistin MAZDA,LAND ROVER,VOLVO,3 BK,2 DE,3 BL,3 Stufenheck BK<\/p>\n","protected":false},"featured_media":0,"template":"","meta":{"site-sidebar-layout":"default","site-content-layout":"default","ast-global-header-display":"","ast-main-header-display":"","ast-hfb-above-header-display":"","ast-hfb-below-header-display":"","ast-hfb-mobile-header-display":"","site-post-title":"","ast-breadcrumbs-content":"","ast-featured-img":"","footer-sml-layout":"","theme-transparent-header-meta":"","adv-header-id-meta":"","stick-header-meta":"","header-above-stick-meta":"","header-main-stick-meta":"","header-below-stick-meta":""},"pwb-brand":[28],"product_cat":[184],"product_tag":[],"class_list":{"0":"post-9708","1":"product","2":"type-product","3":"status-publish","5":"pwb-brand-valeo","6":"product_cat-kampiakselin-asentotunnistin","7":"desktop-align-left","8":"tablet-align-left","9":"mobile-align-left","11":"first","12":"instock","13":"product-type-external"},"brands":[{"id":28,"name":"VALEO","slug":"valeo"}],"_links":{"self":[{"href":"https:\/\/www.autonvaraosahaku.fi\/index.php?rest_route=\/wp\/v2\/product\/9708","targetHints":{"allow":["GET"]}}],"collection":[{"href":"https:\/\/www.autonvaraosahaku.fi\/index.php?rest_route=\/wp\/v2\/product"}],"about":[{"href":"https:\/\/www.autonvaraosahaku.fi\/index.php?rest_route=\/wp\/v2\/types\/product"}],"wp:attachment":[{"href":"https:\/\/www.autonvaraosahaku.fi\/index.php?rest_route=%2Fwp%2Fv2%2Fmedia&parent=9708"}],"wp:term":[{"taxonomy":"pwb-brand","embeddable":true,"href":"https:\/\/www.autonvaraosahaku.fi\/index.php?rest_route=%2Fwp%2Fv2%2Fpwb-brand&post=9708"},{"taxonomy":"product_cat","embeddable":true,"href":"https:\/\/www.autonvaraosahaku.fi\/index.php?rest_route=%2Fwp%2Fv2%2Fproduct_cat&post=9708"},{"taxonomy":"product_tag","embeddable":true,"href":"https:\/\/www.autonvaraosahaku.fi\/index.php?rest_route=%2Fwp%2Fv2%2Fproduct_tag&post=9708"}],"curies":[{"name":"wp","href":"https:\/\/api.w.org\/{rel}","templated":true}]}}