{"id":97098,"date":"2021-02-21T22:11:25","date_gmt":"2021-02-21T22:11:25","guid":{"rendered":"https:\/\/www.autonvaraosahaku.fi\/?product=febi-bilstein-12719-raidetangon-sisapaa"},"modified":"2021-02-21T22:11:29","modified_gmt":"2021-02-21T22:11:29","slug":"febi-bilstein-12719-raidetangon-sisapaa","status":"publish","type":"product","link":"https:\/\/www.autonvaraosahaku.fi\/?product=febi-bilstein-12719-raidetangon-sisapaa","title":{"rendered":"FEBI BILSTEIN 12719 Raidetangon sis\u00e4p\u00e4\u00e4"},"content":{"rendered":"<p>Pituus (mm): 310; Ulkokierre [mm]: M14 x 2, M16 x 1,5; Asennuspuoli: etuakseli molemminpuoleinen; Paino [kg]: 0,825, 0,825, 0,825; lis\u00e4tieto: febi Plus; Valmistusvuosi alkaen: 01\/1988; VOLVO: 940 II Kombi 945,940 Kombi 945,740 Kombi 745,960 II Kombi 965,740 744,960 II 964,940 944,760 704, 764,960 Kombi 965,760 Kombi 704, 765,940 II 944,960 964; 1387356, 271389; Raidetangon P\u00e4\u00e4 Sisempi,Raidetangon P\u00e4\u00e4, Suora<\/p>\n","protected":false},"excerpt":{"rendered":"<p>FEBI BILSTEIN Raidetangon Sis\u00e4p\u00e4\u00e4 12719 Raidetangon P\u00e4\u00e4 Sisempi,Raidetangon P\u00e4\u00e4, Suora VOLVO,940 II Kombi 945,940 Kombi 945,740 Kombi 745<\/p>\n","protected":false},"featured_media":0,"template":"","meta":{"site-sidebar-layout":"default","site-content-layout":"default","ast-global-header-display":"","ast-main-header-display":"","ast-hfb-above-header-display":"","ast-hfb-below-header-display":"","ast-hfb-mobile-header-display":"","site-post-title":"","ast-breadcrumbs-content":"","ast-featured-img":"","footer-sml-layout":"","theme-transparent-header-meta":"","adv-header-id-meta":"","stick-header-meta":"","header-above-stick-meta":"","header-main-stick-meta":"","header-below-stick-meta":""},"pwb-brand":[50],"product_cat":[208],"product_tag":[],"class_list":{"0":"post-97098","1":"product","2":"type-product","3":"status-publish","5":"pwb-brand-febi-bilstein","6":"product_cat-raidetangon-sisapaa","7":"desktop-align-left","8":"tablet-align-left","9":"mobile-align-left","11":"first","12":"instock","13":"product-type-external"},"brands":[{"id":50,"name":"FEBI BILSTEIN","slug":"febi-bilstein"}],"_links":{"self":[{"href":"https:\/\/www.autonvaraosahaku.fi\/index.php?rest_route=\/wp\/v2\/product\/97098","targetHints":{"allow":["GET"]}}],"collection":[{"href":"https:\/\/www.autonvaraosahaku.fi\/index.php?rest_route=\/wp\/v2\/product"}],"about":[{"href":"https:\/\/www.autonvaraosahaku.fi\/index.php?rest_route=\/wp\/v2\/types\/product"}],"wp:attachment":[{"href":"https:\/\/www.autonvaraosahaku.fi\/index.php?rest_route=%2Fwp%2Fv2%2Fmedia&parent=97098"}],"wp:term":[{"taxonomy":"pwb-brand","embeddable":true,"href":"https:\/\/www.autonvaraosahaku.fi\/index.php?rest_route=%2Fwp%2Fv2%2Fpwb-brand&post=97098"},{"taxonomy":"product_cat","embeddable":true,"href":"https:\/\/www.autonvaraosahaku.fi\/index.php?rest_route=%2Fwp%2Fv2%2Fproduct_cat&post=97098"},{"taxonomy":"product_tag","embeddable":true,"href":"https:\/\/www.autonvaraosahaku.fi\/index.php?rest_route=%2Fwp%2Fv2%2Fproduct_tag&post=97098"}],"curies":[{"name":"wp","href":"https:\/\/api.w.org\/{rel}","templated":true}]}}