{"id":97138,"date":"2021-02-21T22:11:42","date_gmt":"2021-02-21T22:11:42","guid":{"rendered":"https:\/\/www.autonvaraosahaku.fi\/?product=febi-bilstein-08245-kannen-pultit"},"modified":"2021-02-21T22:11:45","modified_gmt":"2021-02-21T22:11:45","slug":"febi-bilstein-08245-kannen-pultit","status":"publish","type":"product","link":"https:\/\/www.autonvaraosahaku.fi\/?product=febi-bilstein-08245-kannen-pultit","title":{"rendered":"FEBI BILSTEIN 08245 Kannen pultit"},"content":{"rendered":"<p>Pituus (mm): 107; Ulkokierre [mm]: M10 x 1,5; Laatu \/ luokka: 12.9; Ruuvikanta\/mutteriprofiili: Torx, ulko; Ruuvin pituus ilman p\u00e4\u00e4t\u00e4: 95; Paino [kg]: 0,81, 0,81; Moottorinumero: M50; BMW: 3 E46,5 E39,3 Touring E46,5 Touring E39,3 Coupe E46,3 Compact E36,3 E36,3 Cabriolet E46,7 E38,3 Coupe E36,5 E34,3 Cabriolet E36,3 Touring E36,5 Touring E34; 11121721938, 1721938; Sylinterikannen Pultit,Syl.Kannen Pulttisarja<\/p>\n","protected":false},"excerpt":{"rendered":"<p>FEBI BILSTEIN Kannen Pultit 08245 Sylinterikannen Pultit,Syl.Kannen Pulttisarja BMW,3 E46,5 E39,3 Touring E46,5 Touring E39,3 Coupe E46,3 Compact E36<\/p>\n","protected":false},"featured_media":0,"template":"","meta":{"site-sidebar-layout":"default","site-content-layout":"default","ast-global-header-display":"","ast-main-header-display":"","ast-hfb-above-header-display":"","ast-hfb-below-header-display":"","ast-hfb-mobile-header-display":"","site-post-title":"","ast-breadcrumbs-content":"","ast-featured-img":"","footer-sml-layout":"","theme-transparent-header-meta":"","adv-header-id-meta":"","stick-header-meta":"","header-above-stick-meta":"","header-main-stick-meta":"","header-below-stick-meta":""},"pwb-brand":[50],"product_cat":[67],"product_tag":[],"class_list":{"0":"post-97138","1":"product","2":"type-product","3":"status-publish","5":"pwb-brand-febi-bilstein","6":"product_cat-kannen-pultit","7":"desktop-align-left","8":"tablet-align-left","9":"mobile-align-left","11":"first","12":"instock","13":"product-type-external"},"brands":[{"id":50,"name":"FEBI BILSTEIN","slug":"febi-bilstein"}],"_links":{"self":[{"href":"https:\/\/www.autonvaraosahaku.fi\/index.php?rest_route=\/wp\/v2\/product\/97138","targetHints":{"allow":["GET"]}}],"collection":[{"href":"https:\/\/www.autonvaraosahaku.fi\/index.php?rest_route=\/wp\/v2\/product"}],"about":[{"href":"https:\/\/www.autonvaraosahaku.fi\/index.php?rest_route=\/wp\/v2\/types\/product"}],"wp:attachment":[{"href":"https:\/\/www.autonvaraosahaku.fi\/index.php?rest_route=%2Fwp%2Fv2%2Fmedia&parent=97138"}],"wp:term":[{"taxonomy":"pwb-brand","embeddable":true,"href":"https:\/\/www.autonvaraosahaku.fi\/index.php?rest_route=%2Fwp%2Fv2%2Fpwb-brand&post=97138"},{"taxonomy":"product_cat","embeddable":true,"href":"https:\/\/www.autonvaraosahaku.fi\/index.php?rest_route=%2Fwp%2Fv2%2Fproduct_cat&post=97138"},{"taxonomy":"product_tag","embeddable":true,"href":"https:\/\/www.autonvaraosahaku.fi\/index.php?rest_route=%2Fwp%2Fv2%2Fproduct_tag&post=97138"}],"curies":[{"name":"wp","href":"https:\/\/api.w.org\/{rel}","templated":true}]}}