{"id":9716,"date":"2021-02-21T14:06:42","date_gmt":"2021-02-21T14:06:42","guid":{"rendered":"https:\/\/www.autonvaraosahaku.fi\/?product=meyle-100-323-0005-polttoainesuodatin"},"modified":"2021-02-21T14:06:44","modified_gmt":"2021-02-21T14:06:44","slug":"meyle-100-323-0005-polttoainesuodatin","status":"publish","type":"product","link":"https:\/\/www.autonvaraosahaku.fi\/?product=meyle-100-323-0005-polttoainesuodatin","title":{"rendered":"MEYLE 100 323 0005 Polttoainesuodatin"},"content":{"rendered":"<p>L\u00e4pimitta [mm]: 83,5; L\u00e4pimitta 1 [mm]: 18,5; Lis\u00e4tarvike\/lis\u00e4tieto: Tiivisteill\u00e4; Suodatintyyppi: Suodatinpanos; Korkeus (mm): 116; lis\u00e4tieto: ORIGINAL Quality; Moottorinumero: CFFB; VW: GOLF V 1K1,GOLF VI 5K1,GOLF PLUS 5M1, 521,GOLF VI Variant AJ5,GOLF V Variant 1K5,JETTA III 1K2,GOLF VI Cabriolet 517,BEETLE 5C1,JETTA IV 162, 163,BEETLE Cabriolet 5C7; AUDI: A3 8P1,A3 Sportback 8PA,A3 Cabriolet 8P7; SKODA: OCTAVIA Combi 1Z5,OCTAVIA 1Z3; SEAT: ALTEA XL 5P5, 5P8; 1K0127434B, 1K0127434B, 1K0127177B, 1K0127434B<\/p>\n","protected":false},"excerpt":{"rendered":"<p>MEYLE Polttoainesuodatin 100 323 0005  VW,AUDI,SKODA,GOLF V 1K1,GOLF VI 5K1,GOLF PLUS 5M1, 521,GOLF VI Variant AJ5,GOLF V Variant 1K5,JETTA III 1K2<\/p>\n","protected":false},"featured_media":0,"template":"","meta":{"site-sidebar-layout":"default","site-content-layout":"default","ast-global-header-display":"","ast-main-header-display":"","ast-hfb-above-header-display":"","ast-hfb-below-header-display":"","ast-hfb-mobile-header-display":"","site-post-title":"","ast-breadcrumbs-content":"","ast-featured-img":"","footer-sml-layout":"","theme-transparent-header-meta":"","adv-header-id-meta":"","stick-header-meta":"","header-above-stick-meta":"","header-main-stick-meta":"","header-below-stick-meta":""},"pwb-brand":[84],"product_cat":[29],"product_tag":[],"class_list":{"0":"post-9716","1":"product","2":"type-product","3":"status-publish","5":"pwb-brand-meyle","6":"product_cat-polttoainesuodatin","7":"desktop-align-left","8":"tablet-align-left","9":"mobile-align-left","11":"first","12":"instock","13":"product-type-external"},"brands":[{"id":84,"name":"MEYLE","slug":"meyle"}],"_links":{"self":[{"href":"https:\/\/www.autonvaraosahaku.fi\/index.php?rest_route=\/wp\/v2\/product\/9716","targetHints":{"allow":["GET"]}}],"collection":[{"href":"https:\/\/www.autonvaraosahaku.fi\/index.php?rest_route=\/wp\/v2\/product"}],"about":[{"href":"https:\/\/www.autonvaraosahaku.fi\/index.php?rest_route=\/wp\/v2\/types\/product"}],"wp:attachment":[{"href":"https:\/\/www.autonvaraosahaku.fi\/index.php?rest_route=%2Fwp%2Fv2%2Fmedia&parent=9716"}],"wp:term":[{"taxonomy":"pwb-brand","embeddable":true,"href":"https:\/\/www.autonvaraosahaku.fi\/index.php?rest_route=%2Fwp%2Fv2%2Fpwb-brand&post=9716"},{"taxonomy":"product_cat","embeddable":true,"href":"https:\/\/www.autonvaraosahaku.fi\/index.php?rest_route=%2Fwp%2Fv2%2Fproduct_cat&post=9716"},{"taxonomy":"product_tag","embeddable":true,"href":"https:\/\/www.autonvaraosahaku.fi\/index.php?rest_route=%2Fwp%2Fv2%2Fproduct_tag&post=9716"}],"curies":[{"name":"wp","href":"https:\/\/api.w.org\/{rel}","templated":true}]}}