{"id":97178,"date":"2021-02-21T22:11:59","date_gmt":"2021-02-21T22:11:59","guid":{"rendered":"https:\/\/www.autonvaraosahaku.fi\/?product=aks-dasis-150690n-jaahdytin"},"modified":"2021-02-21T22:12:02","modified_gmt":"2021-02-21T22:12:02","slug":"aks-dasis-150690n-jaahdytin","status":"publish","type":"product","link":"https:\/\/www.autonvaraosahaku.fi\/?product=aks-dasis-150690n-jaahdytin","title":{"rendered":"AKS DASIS 150690N J\u00e4\u00e4hdytin"},"content":{"rendered":"<p>Verkon pituus [mm]: 530; Verkon leveys [mm]: 230; Verkon syvyys [mm]: 34; Kennon mitat: 530x230x34; Pakkauspituus [cm]: 67,5; Pakkausleveys [cm]: 34; Pakkauskorkeus [mm]: 9,5; Paino [kg]: 2,04; Alustanumerosta: 4253975; OPEL: CORSA A CC 93_, 94_, 98_, 99_,CORSA A TR 91_, 92_, 96_, 97_,CORSA A Kasten; 1300016, 90298318; Syyl\u00e4ri,J\u00e4\u00e4hdytin,Moottorin J\u00e4\u00e4hdytys<\/p>\n","protected":false},"excerpt":{"rendered":"<p>AKS DASIS J\u00e4\u00e4hdytin 150690N Syyl\u00e4ri,J\u00e4\u00e4hdytin,Moottorin J\u00e4\u00e4hdytys OPEL,CORSA A CC 93_, 94_, 98_, 99_,CORSA A TR 91_, 92_, 96_, 97_,CORSA A Kasten<\/p>\n","protected":false},"featured_media":0,"template":"","meta":{"site-sidebar-layout":"default","site-content-layout":"default","ast-global-header-display":"","ast-main-header-display":"","ast-hfb-above-header-display":"","ast-hfb-below-header-display":"","ast-hfb-mobile-header-display":"","site-post-title":"","ast-breadcrumbs-content":"","ast-featured-img":"","footer-sml-layout":"","theme-transparent-header-meta":"","adv-header-id-meta":"","stick-header-meta":"","header-above-stick-meta":"","header-main-stick-meta":"","header-below-stick-meta":""},"pwb-brand":[461],"product_cat":[421],"product_tag":[],"class_list":{"0":"post-97178","1":"product","2":"type-product","3":"status-publish","5":"pwb-brand-aks-dasis","6":"product_cat-jaahdytin","7":"desktop-align-left","8":"tablet-align-left","9":"mobile-align-left","11":"first","12":"instock","13":"product-type-external"},"brands":[{"id":461,"name":"AKS DASIS","slug":"aks-dasis"}],"_links":{"self":[{"href":"https:\/\/www.autonvaraosahaku.fi\/index.php?rest_route=\/wp\/v2\/product\/97178","targetHints":{"allow":["GET"]}}],"collection":[{"href":"https:\/\/www.autonvaraosahaku.fi\/index.php?rest_route=\/wp\/v2\/product"}],"about":[{"href":"https:\/\/www.autonvaraosahaku.fi\/index.php?rest_route=\/wp\/v2\/types\/product"}],"wp:attachment":[{"href":"https:\/\/www.autonvaraosahaku.fi\/index.php?rest_route=%2Fwp%2Fv2%2Fmedia&parent=97178"}],"wp:term":[{"taxonomy":"pwb-brand","embeddable":true,"href":"https:\/\/www.autonvaraosahaku.fi\/index.php?rest_route=%2Fwp%2Fv2%2Fpwb-brand&post=97178"},{"taxonomy":"product_cat","embeddable":true,"href":"https:\/\/www.autonvaraosahaku.fi\/index.php?rest_route=%2Fwp%2Fv2%2Fproduct_cat&post=97178"},{"taxonomy":"product_tag","embeddable":true,"href":"https:\/\/www.autonvaraosahaku.fi\/index.php?rest_route=%2Fwp%2Fv2%2Fproduct_tag&post=97178"}],"curies":[{"name":"wp","href":"https:\/\/api.w.org\/{rel}","templated":true}]}}