{"id":97195,"date":"2021-02-21T22:12:07","date_gmt":"2021-02-21T22:12:07","guid":{"rendered":"https:\/\/www.autonvaraosahaku.fi\/?product=trw-df4963-jarrulevyt"},"modified":"2021-02-21T22:12:09","modified_gmt":"2021-02-21T22:12:09","slug":"trw-df4963-jarrulevyt","status":"publish","type":"product","link":"https:\/\/www.autonvaraosahaku.fi\/?product=trw-df4963-jarrulevyt","title":{"rendered":"TRW DF4963 Jarrulevyt"},"content":{"rendered":"<p>Pinta: Lakattu; Jarrulevytyyppi: Vakiomalli; Ulkol\u00e4pimitta [mm]: 302; Jarrulevyn paksuus (mm): 10; V\u00e4himm\u00e4ispaksuus (mm): 8,4; Reikien m\u00e4\u00e4r\u00e4: 5; Korkeus (mm): 58,6; keskitt\u00e4misl\u00e4pimitta [mm]: 80; Reik\u00e4ympyr\u00e4-\u00d8 [mm]: 114,3; Kierremitta: 12,6; Rumpul\u00e4pimitta: 190; V\u00e4ri: Musta; Asennuspuoli: Hinterachse; CITRO\u00cbN: C-CROSSER EP_,C-CROSSER ENTERPRISE; PEUGEOT: 4007 GP_; MITSUBISHI: OUTLANDER XL II CW_W,LANCER SPORTBACK CX_A; 1611500480, 424961, 424962, 4249F4, 4615A035, 4615A192, 1611500480, 424961, 4249F4; Jarrulevy<\/p>\n","protected":false},"excerpt":{"rendered":"<p>TRW Jarrulevyt DF4963 Jarrulevy CITRO\u00cbN,PEUGEOT,MITSUBISHI,C-CROSSER EP_,C-CROSSER ENTERPRISE,4007 GP_,OUTLANDER XL II CW_W,LANCER SPORTBACK CX_A<\/p>\n","protected":false},"featured_media":0,"template":"","meta":{"site-sidebar-layout":"default","site-content-layout":"default","ast-global-header-display":"","ast-main-header-display":"","ast-hfb-above-header-display":"","ast-hfb-below-header-display":"","ast-hfb-mobile-header-display":"","site-post-title":"","ast-breadcrumbs-content":"","ast-featured-img":"","footer-sml-layout":"","theme-transparent-header-meta":"","adv-header-id-meta":"","stick-header-meta":"","header-above-stick-meta":"","header-main-stick-meta":"","header-below-stick-meta":""},"pwb-brand":[332],"product_cat":[66],"product_tag":[],"class_list":{"0":"post-97195","1":"product","2":"type-product","3":"status-publish","5":"pwb-brand-trw","6":"product_cat-jarrulevyt","7":"desktop-align-left","8":"tablet-align-left","9":"mobile-align-left","11":"first","12":"instock","13":"product-type-external"},"brands":[{"id":332,"name":"TRW","slug":"trw"}],"_links":{"self":[{"href":"https:\/\/www.autonvaraosahaku.fi\/index.php?rest_route=\/wp\/v2\/product\/97195","targetHints":{"allow":["GET"]}}],"collection":[{"href":"https:\/\/www.autonvaraosahaku.fi\/index.php?rest_route=\/wp\/v2\/product"}],"about":[{"href":"https:\/\/www.autonvaraosahaku.fi\/index.php?rest_route=\/wp\/v2\/types\/product"}],"wp:attachment":[{"href":"https:\/\/www.autonvaraosahaku.fi\/index.php?rest_route=%2Fwp%2Fv2%2Fmedia&parent=97195"}],"wp:term":[{"taxonomy":"pwb-brand","embeddable":true,"href":"https:\/\/www.autonvaraosahaku.fi\/index.php?rest_route=%2Fwp%2Fv2%2Fpwb-brand&post=97195"},{"taxonomy":"product_cat","embeddable":true,"href":"https:\/\/www.autonvaraosahaku.fi\/index.php?rest_route=%2Fwp%2Fv2%2Fproduct_cat&post=97195"},{"taxonomy":"product_tag","embeddable":true,"href":"https:\/\/www.autonvaraosahaku.fi\/index.php?rest_route=%2Fwp%2Fv2%2Fproduct_tag&post=97195"}],"curies":[{"name":"wp","href":"https:\/\/api.w.org\/{rel}","templated":true}]}}