{"id":97196,"date":"2021-02-21T22:12:07","date_gmt":"2021-02-21T22:12:07","guid":{"rendered":"https:\/\/www.autonvaraosahaku.fi\/?product=vaico-v24-0020-oljynsuodatin"},"modified":"2021-02-21T22:12:09","modified_gmt":"2021-02-21T22:12:09","slug":"vaico-v24-0020-oljynsuodatin","status":"publish","type":"product","link":"https:\/\/www.autonvaraosahaku.fi\/?product=vaico-v24-0020-oljynsuodatin","title":{"rendered":"VAICO V24-0020 \u00d6ljynsuodatin"},"content":{"rendered":"<p>Korkeus (mm): 79; Kierremitta: 3\/4-16 UNF; L\u00e4pimitta [mm]: 78; Suodatintyyppi: Ruuvattava suodatin; Sis\u00e4l\u00e4pimitta 1 [mm]: 62; Avauspaine ohitusventtiili [bar]: 1,5; Ulkol\u00e4pimitta [mm]: 76; Sis\u00e4l\u00e4pimitta 2 [mm]: 71; Korvaava tuote\/korvaava tiedote 2: 2 peruutuksenestoventtiilill\u00e4; Paino [kg]: 0,3847; Pakkausleveys [cm]: 7,2; Pakkauskorkeus [mm]: 8,1; Pakkaussyvyys [cm]: 8,8; lis\u00e4tieto: CST99; Valmistusvuosi alkaen: 07\/1980; SEAT: 133,PANDA 141A; LANCIA: DELTA I 831AB0,KAPPA 838A,THEMA 834,DELTA II 836,KAPPA SW 838B,KAPPA Coupe 838,BETA Spider 828BS,BETA Coupe 828BC,DEDRA 835,BETA MONTE CARLO 137AS, 137BS,A 112,DEDRA SW 835,BETA  H.P.E. 828BF,THEMA SW 834,BETA 828_B_,PRISMA 831AB0,TREVI 828DB; FIAT: SEICENTO 187,CINQUECENTO 170,PANDA 141A_,COUPE FA\/175,UNO 146A\/E,127,SEICENTO Van 187,TIPO 160,CROMA 154,PANDA Van 141_,TEMPRA 159,RITMO I 138A,TEMPRA S.W. 159,FIORINO 147,REGATA 138,RITMO Cabriolet,127 Panorama,FIORINO 127,147,REGATA Weekend 138,147 Panorama; ALFA ROMEO: 164 164,145 930,146 930,33 907A,33 905,ALFASUD Sprint 902.A,ALFASUD 901,33 Sportwagon 907B,33 Sportwagon 905A,90 162,ALFASUD Giardinetta 904,ARNA 920; AUTOBIANCHI: A 112; 510313, 510889, 530388, 534372, 5889210, 60504284, 60504569, 60536129, 60744108, 71771365, 4434791, 4469396, 4469397, 4469398, 4469399, 4469400, 46805828, 5889210, 5939832, 60504284, 60536129, 60744108, 71736162, 71771365, 7724167, 5009087, 5011997, 5017811, 21010101200580, 7701415054, 0003936608, 0003963373, 3936608, 3963373, SE020030288A, SE028030288A, XE028030288A, SE020030288A, SE028030288A, 0003936608, 0003963373, SE020030288A, SE028030288A, XE028030288A<\/p>\n","protected":false},"excerpt":{"rendered":"<p>VAICO \u00d6ljynsuodatin V24-0020  SEAT,LANCIA,FIAT,133,PANDA 141A,DELTA I 831AB0,KAPPA 838A,THEMA 834,DELTA II 836,KAPPA SW 838B,KAPPA Coupe 838<\/p>\n","protected":false},"featured_media":0,"template":"","meta":{"site-sidebar-layout":"default","site-content-layout":"default","ast-global-header-display":"","ast-main-header-display":"","ast-hfb-above-header-display":"","ast-hfb-below-header-display":"","ast-hfb-mobile-header-display":"","site-post-title":"","ast-breadcrumbs-content":"","ast-featured-img":"","footer-sml-layout":"","theme-transparent-header-meta":"","adv-header-id-meta":"","stick-header-meta":"","header-above-stick-meta":"","header-main-stick-meta":"","header-below-stick-meta":""},"pwb-brand":[330],"product_cat":[30],"product_tag":[],"class_list":{"0":"post-97196","1":"product","2":"type-product","3":"status-publish","5":"pwb-brand-vaico","6":"product_cat-oljynsuodatin","7":"desktop-align-left","8":"tablet-align-left","9":"mobile-align-left","11":"first","12":"instock","13":"product-type-external"},"brands":[{"id":330,"name":"VAICO","slug":"vaico"}],"_links":{"self":[{"href":"https:\/\/www.autonvaraosahaku.fi\/index.php?rest_route=\/wp\/v2\/product\/97196","targetHints":{"allow":["GET"]}}],"collection":[{"href":"https:\/\/www.autonvaraosahaku.fi\/index.php?rest_route=\/wp\/v2\/product"}],"about":[{"href":"https:\/\/www.autonvaraosahaku.fi\/index.php?rest_route=\/wp\/v2\/types\/product"}],"wp:attachment":[{"href":"https:\/\/www.autonvaraosahaku.fi\/index.php?rest_route=%2Fwp%2Fv2%2Fmedia&parent=97196"}],"wp:term":[{"taxonomy":"pwb-brand","embeddable":true,"href":"https:\/\/www.autonvaraosahaku.fi\/index.php?rest_route=%2Fwp%2Fv2%2Fpwb-brand&post=97196"},{"taxonomy":"product_cat","embeddable":true,"href":"https:\/\/www.autonvaraosahaku.fi\/index.php?rest_route=%2Fwp%2Fv2%2Fproduct_cat&post=97196"},{"taxonomy":"product_tag","embeddable":true,"href":"https:\/\/www.autonvaraosahaku.fi\/index.php?rest_route=%2Fwp%2Fv2%2Fproduct_tag&post=97196"}],"curies":[{"name":"wp","href":"https:\/\/api.w.org\/{rel}","templated":true}]}}