{"id":97224,"date":"2021-02-21T22:12:15","date_gmt":"2021-02-21T22:12:15","guid":{"rendered":"https:\/\/www.autonvaraosahaku.fi\/?product=vaico-v20-18009-kardaanin-kuminivel"},"modified":"2021-02-21T22:12:21","modified_gmt":"2021-02-21T22:12:21","slug":"vaico-v20-18009-kardaanin-kuminivel","status":"publish","type":"product","link":"https:\/\/www.autonvaraosahaku.fi\/?product=vaico-v20-18009-kardaanin-kuminivel","title":{"rendered":"VAICO V20-18009 Kardaanin kuminivel"},"content":{"rendered":"<p>Korkeus (mm): 12; Nivelmalli: Kumi-\/Hardynivel; Reik\u00e4ympyr\u00e4-\u00d8 [mm]: 110; Lis\u00e4tarvike\/lis\u00e4tieto: Ilman asennusmateriaalia; Paino [kg]: 1,54; Pakkausleveys [cm]: 16,4; Pakkauskorkeus [mm]: 5; Pakkaussyvyys [cm]: 17,6; lis\u00e4tieto: CST96; Vaihteistomalli: Schalt-\/optional Automatikgetriebe; BMW: 3 Touring E91,3 E90,5 E60,1 E87,5 Touring E61,X3 E83,1 E81,3 Coupe E92,3 Cabriolet E93,7 E65, E66, E67,1 Cabriolet E88,1 Coupe E82,6 E63,6 Cabriolet E64; 26117542238, 7542238; R\u00e4ttinivel,Nivel, Pitkitt\u00e4isakseli<\/p>\n","protected":false},"excerpt":{"rendered":"<p>VAICO Kardaanin Kuminivel V20-18009 R\u00e4ttinivel,Nivel, Pitkitt\u00e4isakseli BMW,3 Touring E91,3 E90,5 E60,1 E87,5 Touring E61,X3 E83,1 E81,3 Coupe E92<\/p>\n","protected":false},"featured_media":0,"template":"","meta":{"site-sidebar-layout":"default","site-content-layout":"default","ast-global-header-display":"","ast-main-header-display":"","ast-hfb-above-header-display":"","ast-hfb-below-header-display":"","ast-hfb-mobile-header-display":"","site-post-title":"","ast-breadcrumbs-content":"","ast-featured-img":"","footer-sml-layout":"","theme-transparent-header-meta":"","adv-header-id-meta":"","stick-header-meta":"","header-above-stick-meta":"","header-main-stick-meta":"","header-below-stick-meta":""},"pwb-brand":[330],"product_cat":[56],"product_tag":[],"class_list":{"0":"post-97224","1":"product","2":"type-product","3":"status-publish","5":"pwb-brand-vaico","6":"product_cat-kardaanin-kuminivel","7":"desktop-align-left","8":"tablet-align-left","9":"mobile-align-left","11":"first","12":"instock","13":"product-type-external"},"brands":[{"id":330,"name":"VAICO","slug":"vaico"}],"_links":{"self":[{"href":"https:\/\/www.autonvaraosahaku.fi\/index.php?rest_route=\/wp\/v2\/product\/97224","targetHints":{"allow":["GET"]}}],"collection":[{"href":"https:\/\/www.autonvaraosahaku.fi\/index.php?rest_route=\/wp\/v2\/product"}],"about":[{"href":"https:\/\/www.autonvaraosahaku.fi\/index.php?rest_route=\/wp\/v2\/types\/product"}],"wp:attachment":[{"href":"https:\/\/www.autonvaraosahaku.fi\/index.php?rest_route=%2Fwp%2Fv2%2Fmedia&parent=97224"}],"wp:term":[{"taxonomy":"pwb-brand","embeddable":true,"href":"https:\/\/www.autonvaraosahaku.fi\/index.php?rest_route=%2Fwp%2Fv2%2Fpwb-brand&post=97224"},{"taxonomy":"product_cat","embeddable":true,"href":"https:\/\/www.autonvaraosahaku.fi\/index.php?rest_route=%2Fwp%2Fv2%2Fproduct_cat&post=97224"},{"taxonomy":"product_tag","embeddable":true,"href":"https:\/\/www.autonvaraosahaku.fi\/index.php?rest_route=%2Fwp%2Fv2%2Fproduct_tag&post=97224"}],"curies":[{"name":"wp","href":"https:\/\/api.w.org\/{rel}","templated":true}]}}